{"id":68014,"date":"1970-01-01T00:00:00","date_gmt":"2019-05-30T17:13:04","guid":{"rendered":"https:\/\/www.marset.com\/es\/product\/tam-tam-floor\/"},"modified":"2026-03-17T14:37:38","modified_gmt":"2026-03-17T13:37:38","slug":"tam-tam-floor","status":"publish","type":"product","link":"https:\/\/www.marset.com\/usa\/product\/tam-tam-floor\/","title":{"rendered":"Tam Tam &#8211; Floor"},"content":{"rendered":"","protected":false},"excerpt":{"rendered":"","protected":false},"featured_media":178264,"comment_status":"open","ping_status":"closed","template":"","meta":{"_acf_changed":false,"_relevanssi_hide_post":"","_relevanssi_hide_content":"","_relevanssi_pin_for_all":"","_relevanssi_pin_keywords":"","_relevanssi_unpin_keywords":"","_relevanssi_related_keywords":"","_relevanssi_related_include_ids":"","_relevanssi_related_exclude_ids":"","_relevanssi_related_no_append":"","_relevanssi_related_not_related":"","_relevanssi_related_posts":"","_relevanssi_noindex_reason":""},"product_brand":[],"product_cat":[433],"product_tag":[],"class_list":{"0":"post-68014","1":"product","2":"type-product","3":"status-publish","4":"has-post-thumbnail","6":"product_cat-floor","8":"first","9":"instock","10":"taxable","11":"shipping-taxable","12":"purchasable","13":"product-type-composite"},"composite_virtual":false,"composite_layout":"paged","composite_add_to_cart_form_location":"default","composite_editable_in_cart":false,"composite_sold_individually_context":"product","composite_shop_price_calc":"hidden","composite_components":[{"id":"1635883255","title":"Stem","description":"","query_type":"product_ids","query_ids":[68313,157831,68317],"default_option_id":68313,"thumbnail_id":"","thumbnail_src":"","quantity_min":1,"quantity_max":1,"priced_individually":true,"shipped_individually":false,"optional":false,"discount":"","options_style":"thumbnails","pagination_style":"load-more","display_prices":"absolute","show_sorting_options":false,"show_filtering_options":false,"attribute_filter_ids":[],"select_action":"view","product_title_visible":true,"product_descr_visible":true,"product_price_visible":true,"product_thumb_visible":true,"subtotal_visible_product":true,"subtotal_visible_cart":true,"subtotal_visible_orders":true},{"id":"1560164096","title":"Shade","description":"","query_type":"product_ids","query_ids":[68289,68293,68297,68305,68377,183584,183585],"default_option_id":"","thumbnail_id":"","thumbnail_src":"","quantity_min":1,"quantity_max":1,"priced_individually":true,"shipped_individually":false,"optional":false,"discount":"","options_style":"thumbnails","pagination_style":"load-more","display_prices":"absolute","show_sorting_options":false,"show_filtering_options":false,"attribute_filter_ids":[],"select_action":"view","product_title_visible":true,"product_descr_visible":true,"product_price_visible":true,"product_thumb_visible":true,"subtotal_visible_product":true,"subtotal_visible_cart":true,"subtotal_visible_orders":true},{"id":"1560164097","title":"Shade 2","description":"","query_type":"product_ids","query_ids":[68289,68293,68297,68305,68377,183584,183585],"default_option_id":"","thumbnail_id":"","thumbnail_src":"","quantity_min":1,"quantity_max":1,"priced_individually":true,"shipped_individually":false,"optional":false,"discount":"","options_style":"thumbnails","pagination_style":"load-more","display_prices":"absolute","show_sorting_options":false,"show_filtering_options":false,"attribute_filter_ids":[],"select_action":"view","product_title_visible":true,"product_descr_visible":true,"product_price_visible":true,"product_thumb_visible":true,"subtotal_visible_product":true,"subtotal_visible_cart":true,"subtotal_visible_orders":true},{"id":"1560164098","title":"Shade 3","description":"","query_type":"product_ids","query_ids":[68289,68293,68297,68305,68377,183584,183585],"default_option_id":"","thumbnail_id":"","thumbnail_src":"","quantity_min":1,"quantity_max":1,"priced_individually":true,"shipped_individually":false,"optional":false,"discount":"","options_style":"thumbnails","pagination_style":"load-more","display_prices":"absolute","show_sorting_options":false,"show_filtering_options":false,"attribute_filter_ids":[],"select_action":"view","product_title_visible":true,"product_descr_visible":true,"product_price_visible":true,"product_thumb_visible":true,"subtotal_visible_product":true,"subtotal_visible_cart":true,"subtotal_visible_orders":true}],"composite_scenarios":[{"id":"1635883319","name":"Tam Tam P","description":"","configuration":[{"component_id":"1635883255","options_modifier":"in","component_options":[68313]}],"actions":[{"action_id":"compat_group","is_active":true},{"action_id":"conditional_components","is_active":true,"hidden_components":["1560164097","1560164098"]}],"enabled":true},{"id":"1661865441","name":"Tam Tam P2","description":"","configuration":[{"component_id":"1635883255","options_modifier":"in","component_options":[157831]}],"actions":[{"action_id":"compat_group","is_active":true},{"action_id":"conditional_components","is_active":true,"hidden_components":["1560164098"]}],"enabled":true},{"id":"1635883320","name":"Tam Tam P3","description":"","configuration":[{"component_id":"1635883255","options_modifier":"in","component_options":[68317]}],"actions":[{"action_id":"compat_group","is_active":true},{"action_id":"conditional_components","is_active":false,"hidden_components":[]}],"enabled":true}],"acf":[],"yoast_head":"<!-- This site is optimized with the Yoast SEO plugin v27.5 - https:\/\/yoast.com\/product\/yoast-seo-wordpress\/ -->\n<title>Buy Tam Tam - Floor at Marset USA<\/title>\n<meta name=\"description\" content=\"Free Shipping. Buy Tam Tam - Floor, accessory for Marset&#039;s Fixtures.\" \/>\n<meta name=\"robots\" content=\"index, follow, max-snippet:-1, max-image-preview:large, max-video-preview:-1\" \/>\n<link rel=\"canonical\" href=\"https:\/\/www.marset.com\/usa\/product\/tam-tam-floor\/\" \/>\n<meta property=\"og:locale\" content=\"en_US\" \/>\n<meta property=\"og:type\" content=\"article\" \/>\n<meta property=\"og:title\" content=\"Buy Tam Tam - Floor at Marset\" \/>\n<meta property=\"og:description\" content=\"Free Shipping. Buy Tam Tam - Floor, accessory for Marset&#039;s Fixtures.\" \/>\n<meta property=\"og:url\" content=\"https:\/\/www.marset.com\/usa\/product\/tam-tam-floor\/\" \/>\n<meta property=\"og:site_name\" content=\"Marset\" \/>\n<meta property=\"article:modified_time\" content=\"2026-03-17T13:37:38+00:00\" \/>\n<meta property=\"og:image\" content=\"https:\/\/www.marset.com\/wp-content\/uploads\/lamparas\/pie\/tam-tam-pie\/marset-lr-tam-tam-p3-olive.jpg\" \/>\n\t<meta property=\"og:image:width\" content=\"2500\" \/>\n\t<meta property=\"og:image:height\" content=\"2500\" \/>\n\t<meta property=\"og:image:type\" content=\"image\/jpeg\" \/>\n<!-- \/ Yoast SEO plugin. -->","yoast_head_json":{"title":"Buy Tam Tam - Floor at Marset USA","description":"Free Shipping. Buy Tam Tam - Floor, accessory for Marset's Fixtures.","robots":{"index":"index","follow":"follow","max-snippet":"max-snippet:-1","max-image-preview":"max-image-preview:large","max-video-preview":"max-video-preview:-1"},"canonical":"https:\/\/www.marset.com\/usa\/product\/tam-tam-floor\/","og_locale":"en_US","og_type":"article","og_title":"Buy Tam Tam - Floor at Marset","og_description":"Free Shipping. Buy Tam Tam - Floor, accessory for Marset's Fixtures.","og_url":"https:\/\/www.marset.com\/usa\/product\/tam-tam-floor\/","og_site_name":"Marset","article_modified_time":"2026-03-17T13:37:38+00:00","og_image":[{"width":2500,"height":2500,"url":"https:\/\/www.marset.com\/wp-content\/uploads\/lamparas\/pie\/tam-tam-pie\/marset-lr-tam-tam-p3-olive.jpg","type":"image\/jpeg"}],"schema":{"@context":"https:\/\/schema.org","@graph":[{"@type":"WebPage","@id":"https:\/\/www.marset.com\/usa\/product\/tam-tam-floor\/","url":"https:\/\/www.marset.com\/usa\/product\/tam-tam-floor\/","name":"Buy Tam Tam - Floor at Marset","isPartOf":{"@id":"https:\/\/www.marset.com\/usa\/#website"},"primaryImageOfPage":{"@id":"https:\/\/www.marset.com\/usa\/product\/tam-tam-floor\/#primaryimage"},"image":{"@id":"https:\/\/www.marset.com\/usa\/product\/tam-tam-floor\/#primaryimage"},"thumbnailUrl":"https:\/\/www.marset.com\/wp-content\/uploads\/lamparas\/pie\/tam-tam-pie\/marset-lr-tam-tam-p3-olive.jpg","datePublished":"2019-05-30T17:13:04+00:00","dateModified":"2026-03-17T13:37:38+00:00","description":"Free Shipping. Buy Tam Tam - Floor, accessory for Marset's Fixtures.","breadcrumb":{"@id":"https:\/\/www.marset.com\/usa\/product\/tam-tam-floor\/#breadcrumb"},"inLanguage":"en-US","potentialAction":[{"@type":"ReadAction","target":["https:\/\/www.marset.com\/usa\/product\/tam-tam-floor\/"]}]},{"@type":"ImageObject","inLanguage":"en-US","@id":"https:\/\/www.marset.com\/usa\/product\/tam-tam-floor\/#primaryimage","url":"https:\/\/www.marset.com\/wp-content\/uploads\/lamparas\/pie\/tam-tam-pie\/marset-lr-tam-tam-p3-olive.jpg","contentUrl":"https:\/\/www.marset.com\/wp-content\/uploads\/lamparas\/pie\/tam-tam-pie\/marset-lr-tam-tam-p3-olive.jpg","width":2500,"height":2500},{"@type":"BreadcrumbList","@id":"https:\/\/www.marset.com\/usa\/product\/tam-tam-floor\/#breadcrumb","itemListElement":[{"@type":"ListItem","position":1,"name":"Portada","item":"https:\/\/www.marset.com\/usa\/"},{"@type":"ListItem","position":2,"name":"Shop","item":"https:\/\/www.marset.com\/usa\/shop\/"},{"@type":"ListItem","position":3,"name":"Tam Tam &#8211; Floor"}]},{"@type":"WebSite","@id":"https:\/\/www.marset.com\/usa\/#website","url":"https:\/\/www.marset.com\/usa\/","name":"Marset","description":"L\u00e1mparas e Iluminaci\u00f3n de Dise\u00f1o","potentialAction":[{"@type":"SearchAction","target":{"@type":"EntryPoint","urlTemplate":"https:\/\/www.marset.com\/usa\/?s={search_term_string}"},"query-input":{"@type":"PropertyValueSpecification","valueRequired":true,"valueName":"search_term_string"}}],"inLanguage":"en-US"}]}},"_links":{"self":[{"href":"https:\/\/www.marset.com\/usa\/wp-json\/wp\/v2\/product\/68014","targetHints":{"allow":["GET"]}}],"collection":[{"href":"https:\/\/www.marset.com\/usa\/wp-json\/wp\/v2\/product"}],"about":[{"href":"https:\/\/www.marset.com\/usa\/wp-json\/wp\/v2\/types\/product"}],"replies":[{"embeddable":true,"href":"https:\/\/www.marset.com\/usa\/wp-json\/wp\/v2\/comments?post=68014"}],"wp:featuredmedia":[{"embeddable":true,"href":"https:\/\/www.marset.com\/usa\/wp-json\/wp\/v2\/media\/178264"}],"wp:attachment":[{"href":"https:\/\/www.marset.com\/usa\/wp-json\/wp\/v2\/media?parent=68014"}],"wp:term":[{"taxonomy":"product_brand","embeddable":true,"href":"https:\/\/www.marset.com\/usa\/wp-json\/wp\/v2\/product_brand?post=68014"},{"taxonomy":"product_cat","embeddable":true,"href":"https:\/\/www.marset.com\/usa\/wp-json\/wp\/v2\/product_cat?post=68014"},{"taxonomy":"product_tag","embeddable":true,"href":"https:\/\/www.marset.com\/usa\/wp-json\/wp\/v2\/product_tag?post=68014"}],"curies":[{"name":"wp","href":"https:\/\/api.w.org\/{rel}","templated":true}]}}