{"id":67794,"date":"1970-01-01T00:00:00","date_gmt":"2019-05-30T17:10:38","guid":{"rendered":"https:\/\/www.marset.com\/es\/product\/dipping-light-table\/"},"modified":"2026-03-17T14:31:58","modified_gmt":"2026-03-17T13:31:58","slug":"dipping-light-table","status":"publish","type":"product","link":"https:\/\/www.marset.com\/usa\/product\/dipping-light-table\/","title":{"rendered":"Dipping Light &#8211; Table"},"content":{"rendered":"","protected":false},"excerpt":{"rendered":"","protected":false},"featured_media":67795,"comment_status":"open","ping_status":"closed","template":"","meta":{"_acf_changed":false,"_relevanssi_hide_post":"","_relevanssi_hide_content":"","_relevanssi_pin_for_all":"","_relevanssi_pin_keywords":"","_relevanssi_unpin_keywords":"","_relevanssi_related_keywords":"","_relevanssi_related_include_ids":"","_relevanssi_related_exclude_ids":"","_relevanssi_related_no_append":"","_relevanssi_related_not_related":"","_relevanssi_related_posts":"","_relevanssi_noindex_reason":""},"product_brand":[],"product_cat":[1432,415],"product_tag":[],"class_list":{"0":"post-67794","1":"product","2":"type-product","3":"status-publish","4":"has-post-thumbnail","6":"product_cat-simple","7":"product_cat-table","8":"pa_light-led-smd-700ma-2-2w-2700k-cri80-243lm","9":"pa_light-led-smd-700ma-8-6w-2700k-cri90-765lm","11":"first","12":"instock","13":"taxable","14":"shipping-taxable","15":"purchasable","16":"product-type-variable"},"composite_layout":"","composite_add_to_cart_form_location":"","composite_editable_in_cart":false,"composite_sold_individually_context":"","composite_shop_price_calc":"","composite_components":[],"composite_scenarios":[],"acf":[],"yoast_head":"<!-- This site is optimized with the Yoast SEO plugin v27.2 - https:\/\/yoast.com\/product\/yoast-seo-wordpress\/ -->\n<title>Buy Dipping Light - Table at Marset USA<\/title>\n<meta name=\"description\" content=\"Free Shipping. Buy Dipping Light - Table, accessory for Marset&#039;s Fixtures.\" \/>\n<meta name=\"robots\" content=\"index, follow, max-snippet:-1, max-image-preview:large, max-video-preview:-1\" \/>\n<link rel=\"canonical\" href=\"https:\/\/www.marset.com\/usa\/product\/dipping-light-table\/\" \/>\n<meta property=\"og:locale\" content=\"en_US\" \/>\n<meta property=\"og:type\" content=\"article\" \/>\n<meta property=\"og:title\" content=\"Buy Dipping Light - Table at Marset\" \/>\n<meta property=\"og:description\" content=\"Free Shipping. Buy Dipping Light - Table, accessory for Marset&#039;s Fixtures.\" \/>\n<meta property=\"og:url\" content=\"https:\/\/www.marset.com\/usa\/product\/dipping-light-table\/\" \/>\n<meta property=\"og:site_name\" content=\"Marset\" \/>\n<meta property=\"article:modified_time\" content=\"2026-03-17T13:31:58+00:00\" \/>\n<meta property=\"og:image\" content=\"https:\/\/www.marset.com\/wp-content\/uploads\/marset_hr_dipping-light-m_white.jpg\" \/>\n\t<meta property=\"og:image:width\" content=\"1200\" \/>\n\t<meta property=\"og:image:height\" content=\"1200\" \/>\n\t<meta property=\"og:image:type\" content=\"image\/jpeg\" \/>\n<!-- \/ Yoast SEO plugin. -->","yoast_head_json":{"title":"Buy Dipping Light - Table at Marset USA","description":"Free Shipping. Buy Dipping Light - Table, accessory for Marset's Fixtures.","robots":{"index":"index","follow":"follow","max-snippet":"max-snippet:-1","max-image-preview":"max-image-preview:large","max-video-preview":"max-video-preview:-1"},"canonical":"https:\/\/www.marset.com\/usa\/product\/dipping-light-table\/","og_locale":"en_US","og_type":"article","og_title":"Buy Dipping Light - Table at Marset","og_description":"Free Shipping. Buy Dipping Light - Table, accessory for Marset's Fixtures.","og_url":"https:\/\/www.marset.com\/usa\/product\/dipping-light-table\/","og_site_name":"Marset","article_modified_time":"2026-03-17T13:31:58+00:00","og_image":[{"width":1200,"height":1200,"url":"https:\/\/www.marset.com\/wp-content\/uploads\/marset_hr_dipping-light-m_white.jpg","type":"image\/jpeg"}],"schema":{"@context":"https:\/\/schema.org","@graph":[{"@type":"WebPage","@id":"https:\/\/www.marset.com\/usa\/product\/dipping-light-table\/","url":"https:\/\/www.marset.com\/usa\/product\/dipping-light-table\/","name":"Buy Dipping Light - Table at Marset","isPartOf":{"@id":"https:\/\/www.marset.com\/usa\/#website"},"primaryImageOfPage":{"@id":"https:\/\/www.marset.com\/usa\/product\/dipping-light-table\/#primaryimage"},"image":{"@id":"https:\/\/www.marset.com\/usa\/product\/dipping-light-table\/#primaryimage"},"thumbnailUrl":"https:\/\/www.marset.com\/wp-content\/uploads\/marset_hr_dipping-light-m_white.jpg","datePublished":"2019-05-30T17:10:38+00:00","dateModified":"2026-03-17T13:31:58+00:00","description":"Free Shipping. Buy Dipping Light - Table, accessory for Marset's Fixtures.","breadcrumb":{"@id":"https:\/\/www.marset.com\/usa\/product\/dipping-light-table\/#breadcrumb"},"inLanguage":"en-US","potentialAction":[{"@type":"ReadAction","target":["https:\/\/www.marset.com\/usa\/product\/dipping-light-table\/"]}]},{"@type":"ImageObject","inLanguage":"en-US","@id":"https:\/\/www.marset.com\/usa\/product\/dipping-light-table\/#primaryimage","url":"https:\/\/www.marset.com\/wp-content\/uploads\/marset_hr_dipping-light-m_white.jpg","contentUrl":"https:\/\/www.marset.com\/wp-content\/uploads\/marset_hr_dipping-light-m_white.jpg","width":1200,"height":1200,"caption":"Dipping Light - Table"},{"@type":"BreadcrumbList","@id":"https:\/\/www.marset.com\/usa\/product\/dipping-light-table\/#breadcrumb","itemListElement":[{"@type":"ListItem","position":1,"name":"Portada","item":"https:\/\/www.marset.com\/usa\/"},{"@type":"ListItem","position":2,"name":"Shop","item":"https:\/\/www.marset.com\/usa\/shop\/"},{"@type":"ListItem","position":3,"name":"Dipping Light &#8211; Table"}]},{"@type":"WebSite","@id":"https:\/\/www.marset.com\/usa\/#website","url":"https:\/\/www.marset.com\/usa\/","name":"Marset","description":"L\u00e1mparas e Iluminaci\u00f3n de Dise\u00f1o","potentialAction":[{"@type":"SearchAction","target":{"@type":"EntryPoint","urlTemplate":"https:\/\/www.marset.com\/usa\/?s={search_term_string}"},"query-input":{"@type":"PropertyValueSpecification","valueRequired":true,"valueName":"search_term_string"}}],"inLanguage":"en-US"}]}},"_links":{"self":[{"href":"https:\/\/www.marset.com\/usa\/wp-json\/wp\/v2\/product\/67794","targetHints":{"allow":["GET"]}}],"collection":[{"href":"https:\/\/www.marset.com\/usa\/wp-json\/wp\/v2\/product"}],"about":[{"href":"https:\/\/www.marset.com\/usa\/wp-json\/wp\/v2\/types\/product"}],"replies":[{"embeddable":true,"href":"https:\/\/www.marset.com\/usa\/wp-json\/wp\/v2\/comments?post=67794"}],"wp:featuredmedia":[{"embeddable":true,"href":"https:\/\/www.marset.com\/usa\/wp-json\/wp\/v2\/media\/67795"}],"wp:attachment":[{"href":"https:\/\/www.marset.com\/usa\/wp-json\/wp\/v2\/media?parent=67794"}],"wp:term":[{"taxonomy":"product_brand","embeddable":true,"href":"https:\/\/www.marset.com\/usa\/wp-json\/wp\/v2\/product_brand?post=67794"},{"taxonomy":"product_cat","embeddable":true,"href":"https:\/\/www.marset.com\/usa\/wp-json\/wp\/v2\/product_cat?post=67794"},{"taxonomy":"product_tag","embeddable":true,"href":"https:\/\/www.marset.com\/usa\/wp-json\/wp\/v2\/product_tag?post=67794"}],"curies":[{"name":"wp","href":"https:\/\/api.w.org\/{rel}","templated":true}]}}