{"id":159772,"date":"2014-10-10T12:59:35","date_gmt":"2014-10-10T10:59:35","guid":{"rendered":"https:\/\/www.marset.com\/login\/"},"modified":"2024-06-11T20:15:59","modified_gmt":"2024-06-11T18:15:59","slug":"downloads","status":"publish","type":"page","link":"https:\/\/www.marset.com\/usa\/downloads\/","title":{"rendered":"Downloads"},"content":{"rendered":"<p>[user-meta-login]<\/p>\n","protected":false},"excerpt":{"rendered":"<p>[user-meta-login]<\/p>\n","protected":false},"author":10634,"featured_media":0,"parent":0,"menu_order":0,"comment_status":"closed","ping_status":"closed","template":"login-template.php","meta":{"_acf_changed":false,"_relevanssi_hide_post":"","_relevanssi_hide_content":"","_relevanssi_pin_for_all":"","_relevanssi_pin_keywords":"","_relevanssi_unpin_keywords":"","_relevanssi_related_keywords":"","_relevanssi_related_include_ids":"","_relevanssi_related_exclude_ids":"","_relevanssi_related_no_append":"","_relevanssi_related_not_related":"","_relevanssi_related_posts":"","_relevanssi_noindex_reason":"","footnotes":""},"class_list":["post-159772","page","type-page","status-publish","hentry"],"acf":[],"yoast_head":"<!-- This site is optimized with the Yoast SEO plugin v27.4 - https:\/\/yoast.com\/product\/yoast-seo-wordpress\/ -->\n<title>Downloads - Marset USA<\/title>\n<meta name=\"robots\" content=\"noindex, follow\" \/>\n<meta property=\"og:locale\" content=\"en_US\" \/>\n<meta property=\"og:type\" content=\"article\" \/>\n<meta property=\"og:title\" content=\"Downloads - Marset\" \/>\n<meta property=\"og:description\" content=\"[user-meta-login]\" \/>\n<meta property=\"og:url\" content=\"https:\/\/www.marset.com\/usa\/downloads\/\" \/>\n<meta property=\"og:site_name\" content=\"Marset\" \/>\n<meta property=\"article:modified_time\" content=\"2024-06-11T18:15:59+00:00\" \/>\n<!-- \/ Yoast SEO plugin. -->","yoast_head_json":{"title":"Downloads - Marset USA","robots":{"index":"noindex","follow":"follow"},"og_locale":"en_US","og_type":"article","og_title":"Downloads - Marset","og_description":"[user-meta-login]","og_url":"https:\/\/www.marset.com\/usa\/downloads\/","og_site_name":"Marset","article_modified_time":"2024-06-11T18:15:59+00:00","schema":{"@context":"https:\/\/schema.org","@graph":[{"@type":"WebPage","@id":"https:\/\/www.marset.com\/usa\/downloads\/","url":"https:\/\/www.marset.com\/usa\/downloads\/","name":"Downloads - Marset","isPartOf":{"@id":"https:\/\/www.marset.com\/usa\/#website"},"datePublished":"2014-10-10T10:59:35+00:00","dateModified":"2024-06-11T18:15:59+00:00","breadcrumb":{"@id":"https:\/\/www.marset.com\/usa\/downloads\/#breadcrumb"},"inLanguage":"en-US","potentialAction":[{"@type":"ReadAction","target":["https:\/\/www.marset.com\/usa\/downloads\/"]}]},{"@type":"BreadcrumbList","@id":"https:\/\/www.marset.com\/usa\/downloads\/#breadcrumb","itemListElement":[{"@type":"ListItem","position":1,"name":"Portada","item":"https:\/\/www.marset.com\/usa\/"},{"@type":"ListItem","position":2,"name":"Downloads"}]},{"@type":"WebSite","@id":"https:\/\/www.marset.com\/usa\/#website","url":"https:\/\/www.marset.com\/usa\/","name":"Marset","description":"L\u00e1mparas e Iluminaci\u00f3n de Dise\u00f1o","potentialAction":[{"@type":"SearchAction","target":{"@type":"EntryPoint","urlTemplate":"https:\/\/www.marset.com\/usa\/?s={search_term_string}"},"query-input":{"@type":"PropertyValueSpecification","valueRequired":true,"valueName":"search_term_string"}}],"inLanguage":"en-US"}]}},"_links":{"self":[{"href":"https:\/\/www.marset.com\/usa\/wp-json\/wp\/v2\/pages\/159772","targetHints":{"allow":["GET"]}}],"collection":[{"href":"https:\/\/www.marset.com\/usa\/wp-json\/wp\/v2\/pages"}],"about":[{"href":"https:\/\/www.marset.com\/usa\/wp-json\/wp\/v2\/types\/page"}],"author":[{"embeddable":true,"href":"https:\/\/www.marset.com\/usa\/wp-json\/wp\/v2\/users\/10634"}],"replies":[{"embeddable":true,"href":"https:\/\/www.marset.com\/usa\/wp-json\/wp\/v2\/comments?post=159772"}],"version-history":[{"count":0,"href":"https:\/\/www.marset.com\/usa\/wp-json\/wp\/v2\/pages\/159772\/revisions"}],"wp:attachment":[{"href":"https:\/\/www.marset.com\/usa\/wp-json\/wp\/v2\/media?parent=159772"}],"curies":[{"name":"wp","href":"https:\/\/api.w.org\/{rel}","templated":true}]}}