{"id":139167,"date":"2022-03-17T11:50:41","date_gmt":"2022-03-17T10:50:41","guid":{"rendered":"https:\/\/www.marset.com\/confirmation-formulario-suscripcion-es\/"},"modified":"2022-03-21T18:29:38","modified_gmt":"2022-03-21T17:29:38","slug":"subscribe","status":"publish","type":"page","link":"https:\/\/www.marset.com\/usa\/subscribe\/","title":{"rendered":"Confirmation &#8211; Formulario Suscripci\u00f3n USA"},"content":{"rendered":"","protected":false},"excerpt":{"rendered":"","protected":false},"author":10634,"featured_media":139161,"parent":0,"menu_order":0,"comment_status":"closed","ping_status":"closed","template":"templates\/subscribe.php","meta":{"_acf_changed":false,"_relevanssi_hide_post":"","_relevanssi_hide_content":"","_relevanssi_pin_for_all":"","_relevanssi_pin_keywords":"","_relevanssi_unpin_keywords":"","_relevanssi_related_keywords":"","_relevanssi_related_include_ids":"","_relevanssi_related_exclude_ids":"","_relevanssi_related_no_append":"","_relevanssi_related_not_related":"","_relevanssi_related_posts":"","_relevanssi_noindex_reason":"","footnotes":""},"class_list":["post-139167","page","type-page","status-publish","has-post-thumbnail","hentry"],"acf":[],"yoast_head":"<!-- This site is optimized with the Yoast SEO plugin v27.2 - https:\/\/yoast.com\/product\/yoast-seo-wordpress\/ -->\n<title>Confirmation - Formulario Suscripci\u00f3n USA - Marset USA<\/title>\n<meta name=\"robots\" content=\"noindex, follow\" \/>\n<meta property=\"og:locale\" content=\"en_US\" \/>\n<meta property=\"og:type\" content=\"article\" \/>\n<meta property=\"og:title\" content=\"Confirmation - Formulario Suscripci\u00f3n USA - Marset\" \/>\n<meta property=\"og:url\" content=\"https:\/\/www.marset.com\/usa\/subscribe\/\" \/>\n<meta property=\"og:site_name\" content=\"Marset\" \/>\n<meta property=\"article:modified_time\" content=\"2022-03-21T17:29:38+00:00\" \/>\n<meta property=\"og:image\" content=\"https:\/\/www.marset.com\/wp-content\/uploads\/page\/confirmation-formulario-suscripcion-es\/subscribe-to-marset-newsletter-1-scaled.jpg\" \/>\n\t<meta property=\"og:image:width\" content=\"2560\" \/>\n\t<meta property=\"og:image:height\" content=\"1820\" \/>\n\t<meta property=\"og:image:type\" content=\"image\/jpeg\" \/>\n<!-- \/ Yoast SEO plugin. -->","yoast_head_json":{"title":"Confirmation - Formulario Suscripci\u00f3n USA - Marset USA","robots":{"index":"noindex","follow":"follow"},"og_locale":"en_US","og_type":"article","og_title":"Confirmation - Formulario Suscripci\u00f3n USA - Marset","og_url":"https:\/\/www.marset.com\/usa\/subscribe\/","og_site_name":"Marset","article_modified_time":"2022-03-21T17:29:38+00:00","og_image":[{"width":2560,"height":1820,"url":"https:\/\/www.marset.com\/wp-content\/uploads\/page\/confirmation-formulario-suscripcion-es\/subscribe-to-marset-newsletter-1-scaled.jpg","type":"image\/jpeg"}],"schema":{"@context":"https:\/\/schema.org","@graph":[{"@type":"WebPage","@id":"https:\/\/www.marset.com\/usa\/subscribe\/","url":"https:\/\/www.marset.com\/usa\/subscribe\/","name":"Confirmation - Formulario Suscripci\u00f3n USA - Marset","isPartOf":{"@id":"https:\/\/www.marset.com\/usa\/#website"},"primaryImageOfPage":{"@id":"https:\/\/www.marset.com\/usa\/subscribe\/#primaryimage"},"image":{"@id":"https:\/\/www.marset.com\/usa\/subscribe\/#primaryimage"},"thumbnailUrl":"https:\/\/www.marset.com\/wp-content\/uploads\/page\/confirmation-formulario-suscripcion-es\/subscribe-to-marset-newsletter-1-scaled.jpg","datePublished":"2022-03-17T10:50:41+00:00","dateModified":"2022-03-21T17:29:38+00:00","breadcrumb":{"@id":"https:\/\/www.marset.com\/usa\/subscribe\/#breadcrumb"},"inLanguage":"en-US","potentialAction":[{"@type":"ReadAction","target":["https:\/\/www.marset.com\/usa\/subscribe\/"]}]},{"@type":"ImageObject","inLanguage":"en-US","@id":"https:\/\/www.marset.com\/usa\/subscribe\/#primaryimage","url":"https:\/\/www.marset.com\/wp-content\/uploads\/page\/confirmation-formulario-suscripcion-es\/subscribe-to-marset-newsletter-1-scaled.jpg","contentUrl":"https:\/\/www.marset.com\/wp-content\/uploads\/page\/confirmation-formulario-suscripcion-es\/subscribe-to-marset-newsletter-1-scaled.jpg","width":2560,"height":1820},{"@type":"BreadcrumbList","@id":"https:\/\/www.marset.com\/usa\/subscribe\/#breadcrumb","itemListElement":[{"@type":"ListItem","position":1,"name":"Portada","item":"https:\/\/www.marset.com\/usa\/"},{"@type":"ListItem","position":2,"name":"Confirmation &#8211; Formulario Suscripci\u00f3n USA"}]},{"@type":"WebSite","@id":"https:\/\/www.marset.com\/usa\/#website","url":"https:\/\/www.marset.com\/usa\/","name":"Marset","description":"L\u00e1mparas e Iluminaci\u00f3n de Dise\u00f1o","potentialAction":[{"@type":"SearchAction","target":{"@type":"EntryPoint","urlTemplate":"https:\/\/www.marset.com\/usa\/?s={search_term_string}"},"query-input":{"@type":"PropertyValueSpecification","valueRequired":true,"valueName":"search_term_string"}}],"inLanguage":"en-US"}]}},"_links":{"self":[{"href":"https:\/\/www.marset.com\/usa\/wp-json\/wp\/v2\/pages\/139167","targetHints":{"allow":["GET"]}}],"collection":[{"href":"https:\/\/www.marset.com\/usa\/wp-json\/wp\/v2\/pages"}],"about":[{"href":"https:\/\/www.marset.com\/usa\/wp-json\/wp\/v2\/types\/page"}],"author":[{"embeddable":true,"href":"https:\/\/www.marset.com\/usa\/wp-json\/wp\/v2\/users\/10634"}],"replies":[{"embeddable":true,"href":"https:\/\/www.marset.com\/usa\/wp-json\/wp\/v2\/comments?post=139167"}],"version-history":[{"count":0,"href":"https:\/\/www.marset.com\/usa\/wp-json\/wp\/v2\/pages\/139167\/revisions"}],"wp:featuredmedia":[{"embeddable":true,"href":"https:\/\/www.marset.com\/usa\/wp-json\/wp\/v2\/media\/139161"}],"wp:attachment":[{"href":"https:\/\/www.marset.com\/usa\/wp-json\/wp\/v2\/media?parent=139167"}],"curies":[{"name":"wp","href":"https:\/\/api.w.org\/{rel}","templated":true}]}}