{"id":59938,"date":"2019-01-29T18:10:00","date_gmt":"2019-01-29T17:10:00","guid":{"rendered":"https:\/\/www.marset.com\/?page_id=59938"},"modified":"2019-02-07T14:21:20","modified_gmt":"2019-02-07T13:21:20","slug":"formar-parte-de-marset","status":"publish","type":"page","link":"https:\/\/www.marset.com\/es\/nosotros\/trabaja-con-nosotros\/formar-parte-de-marset\/","title":{"rendered":"Formulario"},"content":{"rendered":"\n<div class=\"wpcf7 no-js\" id=\"wpcf7-f59937-o1\" lang=\"es-ES\" dir=\"ltr\" data-wpcf7-id=\"59937\">\n<div class=\"screen-reader-response\"><p role=\"status\" aria-live=\"polite\" aria-atomic=\"true\"><\/p> <ul><\/ul><\/div>\n<form action=\"\/es\/wp-json\/wp\/v2\/pages\/59938#wpcf7-f59937-o1\" method=\"post\" class=\"wpcf7-form init 8bc44e126058 cmatic-disconn cmatic-aud-9 cmatic-mapd0-0 cmatic-v0978 cmatic-sent-0 cmatic-total-0\" aria-label=\"Formulario de contacto\" enctype=\"multipart\/form-data\" novalidate=\"novalidate\" data-status=\"init\">\n<fieldset class=\"hidden-fields-container\"><input type=\"hidden\" name=\"_wpcf7\" value=\"59937\" \/><input type=\"hidden\" name=\"_wpcf7_version\" value=\"6.1.5\" \/><input type=\"hidden\" name=\"_wpcf7_locale\" value=\"es_ES\" \/><input type=\"hidden\" name=\"_wpcf7_unit_tag\" value=\"wpcf7-f59937-o1\" \/><input type=\"hidden\" name=\"_wpcf7_container_post\" value=\"0\" \/><input type=\"hidden\" name=\"_wpcf7_posted_data_hash\" value=\"\" \/><input type=\"hidden\" name=\"_wpcf7cf_hidden_group_fields\" value=\"[]\" \/><input type=\"hidden\" name=\"_wpcf7cf_hidden_groups\" value=\"[]\" \/><input type=\"hidden\" name=\"_wpcf7cf_visible_groups\" value=\"[]\" \/><input type=\"hidden\" name=\"_wpcf7cf_repeaters\" value=\"[]\" \/><input type=\"hidden\" name=\"_wpcf7cf_steps\" value=\"{}\" \/><input type=\"hidden\" name=\"_wpcf7cf_options\" value=\"{&quot;form_id&quot;:59937,&quot;conditions&quot;:[],&quot;settings&quot;:{&quot;animation&quot;:&quot;yes&quot;,&quot;animation_intime&quot;:200,&quot;animation_outtime&quot;:200,&quot;conditions_ui&quot;:&quot;normal&quot;,&quot;notice_dismissed&quot;:false,&quot;notice_dismissed_update-cf7-5.6&quot;:true,&quot;notice_dismissed_update-cf7-5.6.3&quot;:true,&quot;notice_dismissed_rollback-cf7-5.8&quot;:true,&quot;notice_dismissed_rollback-cf7-5.8.6&quot;:true,&quot;notice_dismissed_update-cf7-5.9.2&quot;:true,&quot;notice_dismissed_update-cf7-5.9.3&quot;:true,&quot;notice_dismissed_update-cf7-5.9.4&quot;:true,&quot;notice_dismissed_update-cf7-5.9.5&quot;:true,&quot;notice_dismissed_update-cf7-5.9.6&quot;:true,&quot;notice_dismissed_update-cf7-5.9.8&quot;:true,&quot;notice_dismissed_update-cf7-6.0&quot;:true,&quot;notice_dismissed_update-cf7-6.0.3&quot;:true,&quot;notice_dismissed_update-cf7-6.0.4&quot;:true,&quot;notice_dismissed_update-cf7-6.0.5&quot;:true,&quot;notice_dismissed_update-cf7-6.0.6&quot;:true,&quot;notice_dismissed_rollback-cf7-6.1.1&quot;:true,&quot;notice_dismissed_rollback-cf7-6.1.2&quot;:true}}\" \/><input type=\"hidden\" name=\"_wpcf7dtx_version\" value=\"5.0.5\" \/><input type=\"hidden\" name=\"_wpcf7_recaptcha_response\" value=\"\" \/>\n<\/fieldset>\n<p>Para inscribirte, por favor rellena este formulario.\n<\/p>\n<p><label><span class=\"wpcf7-form-control-wrap\" data-name=\"your-name\"><input size=\"40\" maxlength=\"400\" class=\"wpcf7-form-control wpcf7-text wpcf7-validates-as-required\" autocomplete=\"off\" aria-required=\"true\" aria-invalid=\"false\" placeholder=\"Nombre*\" value=\"\" type=\"text\" name=\"your-name\" \/><\/span> <\/label><br \/>\n<label><span class=\"wpcf7-form-control-wrap\" data-name=\"your-email\"><input size=\"40\" maxlength=\"400\" class=\"wpcf7-form-control wpcf7-email wpcf7-validates-as-required wpcf7-text wpcf7-validates-as-email\" autocomplete=\"off\" aria-required=\"true\" aria-invalid=\"false\" placeholder=\"Email*\" value=\"\" type=\"email\" name=\"your-email\" \/><\/span> <\/label>\n<\/p>\n<p><label><span class=\"wpcf7-form-control-wrap\" data-name=\"textarea-mensaje\"><textarea cols=\"40\" rows=\"10\" maxlength=\"2000\" class=\"wpcf7-form-control wpcf7-textarea\" aria-invalid=\"false\" placeholder=\"\u00bfQuieres contarnos algo m\u00e1s de ti?\" name=\"textarea-mensaje\"><\/textarea><\/span> <\/label>\n<\/p>\n<p><label>Curr\u00edculum Vitae (CV)<br \/>\n<span class=\"wpcf7-form-control-wrap\" data-name=\"file-cv\"><input size=\"40\" class=\"wpcf7-form-control wpcf7-file wpcf7-validates-as-required file-upload\" id=\"file-upload\" accept=\".pdf\" aria-required=\"true\" aria-invalid=\"false\" type=\"file\" name=\"file-cv\" \/><\/span><span id=\"filename\">CV (m\u00e1ximo 1MB, archivo .pdf) *<\/span><\/label>\n<\/p>\n<p><label class=\"acceptance\"><span class=\"wpcf7-form-control-wrap\" data-name=\"checkbox-politica\"><span class=\"wpcf7-form-control wpcf7-checkbox wpcf7-validates-as-required wpcf7-exclusive-checkbox\"><span class=\"wpcf7-list-item first last\"><input type=\"checkbox\" name=\"checkbox-politica\" value=\"Al registrarte aceptas nuestra pol\u00edtica de\" \/><span class=\"wpcf7-list-item-label\">Al registrarte aceptas nuestra pol\u00edtica de<\/span><\/span><\/span><\/span> <a href=\"https:\/\/www.marset.com\/es\/proteccion-de-datos\/\" tagret=\"_blank\">protecci\u00f3n de datos<\/a>*<\/label>\n<\/p>\n<p><input class=\"wpcf7-form-control wpcf7-submit has-spinner sumbit_formar_parte\" type=\"submit\" value=\"Enviar\" \/>\n<\/p>\n<p><small>*Sus datos ser\u00e1n tratados por MARSET ILUMINACI\u00d3N, S.A. con la finalidad de incorporarlos a los procesos de selecci\u00f3n de nuestra entidad. Los datos personales proporcionados se conservar\u00e1n durante el tiempo prudencial por el que se puedan considerar que se encuentren actualizados. La base legal para el tratamiento de sus datos es su consentimiento. Los datos no se comunicar\u00e1n a terceras entidades. Se le informa de que puede ejercer sus derechos de acceso, rectificaci\u00f3n, supresi\u00f3n, limitaci\u00f3n, portabilidad, oposici\u00f3n y a retirar el consentimiento otorgado en su caso, y a no ser objeto de decisiones individualizadas automatizadas. Para m\u00e1s informaci\u00f3n consulta nuestra <a href=\"https:\/\/www.marset.com\/es\/proteccion-de-datos\/\" tagret=\"_blank\">protecci\u00f3n de datos<\/a><\/small>.\n<\/p><div class=\"wpcf7-response-output\" aria-hidden=\"true\"><\/div>\n<\/form>\n<\/div>\n\n","protected":false},"excerpt":{"rendered":"","protected":false},"author":10634,"featured_media":0,"parent":59867,"menu_order":0,"comment_status":"closed","ping_status":"closed","template":"formar-parte.php","meta":{"_acf_changed":false,"_relevanssi_hide_post":"","_relevanssi_hide_content":"","_relevanssi_pin_for_all":"","_relevanssi_pin_keywords":"","_relevanssi_unpin_keywords":"","_relevanssi_related_keywords":"","_relevanssi_related_include_ids":"","_relevanssi_related_exclude_ids":"","_relevanssi_related_no_append":"","_relevanssi_related_not_related":"","_relevanssi_related_posts":"","_relevanssi_noindex_reason":"","footnotes":""},"class_list":["post-59938","page","type-page","status-publish","hentry"],"acf":[],"yoast_head":"<!-- This site is optimized with the Yoast SEO plugin v27.2 - https:\/\/yoast.com\/product\/yoast-seo-wordpress\/ -->\n<title>Formulario - Marset<\/title>\n<meta name=\"robots\" content=\"noindex, follow\" \/>\n<meta property=\"og:locale\" content=\"es_ES\" \/>\n<meta property=\"og:type\" content=\"article\" \/>\n<meta property=\"og:title\" content=\"Formulario - Marset\" \/>\n<meta property=\"og:url\" content=\"https:\/\/www.marset.com\/es\/nosotros\/trabaja-con-nosotros\/formar-parte-de-marset\/\" \/>\n<meta property=\"og:site_name\" content=\"Marset\" \/>\n<meta property=\"article:modified_time\" content=\"2019-02-07T13:21:20+00:00\" \/>\n<!-- \/ Yoast SEO plugin. -->","yoast_head_json":{"title":"Formulario - Marset","robots":{"index":"noindex","follow":"follow"},"og_locale":"es_ES","og_type":"article","og_title":"Formulario - Marset","og_url":"https:\/\/www.marset.com\/es\/nosotros\/trabaja-con-nosotros\/formar-parte-de-marset\/","og_site_name":"Marset","article_modified_time":"2019-02-07T13:21:20+00:00","schema":{"@context":"https:\/\/schema.org","@graph":[{"@type":"WebPage","@id":"https:\/\/www.marset.com\/es\/nosotros\/trabaja-con-nosotros\/formar-parte-de-marset\/","url":"https:\/\/www.marset.com\/es\/nosotros\/trabaja-con-nosotros\/formar-parte-de-marset\/","name":"Formulario - Marset","isPartOf":{"@id":"https:\/\/www.marset.com\/es\/#website"},"datePublished":"2019-01-29T17:10:00+00:00","dateModified":"2019-02-07T13:21:20+00:00","breadcrumb":{"@id":"https:\/\/www.marset.com\/es\/nosotros\/trabaja-con-nosotros\/formar-parte-de-marset\/#breadcrumb"},"inLanguage":"es","potentialAction":[{"@type":"ReadAction","target":["https:\/\/www.marset.com\/es\/nosotros\/trabaja-con-nosotros\/formar-parte-de-marset\/"]}]},{"@type":"BreadcrumbList","@id":"https:\/\/www.marset.com\/es\/nosotros\/trabaja-con-nosotros\/formar-parte-de-marset\/#breadcrumb","itemListElement":[{"@type":"ListItem","position":1,"name":"Portada","item":"https:\/\/www.marset.com\/es\/"},{"@type":"ListItem","position":2,"name":"Nosotros","item":"https:\/\/www.marset.com\/es\/nosotros\/"},{"@type":"ListItem","position":3,"name":"Trabaja con nosotros","item":"https:\/\/www.marset.com\/es\/nosotros\/trabaja-con-nosotros\/"},{"@type":"ListItem","position":4,"name":"Formulario"}]},{"@type":"WebSite","@id":"https:\/\/www.marset.com\/es\/#website","url":"https:\/\/www.marset.com\/es\/","name":"Marset","description":"L\u00e1mparas e Iluminaci\u00f3n de Dise\u00f1o","potentialAction":[{"@type":"SearchAction","target":{"@type":"EntryPoint","urlTemplate":"https:\/\/www.marset.com\/es\/?s={search_term_string}"},"query-input":{"@type":"PropertyValueSpecification","valueRequired":true,"valueName":"search_term_string"}}],"inLanguage":"es"}]}},"_links":{"self":[{"href":"https:\/\/www.marset.com\/es\/wp-json\/wp\/v2\/pages\/59938","targetHints":{"allow":["GET"]}}],"collection":[{"href":"https:\/\/www.marset.com\/es\/wp-json\/wp\/v2\/pages"}],"about":[{"href":"https:\/\/www.marset.com\/es\/wp-json\/wp\/v2\/types\/page"}],"author":[{"embeddable":true,"href":"https:\/\/www.marset.com\/es\/wp-json\/wp\/v2\/users\/10634"}],"replies":[{"embeddable":true,"href":"https:\/\/www.marset.com\/es\/wp-json\/wp\/v2\/comments?post=59938"}],"version-history":[{"count":0,"href":"https:\/\/www.marset.com\/es\/wp-json\/wp\/v2\/pages\/59938\/revisions"}],"up":[{"embeddable":true,"href":"https:\/\/www.marset.com\/es\/wp-json\/wp\/v2\/pages\/59867"}],"wp:attachment":[{"href":"https:\/\/www.marset.com\/es\/wp-json\/wp\/v2\/media?parent=59938"}],"curies":[{"name":"wp","href":"https:\/\/api.w.org\/{rel}","templated":true}]}}