{"id":59867,"date":"2019-01-29T13:54:35","date_gmt":"2019-01-29T12:54:35","guid":{"rendered":"https:\/\/www.marset.com\/?page_id=59867"},"modified":"2019-02-19T12:07:09","modified_gmt":"2019-02-19T11:07:09","slug":"trabaja-con-nosotros","status":"publish","type":"page","link":"https:\/\/www.marset.com\/es\/nosotros\/trabaja-con-nosotros\/","title":{"rendered":"Trabaja con nosotros"},"content":{"rendered":"<p>Buscamos personas con talento, comprometidas y atrevidas, que tengan iniciativa y ganas de crecer con Marset. Si te gusta el dise\u00f1o, disfrutas con tu trabajo y quieres afrontar nuevos retos, m\u00e1ndanos tu cv.<\/p>\n","protected":false},"excerpt":{"rendered":"<p>Buscamos personas con talento, comprometidas y atrevidas, que tengan iniciativa y ganas de crecer con Marset. Si te gusta el dise\u00f1o, disfrutas con tu trabajo y quieres afrontar nuevos retos, m\u00e1ndanos tu cv.<\/p>\n","protected":false},"author":10634,"featured_media":59868,"parent":31,"menu_order":0,"comment_status":"closed","ping_status":"closed","template":"trabaja-con-nosotros.php","meta":{"_acf_changed":false,"_relevanssi_hide_post":"","_relevanssi_hide_content":"","_relevanssi_pin_for_all":"","_relevanssi_pin_keywords":"","_relevanssi_unpin_keywords":"","_relevanssi_related_keywords":"","_relevanssi_related_include_ids":"","_relevanssi_related_exclude_ids":"","_relevanssi_related_no_append":"","_relevanssi_related_not_related":"","_relevanssi_related_posts":"","_relevanssi_noindex_reason":"","footnotes":""},"class_list":["post-59867","page","type-page","status-publish","has-post-thumbnail","hentry"],"acf":[],"yoast_head":"<!-- This site is optimized with the Yoast SEO plugin v27.4 - https:\/\/yoast.com\/product\/yoast-seo-wordpress\/ -->\n<title>Trabaja con nosotros - Marset<\/title>\n<meta name=\"robots\" content=\"noindex, follow\" \/>\n<meta property=\"og:locale\" content=\"es_ES\" \/>\n<meta property=\"og:type\" content=\"article\" \/>\n<meta property=\"og:title\" content=\"Trabaja con nosotros - Marset\" \/>\n<meta property=\"og:description\" content=\"Buscamos personas con talento, comprometidas y atrevidas, que tengan iniciativa y ganas de crecer con Marset. Si te gusta el dise\u00f1o, disfrutas con tu trabajo y quieres afrontar nuevos retos, m\u00e1ndanos tu cv.\" \/>\n<meta property=\"og:url\" content=\"https:\/\/www.marset.com\/es\/nosotros\/trabaja-con-nosotros\/\" \/>\n<meta property=\"og:site_name\" content=\"Marset\" \/>\n<meta property=\"article:modified_time\" content=\"2019-02-19T11:07:09+00:00\" \/>\n<meta property=\"og:image\" content=\"https:\/\/www.marset.com\/wp-content\/uploads\/page\/trabaja-con-nosotros\/trabaja.gif\" \/>\n\t<meta property=\"og:image:width\" content=\"1440\" \/>\n\t<meta property=\"og:image:height\" content=\"520\" \/>\n\t<meta property=\"og:image:type\" content=\"image\/gif\" \/>\n<!-- \/ Yoast SEO plugin. -->","yoast_head_json":{"title":"Trabaja con nosotros - Marset","robots":{"index":"noindex","follow":"follow"},"og_locale":"es_ES","og_type":"article","og_title":"Trabaja con nosotros - Marset","og_description":"Buscamos personas con talento, comprometidas y atrevidas, que tengan iniciativa y ganas de crecer con Marset. Si te gusta el dise\u00f1o, disfrutas con tu trabajo y quieres afrontar nuevos retos, m\u00e1ndanos tu cv.","og_url":"https:\/\/www.marset.com\/es\/nosotros\/trabaja-con-nosotros\/","og_site_name":"Marset","article_modified_time":"2019-02-19T11:07:09+00:00","og_image":[{"width":1440,"height":520,"url":"https:\/\/www.marset.com\/wp-content\/uploads\/page\/trabaja-con-nosotros\/trabaja.gif","type":"image\/gif"}],"schema":{"@context":"https:\/\/schema.org","@graph":[{"@type":"WebPage","@id":"https:\/\/www.marset.com\/es\/nosotros\/trabaja-con-nosotros\/","url":"https:\/\/www.marset.com\/es\/nosotros\/trabaja-con-nosotros\/","name":"Trabaja con nosotros - Marset","isPartOf":{"@id":"https:\/\/www.marset.com\/es\/#website"},"primaryImageOfPage":{"@id":"https:\/\/www.marset.com\/es\/nosotros\/trabaja-con-nosotros\/#primaryimage"},"image":{"@id":"https:\/\/www.marset.com\/es\/nosotros\/trabaja-con-nosotros\/#primaryimage"},"thumbnailUrl":"https:\/\/www.marset.com\/wp-content\/uploads\/page\/trabaja-con-nosotros\/trabaja.gif","datePublished":"2019-01-29T12:54:35+00:00","dateModified":"2019-02-19T11:07:09+00:00","breadcrumb":{"@id":"https:\/\/www.marset.com\/es\/nosotros\/trabaja-con-nosotros\/#breadcrumb"},"inLanguage":"es","potentialAction":[{"@type":"ReadAction","target":["https:\/\/www.marset.com\/es\/nosotros\/trabaja-con-nosotros\/"]}]},{"@type":"ImageObject","inLanguage":"es","@id":"https:\/\/www.marset.com\/es\/nosotros\/trabaja-con-nosotros\/#primaryimage","url":"https:\/\/www.marset.com\/wp-content\/uploads\/page\/trabaja-con-nosotros\/trabaja.gif","contentUrl":"https:\/\/www.marset.com\/wp-content\/uploads\/page\/trabaja-con-nosotros\/trabaja.gif","width":1440,"height":520},{"@type":"BreadcrumbList","@id":"https:\/\/www.marset.com\/es\/nosotros\/trabaja-con-nosotros\/#breadcrumb","itemListElement":[{"@type":"ListItem","position":1,"name":"Portada","item":"https:\/\/www.marset.com\/es\/"},{"@type":"ListItem","position":2,"name":"Nosotros","item":"https:\/\/www.marset.com\/es\/nosotros\/"},{"@type":"ListItem","position":3,"name":"Trabaja con nosotros"}]},{"@type":"WebSite","@id":"https:\/\/www.marset.com\/es\/#website","url":"https:\/\/www.marset.com\/es\/","name":"Marset","description":"L\u00e1mparas e Iluminaci\u00f3n de Dise\u00f1o","potentialAction":[{"@type":"SearchAction","target":{"@type":"EntryPoint","urlTemplate":"https:\/\/www.marset.com\/es\/?s={search_term_string}"},"query-input":{"@type":"PropertyValueSpecification","valueRequired":true,"valueName":"search_term_string"}}],"inLanguage":"es"}]}},"_links":{"self":[{"href":"https:\/\/www.marset.com\/es\/wp-json\/wp\/v2\/pages\/59867","targetHints":{"allow":["GET"]}}],"collection":[{"href":"https:\/\/www.marset.com\/es\/wp-json\/wp\/v2\/pages"}],"about":[{"href":"https:\/\/www.marset.com\/es\/wp-json\/wp\/v2\/types\/page"}],"author":[{"embeddable":true,"href":"https:\/\/www.marset.com\/es\/wp-json\/wp\/v2\/users\/10634"}],"replies":[{"embeddable":true,"href":"https:\/\/www.marset.com\/es\/wp-json\/wp\/v2\/comments?post=59867"}],"version-history":[{"count":0,"href":"https:\/\/www.marset.com\/es\/wp-json\/wp\/v2\/pages\/59867\/revisions"}],"up":[{"embeddable":true,"href":"https:\/\/www.marset.com\/es\/wp-json\/wp\/v2\/pages\/31"}],"wp:featuredmedia":[{"embeddable":true,"href":"https:\/\/www.marset.com\/es\/wp-json\/wp\/v2\/media\/59868"}],"wp:attachment":[{"href":"https:\/\/www.marset.com\/es\/wp-json\/wp\/v2\/media?parent=59867"}],"curies":[{"name":"wp","href":"https:\/\/api.w.org\/{rel}","templated":true}]}}