{"id":42927,"date":"2018-08-02T15:09:40","date_gmt":"2018-08-02T13:09:40","guid":{"rendered":"https:\/\/www.marset.com\/?page_id=42927"},"modified":"2022-11-07T11:30:29","modified_gmt":"2022-11-07T10:30:29","slug":"proteccion-de-datos","status":"publish","type":"page","link":"https:\/\/www.marset.com\/es\/proteccion-de-datos\/","title":{"rendered":"Pol\u00edtica de privacidad"},"content":{"rendered":"\n<div class=\"wp-block-columns is-layout-flex wp-container-core-columns-is-layout-9d6595d7 wp-block-columns-is-layout-flex\">\n<div class=\"wp-block-column is-layout-flow wp-block-column-is-layout-flow\" style=\"flex-basis:100%\">\n<div class=\"wp-block-columns is-layout-flex wp-container-core-columns-is-layout-9d6595d7 wp-block-columns-is-layout-flex\">\n<div class=\"wp-block-column is-layout-flow wp-block-column-is-layout-flow\" style=\"flex-basis:100%\">\n<div class=\"wp-block-columns is-layout-flex wp-container-core-columns-is-layout-9d6595d7 wp-block-columns-is-layout-flex\">\n<div class=\"wp-block-column is-layout-flow wp-block-column-is-layout-flow\" style=\"flex-basis:100%\">\n<div class=\"wp-block-columns is-layout-flex wp-container-core-columns-is-layout-9d6595d7 wp-block-columns-is-layout-flex\">\n<div class=\"wp-block-column is-layout-flow wp-block-column-is-layout-flow\" style=\"flex-basis:100%\">\n<div class=\"wp-block-group\"><div class=\"wp-block-group__inner-container is-layout-flow wp-block-group-is-layout-flow\">\n<p><strong>INFORMACI\u00d3N IDENTIFICATIVA DEL RESPONSABLE DE TRATAMIENTO<\/strong><\/p>\n\n\n\n<p>Raz\u00f3n Social del Responsable: MARSET ILUMINACI\u00d3N, S.A.<\/p>\n\n\n\n<p>CIF: A08462681.<\/p>\n\n\n\n<p>Direcci\u00f3n: Carretera de Rub\u00ed, 284.<\/p>\n\n\n\n<p>Poblaci\u00f3n: Terrassa.<\/p>\n\n\n\n<p>C\u00f3digo Postal: 08228.<\/p>\n\n\n\n<p>Contacto Delegado de Protecci\u00f3n de Datos:&nbsp;<a href=\"mailto:dpd.rgpd@marset.com\">dpd.rgpd@marset.com<\/a>.<\/p>\n\n\n\n<p><strong>INFORMACI\u00d3N GENERAL DE PRIVACIDAD<\/strong><\/p>\n\n\n\n<p><strong>ALCANCE<\/strong><\/p>\n\n\n\n<p>La presente Pol\u00edtica de privacidad de MARSET ILUMINACI\u00d3N, S.A. regula la obtenci\u00f3n, utilizaci\u00f3n y otras formas de procesamiento de datos personales facilitados por los Usuarios en la presente web o en cualquiera de los entornos de Internet de la entidad. Mediante la implementaci\u00f3n de los formularios incluidos en los diferentes websites, relativos a servicios prestados por MARSET ILUMINACI\u00d3N, S.A., los Usuarios aceptan la inclusi\u00f3n y tratamiento de los datos que proporcionen en un tratamiento de datos de car\u00e1cter personal, del cual es titular MARSET ILUMINACI\u00d3N, S.A. pudi\u00e9ndose ejercer los derechos pertinentes seg\u00fan lo expuesto en las siguientes cl\u00e1usulas. Todos los textos legales se encuentran a disposici\u00f3n de los usuarios y\/o interesados en la correspondiente web. Dichos textos podr\u00e1n ser modificados y\/o actualizados seg\u00fan las necesidades y actividades llevadas a cabo por MARSET ILUMINACI\u00d3N, S.A.<\/p>\n\n\n\n<p><strong>\u00bfQui\u00e9n es responsable del tratamiento de sus datos?<\/strong><\/p>\n\n\n\n<p>MARSET ILUMINACI\u00d3N, S.A., es la persona jur\u00eddica responsable de la recogida y procesamiento de sus datos personales en relaci\u00f3n con los servicios que la misma presta. MARSET ILUMINACI\u00d3N, S.A. se compromete a respetar y salvaguardar su privacidad y la seguridad de sus datos. Los datos identificativos del responsable de tratamiento son:<\/p>\n\n\n\n<p><strong>\u00bfQu\u00e9 categor\u00edas de datos tratamos y con qu\u00e9 finalidad\/es los utilizamos?<\/strong><\/p>\n\n\n\n<p>De acuerdo con lo dispuesto en la normativa vigente,&nbsp;MARSET ILUMINACI\u00d3N, S.A. s\u00f3lo recoge los datos estrictamente necesarios para ofrecer los servicios derivados de su actividad y dem\u00e1s prestaciones, gestiones y actividades atribuidas por la Ley.<\/p>\n\n\n\n<p>En la presente web, los datos que se pueden recabar del usuario pueden ser tratados con las siguientes finalidades:<\/p>\n\n\n\n<p>-Los datos recogidos a trav\u00e9s del formulario de suscripci\u00f3n a nuestra <em>newsletter <\/em>(correo electr\u00f3nico, nacionalidad y datos profesionales) son utilizados para para gestionar la inscripci\u00f3n a nuestros boletines, as\u00ed como llevar a cabo el env\u00edo de comunicaciones que pudieran resultar de inter\u00e9s como, por ejemplo: ofertas, publicidad, comunicaciones comerciales e informativas, promociones, etc.<\/p>\n\n\n\n<p>&#8211; Los datos recogidos a trav\u00e9s del formulario de creaci\u00f3n de la cuenta (nombre, apellidos, correo electr\u00f3nico, nacionalidad y datos profesionales) son utilizados para gestionar la creaci\u00f3n de una cuenta de usuario y proporcionar los servicios asociados a la misma.<\/p>\n\n\n\n<p>-Los datos recogidos para la tramitaci\u00f3n de un pedido (nombre, apellidos, correo electr\u00f3nico, tel\u00e9fono, direcci\u00f3n postal, datos bancarios, etc) son utilizados para gestionar la compra, preparaci\u00f3n y env\u00edo del pedido.<\/p>\n\n\n\n<p>-Los datos recogidos a trav\u00e9s del formulario de \u2018trabaja con nosotros\u2019 (nombre, correo electr\u00f3nico y datos contenidos en el curr\u00edculum vitae: datos acad\u00e9micos, detalles de empleo, circunstancias sociales y personales, imagen, etc) son utilizados para administrar las solicitudes realizadas por los\/as candidatos\/as y llevar a cabo la participaci\u00f3n en nuestros procesos de selecci\u00f3n de personal.<\/p>\n\n\n\n<p>&#8211; Los datos facilitados a trav\u00e9s del formulario \u2018contacta con nosotros\u2019, a trav\u00e9s de las direcciones de correo electr\u00f3nico habilitadas o mediante nuestras redes sociales (nombre, correo electr\u00f3nico, nacionalidad y datos que puedas facilitarnos a trav\u00e9s del correo electr\u00f3nico o por mensaje) son utilizados para gestionar los datos de contacto y atender solicitudes, dudas o sugerencias.<\/p>\n\n\n\n<p>&#8211; Adem\u00e1s, podremos utilizar los datos facilitados, en cada caso, para la realizaci\u00f3n de estudios estad\u00edsticos<\/p>\n\n\n\n<p><strong><br><\/strong><\/p>\n\n\n\n<p><strong>\u00bfDurante cu\u00e1nto tiempo conservamos sus datos personales?<\/strong><\/p>\n\n\n\n<p>Los datos personales pueden ser conservados seg\u00fan distintos criterios dependiendo la finalidad para la cual fueron recogidos. Por norma general, los datos son conservados de acuerdo con los plazos normativamente establecidos o recomendados y, en todo caso, hasta la prescripci\u00f3n de las acciones que pudieran derivarse.<\/p>\n\n\n\n<p>No obstante, en supuestos como la creaci\u00f3n de una cuenta de usuario o para el env\u00edo de la <em>newsletter<\/em> los datos ser\u00e1n conservados mientras el\/a interesado\/a no revoque su consentimiento, ejercite su derecho de supresi\u00f3n o se oponga al tratamiento.<\/p>\n\n\n\n<p><strong>\u00bfCu\u00e1l es la base leg\u00edtima para el tratamiento de sus datos?<\/strong><\/p>\n\n\n\n<p>La base legal para el tratamiento de tus datos puede variar en funci\u00f3n de la finalidad de recogida:<\/p>\n\n\n\n<p>Consentimiento expl\u00edcito:<\/p>\n\n\n\n<p>-Suscripci\u00f3n web a la newsletter.<\/p>\n\n\n\n<p> Creaci\u00f3n de una cuenta.<\/p>\n\n\n\n<p>-Trabaja con nosotros. <\/p>\n\n\n\n<p>Relaci\u00f3n contractual:<\/p>\n\n\n\n<p>-Realizaci\u00f3n de un pedido \/ compra de un producto.<\/p>\n\n\n\n<p>Inter\u00e9s leg\u00edtimo:<\/p>\n\n\n\n<p>&#8211; Env\u00edo newsletters clientes.<\/p>\n\n\n\n<p>-Contacta con nosotros.<\/p>\n\n\n\n<p>-Estudios estad\u00edsticos.<\/p>\n\n\n\n<p><strong>\u00bfA qu\u00e9 destinatarios se comunicar\u00e1n sus datos?<\/strong><\/p>\n\n\n\n<p>Podemos comunicar los datos en los siguientes supuestos:<\/p>\n\n\n\n<p>-A proveedores que prestan servicios a MARSET ILUMINACI\u00d3N, S.A., en relaci\u00f3n con las finalidades descritas, tales como servicios inform\u00e1ticos, alojamiento de contenido, mensajer\u00eda instant\u00e1nea, env\u00edo de notificaciones, servicios publicitarios, transporte, <em>software <\/em>y aplicaciones, etc. La compa\u00f1\u00eda garantiza que los proveedores con los que trabaje tratan los datos personales conforme a lo establecido en la normativa aplicable.<\/p>\n\n\n\n<p>&#8211; A las diferentes sociedades que integran el Grupo Marset, las cuales se encuentran debidamente identificadas en el siguiente enlace:\u00a0<a href=\"https:\/\/eur04.safelinks.protection.outlook.com\/?url=https%3A%2F%2Fwww.marset.com%2Fes%2Fnosotros%2F&amp;data=05%7C01%7Causias%40kukoa.com%7Ce976f897c24c41adb92008dab59ff159%7C2fd94bf5c1bd436a8b50cd7330d8a455%7C0%7C0%7C638021995810299073%7CUnknown%7CTWFpbGZsb3d8eyJWIjoiMC4wLjAwMDAiLCJQIjoiV2luMzIiLCJBTiI6Ik1haWwiLCJXVCI6Mn0%3D%7C3000%7C%7C%7C&amp;sdata=FDXUm22CfpFGRlCCWHHLzc68V%2BoEU82ngNuGjmReM%2BM%3D&amp;reserved=0\" target=\"_blank\" rel=\"noreferrer noopener\">https:\/\/www.marset.com\/es\/nosotros\/<\/a><\/p>\n\n\n\n<p>-En aquellos casos en que exista una obligaci\u00f3n legal.<\/p>\n\n\n\n<p>MARSET ILUMINACI\u00d3N, S.A. no vende, alquila o cede los datos personales de los usuarios de esta web, a excepci\u00f3n del caso que sea necesario para la propia prestaci\u00f3n del servicio.<\/p>\n\n\n\n<p>MARSET ILUMINACI\u00d3N, S.A. no vende, alquila o cede los e-mails de sus usuarios a otras empresas, a excepci\u00f3n del caso que sea necesario para la propia prestaci\u00f3n del servicio. La web posee enlaces, aplicaciones o funcionalidades compartidas con terceros, como son redes sociales o sistemas de comunicaci\u00f3n on-line, MARSET ILUMINACI\u00d3N, S.A. no se hace responsable de las informaciones que se recojan en dichas aplicaciones, funcionalidades o redes sociales titularidad de terceros al no tener ninguna capacidad de gesti\u00f3n ni control sobre las mismas, siendo por tanto de aplicaci\u00f3n los avisos legales y las pol\u00edticas de privacidad que pudieran constar en los sitios web o similares de los terceros.<\/p>\n\n\n\n<p><strong>\u00bfCu\u00e1les son los derechos de los Usuarios que nos facilitan sus datos?<\/strong><\/p>\n\n\n\n<p>Los Usuarios podr\u00e1n ejercitar, respecto de los datos recabados en la forma descrita en el punto primero, los derechos reconocidos en el Reglamento (UE) 2016\/679 del Parlamento Europeo y del Consejo de 27 de abril de 2016 relativo a la protecci\u00f3n de las personas f\u00edsicas en lo que respecta al tratamiento de datos personales y a la libre circulaci\u00f3n de estos datos y por el que se deroga la Directiva 95\/46\/CE (Reglamento general de protecci\u00f3n de datos), y en particular los derechos de portabilidad, acceso, rectificaci\u00f3n, supresi\u00f3n y limitaci\u00f3n al tratamiento. Los derechos referidos en el p\u00e1rrafo precedente, podr\u00e1n ejercitarse por cada Usuario mediante solicitud escrita y firmada, acompa\u00f1ada de fotocopia de DNI o Pasaporte, dirigida a la siguiente direcci\u00f3n:<\/p>\n\n\n\n<p>MARSET ILUMINACI\u00d3N, S.A.<\/p>\n\n\n\n<p>Ctra. de Rub\u00ed 284, 08228 \u2013 Terrassa, Barcelona<\/p>\n\n\n\n<p>O a trav\u00e9s del siguiente correo electr\u00f3nico: <a href=\"mailto:dpd.rgpd@marset.com\">dpd.rgpd@marset.com<\/a>.<\/p>\n\n\n\n<p>Asimismo, si hace saber a los Usuarios que pueden retirar el consentimiento para el tratamiento de sus datos en cualquier momento, as\u00ed como que pueden presentar reclamaci\u00f3n ante la Autoridad de Control (Agencia Espa\u00f1ola de Protecci\u00f3n de Datos) de considerarlo oportuno.<\/p>\n\n\n\n<p><strong>COMUNICACI\u00d3N DE INCIDENCIAS E IRREGULARIDADES<\/strong><\/p>\n\n\n\n<p>En el caso de existir alguna conducta o situaci\u00f3n que pudiera ser susceptible de generar una incidencia o irregularidad de cualquier clase, se ruega contactar con:<\/p>\n\n\n\n<p>MARSET ILUMINACI\u00d3N, S.A.<\/p>\n\n\n\n<p>Ctra. de Rub\u00ed 284, 08228 \u2013 Terrassa, Barcelona<\/p>\n\n\n\n<p><a href=\"mailto:dpd.rgpd@marset.com\">dpd.rgpd@marset.com<\/a><\/p>\n\n\n\n<p><strong>COMPROMISO DEL USUARIO PARA QUE SUS DATOS EST\u00c9N INSCRITOS EN UN TRATAMIENTO<\/strong><\/p>\n\n\n\n<p>El introducir los datos en alguna o algunas de las hojas de captaci\u00f3n de datos implica el aceptar las presentes condiciones de uso y pol\u00edtica de privacidad, dando por entendido que ha sido informado de las condiciones de uso y aviso legal de las mismas y que se compromete a su entero cumplimiento durante la navegaci\u00f3n y participaci\u00f3n en HTTP. En todo caso, el usuario es el responsable de la autenticidad de los datos aportados, que sean exactos, actuales y completos para la finalidad que sean aportados, asumiendo la responsabilidad de los da\u00f1os y perjuicios, tanto por lucro cesante como por da\u00f1o emergente, que se pudieran generar por dichas inexactitudes o falsedades. En todo caso, si los datos aportados en los correspondientes formularios fueran titular de un tercero, el usuario se hace \u00fanico responsable de la correcta captaci\u00f3n del consentimiento e informaci\u00f3n al tercero sobre los aspectos reflejados en el presente aviso legal y pol\u00edticas de privacidad.<\/p>\n\n\n\n<p><strong>RESPONSABILIDAD DE LOS USUARIOS POR USO Y CONTENIDO<\/strong><\/p>\n\n\n\n<p>Tanto el acceso a los websites como el uso que pueda realizarse de la informaci\u00f3n y contenidos incluidos en los mismos, ser\u00e1 de exclusiva responsabilidad de quien lo realice. Por tanto, el uso que pueda hacerse de la informaci\u00f3n, im\u00e1genes, contenidos y\/o productos rese\u00f1ados y accesibles a trav\u00e9s del mismo, estar\u00e1 supeditada a la legalidad, sea nacional o internacional, aplicable, as\u00ed como a los principios de buena fe y uso l\u00edcito por parte de los Usuarios, quienes ser\u00e1n enteramente responsables de dicho acceso y correcto uso. Los Usuarios estar\u00e1n obligados a hacer un uso razonable de los servicios o contenidos, bajo el principio de buena fe y con respeto a la legalidad vigente, a la moral, al orden p\u00fablico, a las buenas costumbres, a los derechos de terceros o del propio MARSET ILUMINACI\u00d3N, S.A., todo ello seg\u00fan las posibilidades y fines para los que est\u00e1n concebidos. MARSET ILUMINACI\u00d3N, S.A. no asume responsabilidades, ya sean directas o indirectas, por da\u00f1o emergente o lucro cesante, derivadas del mal uso de los servicios o contenidos realizado por los Usuarios o terceros. INFORMACI\u00d3N LSSI-CE En cumplimiento del deber de informaci\u00f3n contemplado en el art\u00edculo 10 de la vigente Ley 34\/2002, de 11 de julio, de Servicios de la Sociedad de la Informaci\u00f3n y de Comercio Electr\u00f3nico, le comunicamos que la dinamizadora y gestora de contenidos de la web donde puede descargar diferentes aplicaciones y\/o informaciones es MARSET ILUMINACI\u00d3N, S.A. con domicilio en DIRELARGA y con la gesti\u00f3n del dominio de Internet HTTP inscrito en el registro correspondiente, atendiendo a comunicaciones de los usuarios y\/o interesados a trav\u00e9s del e-mail info@marset.com. Cualquier otra actividad comercial, mercantil, administrativa o de contrataci\u00f3n de bienes y\/o servicios es responsabilidad de la sociedad mencionada anteriormente, propietaria de este dominio.<\/p>\n\n\n\n<p><strong>INFORMACI\u00d3N SOBRE EL USO DE OTRAS WEBS Y REDES SOCIALES<\/strong><\/p>\n\n\n\n<p>La empresa s\u00f3lo se hace responsable de los contenidos y de la gesti\u00f3n de las p\u00e1ginas web de la cual sea ella el titular u ostente un derecho de an\u00e1loga naturaleza. Cualquier otra p\u00e1gina web o red social o repositorio de informaci\u00f3n en Internet, fuera de la presente web, es responsabilidad de sus leg\u00edtimos titulares. MARSET ILUMINACI\u00d3N, S.A. colabora de forma ordinaria con diferentes aplicaciones y entornos web, y siempre recomienda a todos los usuarios que antes de acceder a dichos entornos web lean atentamente los correspondientes avisos legales y pol\u00edticas de privacidad, y que s\u00f3lo accedan a los mismos una vez hayan comprendido y aceptado en su totalidad dicho texto legal. MARSET ILUMINACI\u00d3N, S.A. se compromete a controlar los contenidos que se expongan en dichas redes sociales y expulsar\u00e1 aquellos usuarios que hagan un uso incorrecto en ellas. MARSET ILUMINACI\u00d3N, S.A. recomienda, siguiendo instrucciones del Instituto Nacional de Tecnolog\u00edas de la Comunicaci\u00f3n (INTECO) y de la Agencia Espa\u00f1ola de Protecci\u00f3n de Datos (AEPD), para el uso de redes sociales o navegaci\u00f3n en entornos web, la ejecuci\u00f3n de las siguientes acciones (en caso de que alg\u00fan d\u00eda se disponga al uso):<\/p>\n\n\n\n<p>\u2022 Se recomienda a todos los usuarios recurrir al uso de seud\u00f3nimos o nicks personales con los que operar a trav\u00e9s de Internet, permiti\u00e9ndoles disponer de una aut\u00e9ntica \u00abidentidad digital\u00bb, que no ponga en entredicho la seguridad de su vida personal y profesional.<\/p>\n\n\n\n<p>\u2022 Se recomienda a los usuarios tener especial cuidado a la hora de publicar contenidos audiovisuales y gr\u00e1ficos en sus perfiles, dado que en este caso pueden estar poniendo en riesgo la privacidad e intimidad de personas de su entorno.<\/p>\n\n\n\n<p>\u2022 Se recomienda revisar y leer, tanto en el momento previo al registro de usuario, como posteriormente, las condiciones generales de uso y la pol\u00edtica de privacidad que la plataforma pone a su disposici\u00f3n en sus sitios web.<\/p>\n\n\n\n<p>\u2022 Se recomienda configurar adecuadamente el grado de privacidad del perfil de usuario en la red social, de tal forma que \u00e9ste no sea completamente p\u00fablico, sino que \u00fanicamente tengan acceso a la informaci\u00f3n publicada en el perfil aquellas personas que hayan sido catalogadas como \u00abamigos\u00bb o \u00abcontactos directos\u00bb previamente por el usuario.<\/p>\n\n\n\n<p>\u2022 Se recomienda aceptar como contacto \u00fanicamente a aquellas personas conocidas o con las que mantiene alguna relaci\u00f3n previa, no aceptando de forma compulsiva todas las solicitudes de contacto que recibe e investigando siempre que fuera posible y necesario, qui\u00e9n es la persona que solicita su contacto a trav\u00e9s de la red social.<\/p>\n\n\n\n<p>\u2022 Se recomienda no publicar en el perfil de usuario informaci\u00f3n de contacto f\u00edsico, que permita a cualquier persona conocer d\u00f3nde vive, d\u00f3nde trabaja o estudia diariamente o los lugares de ocio que suele frecuentar.<\/p>\n\n\n\n<p>\u2022 A los usuarios de herramientas de microblogging se recomienda tener especial cuidado respecto a la publicaci\u00f3n de informaci\u00f3n relativa a los lugares en que se encuentra en todo momento.<\/p>\n\n\n\n<p>\u2022 Se recomienda utilizar y publicar \u00fanicamente contenidos respecto a los que se cuente con los derechos de propiedad intelectual suficientes. En caso contrario, el usuario estar\u00e1 cometiendo un il\u00edcito civil protegible por parte de los tribunales nacionales.<\/p>\n\n\n\n<p>\u2022 Se recomienda a los usuarios emplear diferentes nombres de usuario y contrase\u00f1as para entrar en las distintas redes sociales de las que sea miembro.<\/p>\n\n\n\n<p>\u2022 Se recomienda utilizar contrase\u00f1as con una extensi\u00f3n m\u00ednima de 8 caracteres, alfanum\u00e9ricos y con uso de may\u00fasculas y min\u00fasculas.<\/p>\n\n\n\n<p>\u2022 Se recomienda a todos los usuarios disponer en sus equipos de software antivirus instalado y debidamente actualizado.<\/p>\n\n\n\n<p>\u2022 Los menores no deben revelar datos personales excesivos. Nunca se deben suministrar los datos a desconocidos.<\/p>\n\n\n\n<p>\u2022 Se debe leer toda la informaci\u00f3n concerniente a la p\u00e1gina web. En ella se explica qui\u00e9nes son los titulares de la misma y la finalidad para la que se solicitan los datos.<\/p>\n\n\n\n<p>\u2022 Si el usuario es menor de catorce a\u00f1os, se necesita tambi\u00e9n el consentimiento de los padres tutores. En estos casos, siempre que se soliciten datos por parte de una red social debe preguntarse a los padres o tutores para ver si ellos aprueban la suscripci\u00f3n o no.<\/p>\n\n\n\n<p>\u2022 No deben comunicarse a terceros los nombres de usuario y contrase\u00f1a, ni compartirlos entre amigos o compa\u00f1eros de clase. Estos datos son privados y no deben ser comunicados a terceros y\/o desconocidos.<\/p>\n\n\n\n<p>\u2022 Siempre que se tenga cualquier duda respecto a alguna situaci\u00f3n que se derive del uso de las redes sociales y herramientas colaboradoras, debe preguntarse a los padres o tutores.<\/p>\n\n\n\n<p>\u2022 Se debe mantener el ordenador en una zona com\u00fan de la casa.<\/p>\n\n\n\n<p>\u2022 Se deben establecer reglas sobre el uso de Internet en casa.<\/p>\n\n\n\n<p>\u2022 Los padres deben conocer el funcionamiento y las posibilidades de este tipo de plataformas, tanto positivas como negativas.<\/p>\n\n\n\n<p>\u2022 Activar el control parental y las herramientas de control de la plataforma, as\u00ed como establecer el correo del padre o tutor como correo de contacto secundario.<\/p>\n\n\n\n<p>\u2022 Asegurarse de que los controles de verificaci\u00f3n de la edad est\u00e1n implementados.<\/p>\n\n\n\n<p>\u2022 Asegurar la correcta instalaci\u00f3n del bloqueador de contenidos.<\/p>\n\n\n\n<p>\u2022 Concienciar e informar a los menores sobre aspectos relativos a la seguridad.<\/p>\n\n\n\n<p>\u2022 Explicar a los menores que nunca han de quedar con personas que hayan conocido en el mundo online y que si lo hacen debe ser siempre en compa\u00f1\u00eda de sus padres o tutores.<\/p>\n\n\n\n<p>\u2022 Asegurarse de que los menores conocen los riesgos e implicaciones de alojar contenidos como v\u00eddeos y fotograf\u00edas, as\u00ed como el uso de c\u00e1maras web a trav\u00e9s de las redes sociales.<\/p>\n\n\n\n<p>\u2022 Controlar el perfil de usuario del menor.<\/p>\n\n\n\n<p>\u2022 Asegurarse de que el menor s\u00f3lo accede a las p\u00e1ginas recomendadas para su edad.<\/p>\n\n\n\n<p>\u2022 Asegurarse de que los menores no utilizan su nombre completo.<\/p>\n<\/div><\/div>\n<\/div>\n<\/div>\n<\/div>\n<\/div>\n<\/div>\n<\/div>\n<\/div>\n<\/div>\n","protected":false},"excerpt":{"rendered":"<p>INFORMACI\u00d3N IDENTIFICATIVA DEL RESPONSABLE DE TRATAMIENTO Raz\u00f3n Social del Responsable: MARSET ILUMINACI\u00d3N, S.A. CIF: A08462681. Direcci\u00f3n: Carretera de Rub\u00ed, 284. Poblaci\u00f3n: Terrassa. C\u00f3digo Postal: 08228. Contacto Delegado de Protecci\u00f3n de Datos:&nbsp;dpd.rgpd@marset.com. INFORMACI\u00d3N GENERAL DE PRIVACIDAD ALCANCE La presente Pol\u00edtica de privacidad de MARSET ILUMINACI\u00d3N, S.A. regula la obtenci\u00f3n, utilizaci\u00f3n y otras formas de procesamiento de [&hellip;]<\/p>\n","protected":false},"author":10634,"featured_media":0,"parent":0,"menu_order":0,"comment_status":"closed","ping_status":"closed","template":"legal.php","meta":{"_acf_changed":false,"_relevanssi_hide_post":"","_relevanssi_hide_content":"","_relevanssi_pin_for_all":"","_relevanssi_pin_keywords":"","_relevanssi_unpin_keywords":"","_relevanssi_related_keywords":"","_relevanssi_related_include_ids":"","_relevanssi_related_exclude_ids":"","_relevanssi_related_no_append":"","_relevanssi_related_not_related":"","_relevanssi_related_posts":"","_relevanssi_noindex_reason":"","footnotes":""},"class_list":["post-42927","page","type-page","status-publish","hentry"],"acf":[],"yoast_head":"<!-- This site is optimized with the Yoast SEO plugin v27.2 - https:\/\/yoast.com\/product\/yoast-seo-wordpress\/ -->\n<title>Pol\u00edtica de privacidad - Marset<\/title>\n<meta name=\"robots\" content=\"noindex, follow\" \/>\n<meta property=\"og:locale\" content=\"es_ES\" \/>\n<meta property=\"og:type\" content=\"article\" \/>\n<meta property=\"og:title\" content=\"Pol\u00edtica de privacidad - Marset\" \/>\n<meta property=\"og:description\" content=\"INFORMACI\u00d3N IDENTIFICATIVA DEL RESPONSABLE DE TRATAMIENTO Raz\u00f3n Social del Responsable: MARSET ILUMINACI\u00d3N, S.A. CIF: A08462681. Direcci\u00f3n: Carretera de Rub\u00ed, 284. Poblaci\u00f3n: Terrassa. C\u00f3digo Postal: 08228. Contacto Delegado de Protecci\u00f3n de Datos:&nbsp;dpd.rgpd@marset.com. INFORMACI\u00d3N GENERAL DE PRIVACIDAD ALCANCE La presente Pol\u00edtica de privacidad de MARSET ILUMINACI\u00d3N, S.A. regula la obtenci\u00f3n, utilizaci\u00f3n y otras formas de procesamiento de [&hellip;]\" \/>\n<meta property=\"og:url\" content=\"https:\/\/www.marset.com\/es\/proteccion-de-datos\/\" \/>\n<meta property=\"og:site_name\" content=\"Marset\" \/>\n<meta property=\"article:modified_time\" content=\"2022-11-07T10:30:29+00:00\" \/>\n<meta name=\"twitter:label1\" content=\"Tiempo de lectura\" \/>\n\t<meta name=\"twitter:data1\" content=\"12 minutos\" \/>\n<!-- \/ Yoast SEO plugin. -->","yoast_head_json":{"title":"Pol\u00edtica de privacidad - Marset","robots":{"index":"noindex","follow":"follow"},"og_locale":"es_ES","og_type":"article","og_title":"Pol\u00edtica de privacidad - Marset","og_description":"INFORMACI\u00d3N IDENTIFICATIVA DEL RESPONSABLE DE TRATAMIENTO Raz\u00f3n Social del Responsable: MARSET ILUMINACI\u00d3N, S.A. CIF: A08462681. Direcci\u00f3n: Carretera de Rub\u00ed, 284. Poblaci\u00f3n: Terrassa. C\u00f3digo Postal: 08228. Contacto Delegado de Protecci\u00f3n de Datos:&nbsp;dpd.rgpd@marset.com. INFORMACI\u00d3N GENERAL DE PRIVACIDAD ALCANCE La presente Pol\u00edtica de privacidad de MARSET ILUMINACI\u00d3N, S.A. regula la obtenci\u00f3n, utilizaci\u00f3n y otras formas de procesamiento de [&hellip;]","og_url":"https:\/\/www.marset.com\/es\/proteccion-de-datos\/","og_site_name":"Marset","article_modified_time":"2022-11-07T10:30:29+00:00","twitter_misc":{"Tiempo de lectura":"12 minutos"},"schema":{"@context":"https:\/\/schema.org","@graph":[{"@type":"WebPage","@id":"https:\/\/www.marset.com\/es\/proteccion-de-datos\/","url":"https:\/\/www.marset.com\/es\/proteccion-de-datos\/","name":"Pol\u00edtica de privacidad - Marset","isPartOf":{"@id":"https:\/\/www.marset.com\/es\/#website"},"datePublished":"2018-08-02T13:09:40+00:00","dateModified":"2022-11-07T10:30:29+00:00","breadcrumb":{"@id":"https:\/\/www.marset.com\/es\/proteccion-de-datos\/#breadcrumb"},"inLanguage":"es","potentialAction":[{"@type":"ReadAction","target":["https:\/\/www.marset.com\/es\/proteccion-de-datos\/"]}]},{"@type":"BreadcrumbList","@id":"https:\/\/www.marset.com\/es\/proteccion-de-datos\/#breadcrumb","itemListElement":[{"@type":"ListItem","position":1,"name":"Portada","item":"https:\/\/www.marset.com\/es\/"},{"@type":"ListItem","position":2,"name":"Pol\u00edtica de privacidad"}]},{"@type":"WebSite","@id":"https:\/\/www.marset.com\/es\/#website","url":"https:\/\/www.marset.com\/es\/","name":"Marset","description":"L\u00e1mparas e Iluminaci\u00f3n de Dise\u00f1o","potentialAction":[{"@type":"SearchAction","target":{"@type":"EntryPoint","urlTemplate":"https:\/\/www.marset.com\/es\/?s={search_term_string}"},"query-input":{"@type":"PropertyValueSpecification","valueRequired":true,"valueName":"search_term_string"}}],"inLanguage":"es"}]}},"_links":{"self":[{"href":"https:\/\/www.marset.com\/es\/wp-json\/wp\/v2\/pages\/42927","targetHints":{"allow":["GET"]}}],"collection":[{"href":"https:\/\/www.marset.com\/es\/wp-json\/wp\/v2\/pages"}],"about":[{"href":"https:\/\/www.marset.com\/es\/wp-json\/wp\/v2\/types\/page"}],"author":[{"embeddable":true,"href":"https:\/\/www.marset.com\/es\/wp-json\/wp\/v2\/users\/10634"}],"replies":[{"embeddable":true,"href":"https:\/\/www.marset.com\/es\/wp-json\/wp\/v2\/comments?post=42927"}],"version-history":[{"count":0,"href":"https:\/\/www.marset.com\/es\/wp-json\/wp\/v2\/pages\/42927\/revisions"}],"wp:attachment":[{"href":"https:\/\/www.marset.com\/es\/wp-json\/wp\/v2\/media?parent=42927"}],"curies":[{"name":"wp","href":"https:\/\/api.w.org\/{rel}","templated":true}]}}