{"id":31,"date":"2013-10-22T14:24:25","date_gmt":"2013-10-22T14:24:25","guid":{"rendered":"https:\/\/www.marset.com\/?page_id=31"},"modified":"2024-07-31T10:05:04","modified_gmt":"2024-07-31T08:05:04","slug":"nosotros","status":"publish","type":"page","link":"https:\/\/www.marset.com\/es\/nosotros\/","title":{"rendered":"Nosotros"},"content":{"rendered":"<p>Cuando se trata de Iluminar un espacio, la luz nos permite decidir qu\u00e9 desvelar y qu\u00e9 ocultar, un juego de contrastes que genera un efecto sorpresa.<\/p>\n<p>En cualquier escenario las l\u00e1mparas se convierten en objetos que ayudan a conectar con el lugar, traen consigo proporci\u00f3n y generan intimidad y calidez a su alrededor. Es as\u00ed como la luz nos ayuda a apropiarnos del lugar y a sentirnos c\u00f3modos en \u00e9l.<\/p>\n<p>Nuestra colecci\u00f3n propone dise\u00f1os con una iluminaci\u00f3n que no deslumbra, suave, que nos recoge y se integra en el espacio, ya sea interior o exterior. A trav\u00e9s del lenguaje de la luz, la colecci\u00f3n de Marset quiere aportar belleza, revelar texturas, resaltar espacios y hacerlos m\u00e1s vivibles.<\/p>\n<p class=\"big\">\n","protected":false},"excerpt":{"rendered":"<p>Cuando se trata de Iluminar un espacio, la luz nos permite decidir qu\u00e9 desvelar y qu\u00e9 ocultar, un juego de contrastes que genera un efecto sorpresa. En cualquier escenario las l\u00e1mparas se convierten en objetos que ayudan a conectar con el lugar, traen consigo proporci\u00f3n y generan intimidad y calidez a su alrededor. Es as\u00ed [&hellip;]<\/p>\n","protected":false},"author":10634,"featured_media":0,"parent":0,"menu_order":0,"comment_status":"closed","ping_status":"closed","template":"nosotros.php","meta":{"_acf_changed":false,"_relevanssi_hide_post":"","_relevanssi_hide_content":"","_relevanssi_pin_for_all":"","_relevanssi_pin_keywords":"","_relevanssi_unpin_keywords":"","_relevanssi_related_keywords":"","_relevanssi_related_include_ids":"","_relevanssi_related_exclude_ids":"","_relevanssi_related_no_append":"","_relevanssi_related_not_related":"","_relevanssi_related_posts":"","_relevanssi_noindex_reason":"","footnotes":""},"class_list":["post-31","page","type-page","status-publish","hentry"],"acf":[],"yoast_head":"<!-- This site is optimized with the Yoast SEO plugin v27.4 - https:\/\/yoast.com\/product\/yoast-seo-wordpress\/ -->\n<title>Nosotros - Marset<\/title>\n<meta name=\"description\" content=\"En Marset estamos convencidos de que hacemos algo m\u00e1s que l\u00e1mparas. Cuidamos la luz en sus distintos matices y efectos, para crear atm\u00f3sferas con car\u00e1cter, ayudando a mejorar la calidad de vida de las personas.\" \/>\n<meta name=\"robots\" content=\"noindex, follow\" \/>\n<meta property=\"og:locale\" content=\"es_ES\" \/>\n<meta property=\"og:type\" content=\"article\" \/>\n<meta property=\"og:title\" content=\"Nosotros - Marset\" \/>\n<meta property=\"og:description\" content=\"En Marset estamos convencidos de que hacemos algo m\u00e1s que l\u00e1mparas. Cuidamos la luz en sus distintos matices y efectos, para crear atm\u00f3sferas con car\u00e1cter, ayudando a mejorar la calidad de vida de las personas.\" \/>\n<meta property=\"og:url\" content=\"https:\/\/www.marset.com\/es\/nosotros\/\" \/>\n<meta property=\"og:site_name\" content=\"Marset\" \/>\n<meta property=\"article:modified_time\" content=\"2024-07-31T08:05:04+00:00\" \/>\n<meta name=\"twitter:label1\" content=\"Tiempo de lectura\" \/>\n\t<meta name=\"twitter:data1\" content=\"1 minuto\" \/>\n<!-- \/ Yoast SEO plugin. -->","yoast_head_json":{"title":"Nosotros - Marset","description":"En Marset estamos convencidos de que hacemos algo m\u00e1s que l\u00e1mparas. Cuidamos la luz en sus distintos matices y efectos, para crear atm\u00f3sferas con car\u00e1cter, ayudando a mejorar la calidad de vida de las personas.","robots":{"index":"noindex","follow":"follow"},"og_locale":"es_ES","og_type":"article","og_title":"Nosotros - Marset","og_description":"En Marset estamos convencidos de que hacemos algo m\u00e1s que l\u00e1mparas. Cuidamos la luz en sus distintos matices y efectos, para crear atm\u00f3sferas con car\u00e1cter, ayudando a mejorar la calidad de vida de las personas.","og_url":"https:\/\/www.marset.com\/es\/nosotros\/","og_site_name":"Marset","article_modified_time":"2024-07-31T08:05:04+00:00","twitter_misc":{"Tiempo de lectura":"1 minuto"},"schema":{"@context":"https:\/\/schema.org","@graph":[{"@type":"WebPage","@id":"https:\/\/www.marset.com\/es\/nosotros\/","url":"https:\/\/www.marset.com\/es\/nosotros\/","name":"Nosotros - Marset","isPartOf":{"@id":"https:\/\/www.marset.com\/es\/#website"},"datePublished":"2013-10-22T14:24:25+00:00","dateModified":"2024-07-31T08:05:04+00:00","description":"En Marset estamos convencidos de que hacemos algo m\u00e1s que l\u00e1mparas. Cuidamos la luz en sus distintos matices y efectos, para crear atm\u00f3sferas con car\u00e1cter, ayudando a mejorar la calidad de vida de las personas.","breadcrumb":{"@id":"https:\/\/www.marset.com\/es\/nosotros\/#breadcrumb"},"inLanguage":"es","potentialAction":[{"@type":"ReadAction","target":["https:\/\/www.marset.com\/es\/nosotros\/"]}]},{"@type":"BreadcrumbList","@id":"https:\/\/www.marset.com\/es\/nosotros\/#breadcrumb","itemListElement":[{"@type":"ListItem","position":1,"name":"Portada","item":"https:\/\/www.marset.com\/es\/"},{"@type":"ListItem","position":2,"name":"Nosotros"}]},{"@type":"WebSite","@id":"https:\/\/www.marset.com\/es\/#website","url":"https:\/\/www.marset.com\/es\/","name":"Marset","description":"L\u00e1mparas e Iluminaci\u00f3n de Dise\u00f1o","potentialAction":[{"@type":"SearchAction","target":{"@type":"EntryPoint","urlTemplate":"https:\/\/www.marset.com\/es\/?s={search_term_string}"},"query-input":{"@type":"PropertyValueSpecification","valueRequired":true,"valueName":"search_term_string"}}],"inLanguage":"es"}]}},"_links":{"self":[{"href":"https:\/\/www.marset.com\/es\/wp-json\/wp\/v2\/pages\/31","targetHints":{"allow":["GET"]}}],"collection":[{"href":"https:\/\/www.marset.com\/es\/wp-json\/wp\/v2\/pages"}],"about":[{"href":"https:\/\/www.marset.com\/es\/wp-json\/wp\/v2\/types\/page"}],"author":[{"embeddable":true,"href":"https:\/\/www.marset.com\/es\/wp-json\/wp\/v2\/users\/10634"}],"replies":[{"embeddable":true,"href":"https:\/\/www.marset.com\/es\/wp-json\/wp\/v2\/comments?post=31"}],"version-history":[{"count":0,"href":"https:\/\/www.marset.com\/es\/wp-json\/wp\/v2\/pages\/31\/revisions"}],"wp:attachment":[{"href":"https:\/\/www.marset.com\/es\/wp-json\/wp\/v2\/media?parent=31"}],"curies":[{"name":"wp","href":"https:\/\/api.w.org\/{rel}","templated":true}]}}