{"id":280154,"date":"2024-10-08T11:14:07","date_gmt":"2024-10-08T09:14:07","guid":{"rendered":"https:\/\/www.marset.com\/?page_id=280154"},"modified":"2026-03-25T14:02:29","modified_gmt":"2026-03-25T13:02:29","slug":"profesional","status":"publish","type":"page","link":"https:\/\/www.marset.com\/es\/profesional\/","title":{"rendered":"\u00c1rea profesional"},"content":{"rendered":"","protected":false},"excerpt":{"rendered":"","protected":false},"author":10634,"featured_media":0,"parent":0,"menu_order":0,"comment_status":"closed","ping_status":"closed","template":"contract.php","meta":{"_acf_changed":true,"_relevanssi_hide_post":"","_relevanssi_hide_content":"","_relevanssi_pin_for_all":"","_relevanssi_pin_keywords":"","_relevanssi_unpin_keywords":"","_relevanssi_related_keywords":"","_relevanssi_related_include_ids":"","_relevanssi_related_exclude_ids":"","_relevanssi_related_no_append":"","_relevanssi_related_not_related":"","_relevanssi_related_posts":"","_relevanssi_noindex_reason":"","footnotes":""},"class_list":["post-280154","page","type-page","status-publish","hentry"],"acf":[],"yoast_head":"<!-- This site is optimized with the Yoast SEO plugin v27.2 - https:\/\/yoast.com\/product\/yoast-seo-wordpress\/ -->\n<title>\u00c1rea profesional - Marset<\/title>\n<meta name=\"robots\" content=\"noindex, follow\" \/>\n<meta property=\"og:locale\" content=\"es_ES\" \/>\n<meta property=\"og:type\" content=\"article\" \/>\n<meta property=\"og:title\" content=\"\u00c1rea profesional - Marset\" \/>\n<meta property=\"og:url\" content=\"https:\/\/www.marset.com\/es\/profesional\/\" \/>\n<meta property=\"og:site_name\" content=\"Marset\" \/>\n<meta property=\"article:modified_time\" content=\"2026-03-25T13:02:29+00:00\" \/>\n<!-- \/ Yoast SEO plugin. -->","yoast_head_json":{"title":"\u00c1rea profesional - Marset","robots":{"index":"noindex","follow":"follow"},"og_locale":"es_ES","og_type":"article","og_title":"\u00c1rea profesional - Marset","og_url":"https:\/\/www.marset.com\/es\/profesional\/","og_site_name":"Marset","article_modified_time":"2026-03-25T13:02:29+00:00","schema":{"@context":"https:\/\/schema.org","@graph":[{"@type":"WebPage","@id":"https:\/\/www.marset.com\/es\/profesional\/","url":"https:\/\/www.marset.com\/es\/profesional\/","name":"\u00c1rea profesional - Marset","isPartOf":{"@id":"https:\/\/www.marset.com\/es\/#website"},"datePublished":"2024-10-08T09:14:07+00:00","dateModified":"2026-03-25T13:02:29+00:00","breadcrumb":{"@id":"https:\/\/www.marset.com\/es\/profesional\/#breadcrumb"},"inLanguage":"es","potentialAction":[{"@type":"ReadAction","target":["https:\/\/www.marset.com\/es\/profesional\/"]}]},{"@type":"BreadcrumbList","@id":"https:\/\/www.marset.com\/es\/profesional\/#breadcrumb","itemListElement":[{"@type":"ListItem","position":1,"name":"Portada","item":"https:\/\/www.marset.com\/es\/"},{"@type":"ListItem","position":2,"name":"\u00c1rea profesional"}]},{"@type":"WebSite","@id":"https:\/\/www.marset.com\/es\/#website","url":"https:\/\/www.marset.com\/es\/","name":"Marset","description":"L\u00e1mparas e Iluminaci\u00f3n de Dise\u00f1o","potentialAction":[{"@type":"SearchAction","target":{"@type":"EntryPoint","urlTemplate":"https:\/\/www.marset.com\/es\/?s={search_term_string}"},"query-input":{"@type":"PropertyValueSpecification","valueRequired":true,"valueName":"search_term_string"}}],"inLanguage":"es"}]}},"_links":{"self":[{"href":"https:\/\/www.marset.com\/es\/wp-json\/wp\/v2\/pages\/280154","targetHints":{"allow":["GET"]}}],"collection":[{"href":"https:\/\/www.marset.com\/es\/wp-json\/wp\/v2\/pages"}],"about":[{"href":"https:\/\/www.marset.com\/es\/wp-json\/wp\/v2\/types\/page"}],"author":[{"embeddable":true,"href":"https:\/\/www.marset.com\/es\/wp-json\/wp\/v2\/users\/10634"}],"replies":[{"embeddable":true,"href":"https:\/\/www.marset.com\/es\/wp-json\/wp\/v2\/comments?post=280154"}],"version-history":[{"count":0,"href":"https:\/\/www.marset.com\/es\/wp-json\/wp\/v2\/pages\/280154\/revisions"}],"wp:attachment":[{"href":"https:\/\/www.marset.com\/es\/wp-json\/wp\/v2\/media?parent=280154"}],"curies":[{"name":"wp","href":"https:\/\/api.w.org\/{rel}","templated":true}]}}