{"id":27199,"date":"2014-10-20T11:14:58","date_gmt":"2014-10-20T11:14:58","guid":{"rendered":"https:\/\/www.marset.com\/?page_id=27199"},"modified":"2018-07-18T19:36:50","modified_gmt":"2018-07-18T17:36:50","slug":"donde-comprar","status":"publish","type":"page","link":"https:\/\/www.marset.com\/es\/donde-comprar\/","title":{"rendered":"D\u00f3nde comprar"},"content":{"rendered":"","protected":false},"excerpt":{"rendered":"","protected":false},"author":10634,"featured_media":0,"parent":0,"menu_order":0,"comment_status":"closed","ping_status":"closed","template":"distribuidores.php","meta":{"_acf_changed":false,"_relevanssi_hide_post":"","_relevanssi_hide_content":"","_relevanssi_pin_for_all":"","_relevanssi_pin_keywords":"","_relevanssi_unpin_keywords":"","_relevanssi_related_keywords":"","_relevanssi_related_include_ids":"","_relevanssi_related_exclude_ids":"","_relevanssi_related_no_append":"","_relevanssi_related_not_related":"","_relevanssi_related_posts":"","_relevanssi_noindex_reason":"","footnotes":""},"class_list":["post-27199","page","type-page","status-publish","hentry"],"acf":[],"yoast_head":"<!-- This site is optimized with the Yoast SEO plugin v27.2 - https:\/\/yoast.com\/product\/yoast-seo-wordpress\/ -->\n<title>D\u00f3nde comprar - Marset<\/title>\n<meta name=\"description\" content=\"Encuentra nuestro distribuidor m\u00e1s cerca de ti. Iluminaci\u00f3n, l\u00e1mparas y dise\u00f1o.\" \/>\n<meta name=\"robots\" content=\"noindex, follow\" \/>\n<meta property=\"og:locale\" content=\"es_ES\" \/>\n<meta property=\"og:type\" content=\"article\" \/>\n<meta property=\"og:title\" content=\"D\u00f3nde comprar - Marset\" \/>\n<meta property=\"og:description\" content=\"Encuentra nuestro distribuidor m\u00e1s cerca de ti. Iluminaci\u00f3n, l\u00e1mparas y dise\u00f1o.\" \/>\n<meta property=\"og:url\" content=\"https:\/\/www.marset.com\/es\/donde-comprar\/\" \/>\n<meta property=\"og:site_name\" content=\"Marset\" \/>\n<meta property=\"article:modified_time\" content=\"2018-07-18T17:36:50+00:00\" \/>\n<!-- \/ Yoast SEO plugin. -->","yoast_head_json":{"title":"D\u00f3nde comprar - Marset","description":"Encuentra nuestro distribuidor m\u00e1s cerca de ti. Iluminaci\u00f3n, l\u00e1mparas y dise\u00f1o.","robots":{"index":"noindex","follow":"follow"},"og_locale":"es_ES","og_type":"article","og_title":"D\u00f3nde comprar - Marset","og_description":"Encuentra nuestro distribuidor m\u00e1s cerca de ti. Iluminaci\u00f3n, l\u00e1mparas y dise\u00f1o.","og_url":"https:\/\/www.marset.com\/es\/donde-comprar\/","og_site_name":"Marset","article_modified_time":"2018-07-18T17:36:50+00:00","schema":{"@context":"https:\/\/schema.org","@graph":[{"@type":"WebPage","@id":"https:\/\/www.marset.com\/es\/donde-comprar\/","url":"https:\/\/www.marset.com\/es\/donde-comprar\/","name":"D\u00f3nde comprar - Marset","isPartOf":{"@id":"https:\/\/www.marset.com\/es\/#website"},"datePublished":"2014-10-20T11:14:58+00:00","dateModified":"2018-07-18T17:36:50+00:00","description":"Encuentra nuestro distribuidor m\u00e1s cerca de ti. Iluminaci\u00f3n, l\u00e1mparas y dise\u00f1o.","breadcrumb":{"@id":"https:\/\/www.marset.com\/es\/donde-comprar\/#breadcrumb"},"inLanguage":"es","potentialAction":[{"@type":"ReadAction","target":["https:\/\/www.marset.com\/es\/donde-comprar\/"]}]},{"@type":"BreadcrumbList","@id":"https:\/\/www.marset.com\/es\/donde-comprar\/#breadcrumb","itemListElement":[{"@type":"ListItem","position":1,"name":"Portada","item":"https:\/\/www.marset.com\/es\/"},{"@type":"ListItem","position":2,"name":"D\u00f3nde comprar"}]},{"@type":"WebSite","@id":"https:\/\/www.marset.com\/es\/#website","url":"https:\/\/www.marset.com\/es\/","name":"Marset","description":"L\u00e1mparas e Iluminaci\u00f3n de Dise\u00f1o","potentialAction":[{"@type":"SearchAction","target":{"@type":"EntryPoint","urlTemplate":"https:\/\/www.marset.com\/es\/?s={search_term_string}"},"query-input":{"@type":"PropertyValueSpecification","valueRequired":true,"valueName":"search_term_string"}}],"inLanguage":"es"}]}},"_links":{"self":[{"href":"https:\/\/www.marset.com\/es\/wp-json\/wp\/v2\/pages\/27199","targetHints":{"allow":["GET"]}}],"collection":[{"href":"https:\/\/www.marset.com\/es\/wp-json\/wp\/v2\/pages"}],"about":[{"href":"https:\/\/www.marset.com\/es\/wp-json\/wp\/v2\/types\/page"}],"author":[{"embeddable":true,"href":"https:\/\/www.marset.com\/es\/wp-json\/wp\/v2\/users\/10634"}],"replies":[{"embeddable":true,"href":"https:\/\/www.marset.com\/es\/wp-json\/wp\/v2\/comments?post=27199"}],"version-history":[{"count":0,"href":"https:\/\/www.marset.com\/es\/wp-json\/wp\/v2\/pages\/27199\/revisions"}],"wp:attachment":[{"href":"https:\/\/www.marset.com\/es\/wp-json\/wp\/v2\/media?parent=27199"}],"curies":[{"name":"wp","href":"https:\/\/api.w.org\/{rel}","templated":true}]}}