{"id":215413,"date":"2023-10-24T11:45:29","date_gmt":"2023-10-24T09:45:29","guid":{"rendered":"https:\/\/www.marset.com\/?page_id=215413"},"modified":"2024-03-13T12:14:56","modified_gmt":"2024-03-13T11:14:56","slug":"calidad-y-medioambiente","status":"publish","type":"page","link":"https:\/\/www.marset.com\/es\/calidad-y-medioambiente\/","title":{"rendered":"Pol\u00edtica de calidad y medioambiente"},"content":{"rendered":"\n<div class=\"wp-block-columns is-layout-flex wp-container-core-columns-is-layout-9d6595d7 wp-block-columns-is-layout-flex\">\n<div class=\"wp-block-column is-layout-flow wp-block-column-is-layout-flow\" style=\"flex-basis:100%\">\n<div class=\"wp-block-columns is-layout-flex wp-container-core-columns-is-layout-9d6595d7 wp-block-columns-is-layout-flex\">\n<div class=\"wp-block-column is-layout-flow wp-block-column-is-layout-flow\" style=\"flex-basis:100%\">\n<div class=\"wp-block-columns is-layout-flex wp-container-core-columns-is-layout-9d6595d7 wp-block-columns-is-layout-flex\">\n<div class=\"wp-block-column is-layout-flow wp-block-column-is-layout-flow\" style=\"flex-basis:100%\">\n<div class=\"wp-block-columns is-layout-flex wp-container-core-columns-is-layout-9d6595d7 wp-block-columns-is-layout-flex\">\n<div class=\"wp-block-column is-layout-flow wp-block-column-is-layout-flow\" style=\"flex-basis:100%\">\n<p>Marset Iluminaci\u00f3n S.A. como respuesta a la exigencia del mercado en cuanto a innovaci\u00f3n en el dise\u00f1o, fiabilidad t\u00e9cnica y servicio, as\u00ed como el cumplimiento de las normas nacionales e internacionales asume los siguientes compromisos en la POLITICA DE CALIDAD y MEDIOAMBIENTE basado en la Normativa UNE EN ISO 9001 y UNE EN ISO 14001 de forma que establece las siguientes directrices:<\/p>\n\n\n\n<ul class=\"wp-block-list\">\n<li>Promover en todo momento la GESTI\u00d3N de la CALIDAD Y MEDIOMAMBIENTE&nbsp; como una tarea participativa en todos los estratos de la empresa y en todas sus actividades.<\/li>\n<\/ul>\n\n\n\n<ul class=\"wp-block-list\">\n<li>Buscar la MEJORA CONTINUA de todas sus operaciones con un enfoque totalmente orientado hacia la satisfacci\u00f3n del cliente, as\u00ed como contribuir a la reducci\u00f3n del impacto ambiental de la organizaci\u00f3n.<\/li>\n<\/ul>\n\n\n\n<ul class=\"wp-block-list\">\n<li>Reducir al m\u00ednimo los despilfarros en toda la CADENA DE VALOR, aplicando tanto acciones correctivas como medidas preventivas para evitar que vuelvan a suceder.<\/li>\n<\/ul>\n\n\n\n<ul class=\"wp-block-list\">\n<li>INFORMAR, PARTICIPAR y MOTIVAR al equipo humano de Marset iluminaci\u00f3n, como base imprescindible de la pol\u00edtica de calidad y medioambiente de la Empresa.<\/li>\n<\/ul>\n\n\n\n<ul class=\"wp-block-list\">\n<li>Cumplir con los requisitos de la legislaci\u00f3n y reglamentaci\u00f3n vigente que aplique.<\/li>\n<\/ul>\n\n\n\n<ul class=\"wp-block-list\">\n<li>Asegurar que todo el PERSONAL est\u00e9 totalmente FAMILIARIZADO con los OBJETIVOS y la POLITICA DE CALIDAD y MEDIOAMBIENTE a trav\u00e9s de actividades de preparaci\u00f3n y formaci\u00f3n a todos los niveles de la misma<\/li>\n<\/ul>\n\n\n\n<p>El alcance de aplicaci\u00f3n de este Sistema Integral de Gesti\u00f3n es llegar a todos los \u00e1mbitos de la empresa y constituir una referencia general para toda su actividad productiva, y en concreto:<\/p>\n\n\n\n<p><strong>DISE\u00d1O, COMERCIALIZACI\u00d3N Y MONTAJE DE LUMINARIAS<\/strong><\/p>\n\n\n\n<p>La Direcci\u00f3n de Marset Iluminaci\u00f3n S.A, asume el compromiso de facilitar los medios necesarios para llevar a buen t\u00e9rmino los objetivos de calidad fijados y se compromete a motivar por v\u00edas de di\u00e1logo a todas las partes interesadas involucradas en su actividad, tomando como pilar la COLABORACI\u00d3N hacia la MEJORA CONTINUA. Este compromiso incluye &nbsp;&nbsp;la protecci\u00f3n del medio ambiente, prevenci\u00f3n de agentes contaminantes y el uso sostenible de recursos.<\/p>\n\n\n\n<p>La Direcci\u00f3n delega la autoridad operativa del Sistema Integral de Gesti\u00f3n en su responsable, que contar\u00e1 con el respaldo necesario a trav\u00e9s de la asignaci\u00f3n de recursos, informaci\u00f3n y representaci\u00f3n de manera oportuna con el fin de efectuar la adecuada implementaci\u00f3n, seguimiento y mejora integral de las actividades operativas de Marset.<\/p>\n\n\n\n<p class=\"has-text-align-right\"><em>Direcci\u00f3n de Marset<\/em><\/p>\n\n\n\n<p class=\"has-text-align-right\"><em>&nbsp;&nbsp;&nbsp;&nbsp;&nbsp;&nbsp;&nbsp;&nbsp;&nbsp;&nbsp;&nbsp;&nbsp;&nbsp;&nbsp;&nbsp;&nbsp;&nbsp;&nbsp;&nbsp;&nbsp;&nbsp;&nbsp;&nbsp;&nbsp;&nbsp;&nbsp;&nbsp;&nbsp;&nbsp;&nbsp;&nbsp; &nbsp;&nbsp;&nbsp;&nbsp;&nbsp;&nbsp;&nbsp;&nbsp;&nbsp;&nbsp;&nbsp;&nbsp;&nbsp;&nbsp;&nbsp; <\/em><em>Fecha 04\/07\/2023<\/em><\/p>\n<\/div>\n<\/div>\n<\/div>\n<\/div>\n<\/div>\n<\/div>\n<\/div>\n<\/div>\n","protected":false},"excerpt":{"rendered":"<p>Marset Iluminaci\u00f3n S.A. como respuesta a la exigencia del mercado en cuanto a innovaci\u00f3n en el dise\u00f1o, fiabilidad t\u00e9cnica y servicio, as\u00ed como el cumplimiento de las normas nacionales e internacionales asume los siguientes compromisos en la POLITICA DE CALIDAD y MEDIOAMBIENTE basado en la Normativa UNE EN ISO 9001 y UNE EN ISO 14001 [&hellip;]<\/p>\n","protected":false},"author":63918,"featured_media":0,"parent":0,"menu_order":0,"comment_status":"closed","ping_status":"closed","template":"legal.php","meta":{"_acf_changed":false,"_relevanssi_hide_post":"","_relevanssi_hide_content":"","_relevanssi_pin_for_all":"","_relevanssi_pin_keywords":"","_relevanssi_unpin_keywords":"","_relevanssi_related_keywords":"","_relevanssi_related_include_ids":"","_relevanssi_related_exclude_ids":"","_relevanssi_related_no_append":"","_relevanssi_related_not_related":"","_relevanssi_related_posts":"","_relevanssi_noindex_reason":"","footnotes":""},"class_list":["post-215413","page","type-page","status-publish","hentry"],"acf":[],"yoast_head":"<!-- This site is optimized with the Yoast SEO plugin v27.4 - https:\/\/yoast.com\/product\/yoast-seo-wordpress\/ -->\n<title>Pol\u00edtica de calidad y medioambiente - Marset<\/title>\n<meta name=\"robots\" content=\"noindex, follow\" \/>\n<meta property=\"og:locale\" content=\"es_ES\" \/>\n<meta property=\"og:type\" content=\"article\" \/>\n<meta property=\"og:title\" content=\"Pol\u00edtica de calidad y medioambiente - Marset\" \/>\n<meta property=\"og:description\" content=\"Marset Iluminaci\u00f3n S.A. como respuesta a la exigencia del mercado en cuanto a innovaci\u00f3n en el dise\u00f1o, fiabilidad t\u00e9cnica y servicio, as\u00ed como el cumplimiento de las normas nacionales e internacionales asume los siguientes compromisos en la POLITICA DE CALIDAD y MEDIOAMBIENTE basado en la Normativa UNE EN ISO 9001 y UNE EN ISO 14001 [&hellip;]\" \/>\n<meta property=\"og:url\" content=\"https:\/\/www.marset.com\/es\/calidad-y-medioambiente\/\" \/>\n<meta property=\"og:site_name\" content=\"Marset\" \/>\n<meta property=\"article:modified_time\" content=\"2024-03-13T11:14:56+00:00\" \/>\n<meta name=\"twitter:label1\" content=\"Tiempo de lectura\" \/>\n\t<meta name=\"twitter:data1\" content=\"12 minutos\" \/>\n<!-- \/ Yoast SEO plugin. -->","yoast_head_json":{"title":"Pol\u00edtica de calidad y medioambiente - Marset","robots":{"index":"noindex","follow":"follow"},"og_locale":"es_ES","og_type":"article","og_title":"Pol\u00edtica de calidad y medioambiente - Marset","og_description":"Marset Iluminaci\u00f3n S.A. como respuesta a la exigencia del mercado en cuanto a innovaci\u00f3n en el dise\u00f1o, fiabilidad t\u00e9cnica y servicio, as\u00ed como el cumplimiento de las normas nacionales e internacionales asume los siguientes compromisos en la POLITICA DE CALIDAD y MEDIOAMBIENTE basado en la Normativa UNE EN ISO 9001 y UNE EN ISO 14001 [&hellip;]","og_url":"https:\/\/www.marset.com\/es\/calidad-y-medioambiente\/","og_site_name":"Marset","article_modified_time":"2024-03-13T11:14:56+00:00","twitter_misc":{"Tiempo de lectura":"12 minutos"},"schema":{"@context":"https:\/\/schema.org","@graph":[{"@type":"WebPage","@id":"https:\/\/www.marset.com\/es\/calidad-y-medioambiente\/","url":"https:\/\/www.marset.com\/es\/calidad-y-medioambiente\/","name":"Pol\u00edtica de calidad y medioambiente - Marset","isPartOf":{"@id":"https:\/\/www.marset.com\/es\/#website"},"datePublished":"2023-10-24T09:45:29+00:00","dateModified":"2024-03-13T11:14:56+00:00","breadcrumb":{"@id":"https:\/\/www.marset.com\/es\/calidad-y-medioambiente\/#breadcrumb"},"inLanguage":"es","potentialAction":[{"@type":"ReadAction","target":["https:\/\/www.marset.com\/es\/calidad-y-medioambiente\/"]}]},{"@type":"BreadcrumbList","@id":"https:\/\/www.marset.com\/es\/calidad-y-medioambiente\/#breadcrumb","itemListElement":[{"@type":"ListItem","position":1,"name":"Portada","item":"https:\/\/www.marset.com\/es\/"},{"@type":"ListItem","position":2,"name":"Pol\u00edtica de calidad y medioambiente"}]},{"@type":"WebSite","@id":"https:\/\/www.marset.com\/es\/#website","url":"https:\/\/www.marset.com\/es\/","name":"Marset","description":"L\u00e1mparas e Iluminaci\u00f3n de Dise\u00f1o","potentialAction":[{"@type":"SearchAction","target":{"@type":"EntryPoint","urlTemplate":"https:\/\/www.marset.com\/es\/?s={search_term_string}"},"query-input":{"@type":"PropertyValueSpecification","valueRequired":true,"valueName":"search_term_string"}}],"inLanguage":"es"}]}},"_links":{"self":[{"href":"https:\/\/www.marset.com\/es\/wp-json\/wp\/v2\/pages\/215413","targetHints":{"allow":["GET"]}}],"collection":[{"href":"https:\/\/www.marset.com\/es\/wp-json\/wp\/v2\/pages"}],"about":[{"href":"https:\/\/www.marset.com\/es\/wp-json\/wp\/v2\/types\/page"}],"author":[{"embeddable":true,"href":"https:\/\/www.marset.com\/es\/wp-json\/wp\/v2\/users\/63918"}],"replies":[{"embeddable":true,"href":"https:\/\/www.marset.com\/es\/wp-json\/wp\/v2\/comments?post=215413"}],"version-history":[{"count":0,"href":"https:\/\/www.marset.com\/es\/wp-json\/wp\/v2\/pages\/215413\/revisions"}],"wp:attachment":[{"href":"https:\/\/www.marset.com\/es\/wp-json\/wp\/v2\/media?parent=215413"}],"curies":[{"name":"wp","href":"https:\/\/api.w.org\/{rel}","templated":true}]}}