{"id":139089,"date":"2022-03-17T11:50:41","date_gmt":"2022-03-17T10:50:41","guid":{"rendered":"https:\/\/www.marset.com\/?page_id=139089"},"modified":"2022-04-26T18:33:44","modified_gmt":"2022-04-26T16:33:44","slug":"suscripcion","status":"publish","type":"page","link":"https:\/\/www.marset.com\/es\/suscripcion\/","title":{"rendered":"Confirmation &#8211; Formulario Suscripci\u00f3n ES"},"content":{"rendered":"","protected":false},"excerpt":{"rendered":"","protected":false},"author":10634,"featured_media":139158,"parent":0,"menu_order":0,"comment_status":"closed","ping_status":"closed","template":"templates\/subscribe.php","meta":{"_acf_changed":false,"_relevanssi_hide_post":"","_relevanssi_hide_content":"","_relevanssi_pin_for_all":"","_relevanssi_pin_keywords":"","_relevanssi_unpin_keywords":"","_relevanssi_related_keywords":"","_relevanssi_related_include_ids":"","_relevanssi_related_exclude_ids":"","_relevanssi_related_no_append":"","_relevanssi_related_not_related":"","_relevanssi_related_posts":"","_relevanssi_noindex_reason":"","footnotes":""},"class_list":["post-139089","page","type-page","status-publish","has-post-thumbnail","hentry"],"acf":[],"yoast_head":"<!-- This site is optimized with the Yoast SEO plugin v27.2 - https:\/\/yoast.com\/product\/yoast-seo-wordpress\/ -->\n<title>Ap\u00fantate a nuestra newsletter - Marset<\/title>\n<meta name=\"description\" content=\"Suscr\u00edbete a la newsletter de Marset y te acercaremos el dise\u00f1o y la buena luz para inspirarte cuando lo necesites.\" \/>\n<meta name=\"robots\" content=\"noindex, follow\" \/>\n<meta property=\"og:locale\" content=\"es_ES\" \/>\n<meta property=\"og:type\" content=\"article\" \/>\n<meta property=\"og:title\" content=\"Ap\u00fantate a nuestra newsletter - Marset\" \/>\n<meta property=\"og:description\" content=\"Suscr\u00edbete a la newsletter de Marset y te acercaremos el dise\u00f1o y la buena luz para inspirarte cuando lo necesites.\" \/>\n<meta property=\"og:url\" content=\"https:\/\/www.marset.com\/es\/suscripcion\/\" \/>\n<meta property=\"og:site_name\" content=\"Marset\" \/>\n<meta property=\"article:modified_time\" content=\"2022-04-26T16:33:44+00:00\" \/>\n<meta property=\"og:image\" content=\"https:\/\/www.marset.com\/wp-content\/uploads\/page\/confirmation-formulario-suscripcion-es\/subscribe-to-marset-newsletter-1-scaled.jpg\" \/>\n\t<meta property=\"og:image:width\" content=\"2560\" \/>\n\t<meta property=\"og:image:height\" content=\"1820\" \/>\n\t<meta property=\"og:image:type\" content=\"image\/jpeg\" \/>\n<!-- \/ Yoast SEO plugin. -->","yoast_head_json":{"title":"Ap\u00fantate a nuestra newsletter - Marset","description":"Suscr\u00edbete a la newsletter de Marset y te acercaremos el dise\u00f1o y la buena luz para inspirarte cuando lo necesites.","robots":{"index":"noindex","follow":"follow"},"og_locale":"es_ES","og_type":"article","og_title":"Ap\u00fantate a nuestra newsletter - Marset","og_description":"Suscr\u00edbete a la newsletter de Marset y te acercaremos el dise\u00f1o y la buena luz para inspirarte cuando lo necesites.","og_url":"https:\/\/www.marset.com\/es\/suscripcion\/","og_site_name":"Marset","article_modified_time":"2022-04-26T16:33:44+00:00","og_image":[{"width":2560,"height":1820,"url":"https:\/\/www.marset.com\/wp-content\/uploads\/page\/confirmation-formulario-suscripcion-es\/subscribe-to-marset-newsletter-1-scaled.jpg","type":"image\/jpeg"}],"schema":{"@context":"https:\/\/schema.org","@graph":[{"@type":"WebPage","@id":"https:\/\/www.marset.com\/es\/suscripcion\/","url":"https:\/\/www.marset.com\/es\/suscripcion\/","name":"Ap\u00fantate a nuestra newsletter - Marset","isPartOf":{"@id":"https:\/\/www.marset.com\/es\/#website"},"primaryImageOfPage":{"@id":"https:\/\/www.marset.com\/es\/suscripcion\/#primaryimage"},"image":{"@id":"https:\/\/www.marset.com\/es\/suscripcion\/#primaryimage"},"thumbnailUrl":"https:\/\/www.marset.com\/wp-content\/uploads\/page\/confirmation-formulario-suscripcion-es\/subscribe-to-marset-newsletter-1-scaled.jpg","datePublished":"2022-03-17T10:50:41+00:00","dateModified":"2022-04-26T16:33:44+00:00","description":"Suscr\u00edbete a la newsletter de Marset y te acercaremos el dise\u00f1o y la buena luz para inspirarte cuando lo necesites.","breadcrumb":{"@id":"https:\/\/www.marset.com\/es\/suscripcion\/#breadcrumb"},"inLanguage":"es","potentialAction":[{"@type":"ReadAction","target":["https:\/\/www.marset.com\/es\/suscripcion\/"]}]},{"@type":"ImageObject","inLanguage":"es","@id":"https:\/\/www.marset.com\/es\/suscripcion\/#primaryimage","url":"https:\/\/www.marset.com\/wp-content\/uploads\/page\/confirmation-formulario-suscripcion-es\/subscribe-to-marset-newsletter-1-scaled.jpg","contentUrl":"https:\/\/www.marset.com\/wp-content\/uploads\/page\/confirmation-formulario-suscripcion-es\/subscribe-to-marset-newsletter-1-scaled.jpg","width":2560,"height":1820},{"@type":"BreadcrumbList","@id":"https:\/\/www.marset.com\/es\/suscripcion\/#breadcrumb","itemListElement":[{"@type":"ListItem","position":1,"name":"Portada","item":"https:\/\/www.marset.com\/es\/"},{"@type":"ListItem","position":2,"name":"Confirmation &#8211; Formulario Suscripci\u00f3n ES"}]},{"@type":"WebSite","@id":"https:\/\/www.marset.com\/es\/#website","url":"https:\/\/www.marset.com\/es\/","name":"Marset","description":"L\u00e1mparas e Iluminaci\u00f3n de Dise\u00f1o","potentialAction":[{"@type":"SearchAction","target":{"@type":"EntryPoint","urlTemplate":"https:\/\/www.marset.com\/es\/?s={search_term_string}"},"query-input":{"@type":"PropertyValueSpecification","valueRequired":true,"valueName":"search_term_string"}}],"inLanguage":"es"}]}},"_links":{"self":[{"href":"https:\/\/www.marset.com\/es\/wp-json\/wp\/v2\/pages\/139089","targetHints":{"allow":["GET"]}}],"collection":[{"href":"https:\/\/www.marset.com\/es\/wp-json\/wp\/v2\/pages"}],"about":[{"href":"https:\/\/www.marset.com\/es\/wp-json\/wp\/v2\/types\/page"}],"author":[{"embeddable":true,"href":"https:\/\/www.marset.com\/es\/wp-json\/wp\/v2\/users\/10634"}],"replies":[{"embeddable":true,"href":"https:\/\/www.marset.com\/es\/wp-json\/wp\/v2\/comments?post=139089"}],"version-history":[{"count":0,"href":"https:\/\/www.marset.com\/es\/wp-json\/wp\/v2\/pages\/139089\/revisions"}],"wp:featuredmedia":[{"embeddable":true,"href":"https:\/\/www.marset.com\/es\/wp-json\/wp\/v2\/media\/139158"}],"wp:attachment":[{"href":"https:\/\/www.marset.com\/es\/wp-json\/wp\/v2\/media?parent=139089"}],"curies":[{"name":"wp","href":"https:\/\/api.w.org\/{rel}","templated":true}]}}