{"id":285339,"date":"2024-12-13T11:35:38","date_gmt":"2024-12-13T10:35:38","guid":{"rendered":"https:\/\/www.marset.com\/?page_id=285339"},"modified":"2025-04-09T11:49:49","modified_gmt":"2025-04-09T09:49:49","slug":"garantie","status":"publish","type":"page","link":"https:\/\/www.marset.com\/de\/garantie\/","title":{"rendered":"5-Jahres-Produktgarantie"},"content":{"rendered":"\n<div class=\"wp-block-file\"><a href=\"https:\/\/www.marset.com\/wp-content\/uploads\/MARSET_5-Jahres-Produktgarantie-1.pdf\" class=\"wp-block-file__button wp-element-button grey-button\" download>Herunterladen PDF<\/a><\/div>\n\n\n\n<p>Marset Iluminaci\u00f3n SA (\u201eMarset\u201c) garantiert, dass die von uns hergestellten Produkte frei von Herstellungs- und\/oder Materialfehlern sind, sofern sie entsprechend ihrer vorgesehenen Bestimmung oder Anwendung verwendet werden.<br>Marset garantiert unter den nachstehend aufgef\u00fchrten Bedingungen, dass das Produkt w\u00e4hrend der vereinbarten Garantiezeit von 5 Jahren frei von M\u00e4ngeln bleibt, wenn es ordnungsgem\u00e4\u00df genutzt und gewartet wird. Falls innerhalb dieses Zeitraums von 5 Jahren ein Mangel aufgrund fehlerhafter Materialien oder Verarbeitung auftritt, kann Marset das Produkt nach eigenem Ermessen entweder auf eigene Kosten reparieren oder durch ein gleiches Modell oder ein vergleichbares Nachfolgeprodukt ersetzen.<\/p>\n\n\n\n<p><strong>Garantiezeitraum<\/strong><\/p>\n\n\n\n<p>Marset verpflichtet sich, diese Garantie anzuwenden, solange sich das Produkt innerhalb des Garantiezeitraums befindet:<\/p>\n\n\n\n<ul class=\"wp-block-list\">\n<li>Die Dauer dieser Garantie betr\u00e4gt F\u00dcNF JAHRE.<\/li>\n\n\n\n<li>Der Garantiezeitraum beginnt mit dem Datum der Ausstellung der Verkaufsrechnung durch Marset.<\/li>\n\n\n\n<li>Dieser Zeitraum basiert auf einer maximalen Betriebsdauer von 4.400 Stunden\/Jahr. Die Reparatur oder der Austausch von Teilen verl\u00e4ngert die Garantie nicht.<\/li>\n<\/ul>\n\n\n\n<p>Die folgenden Garantiebedingungen gelten f\u00fcr alle gelieferten Produkte:<\/p>\n\n\n\n<ol class=\"wp-block-list\">\n<li>Die Garantie gilt nur, wenn die Produkte von qualifiziertem Fachpersonal installiert, montiert und gewartet wurden und den relevanten technischen Spezifikationen entsprechen, die auf den Produkten und f\u00fcr die vorgesehene Verwendung der Produkte angegeben sind (wie in technischen Datenbl\u00e4ttern, Installationsanleitungen und\/oder Produktetiketten beschrieben), die zum Zeitpunkt des Kaufs oder der Lieferung der Produkte bereitgestellt wurden, sowie den geltenden (lokalen) Gesetzen.<\/li>\n\n\n\n<li>Der Kunde hat das Produkt gem\u00e4\u00df den in den Verkaufsbedingungen vereinbarten Zahlungsbedingungen bezahlt.<\/li>\n\n\n\n<li>Die Stromversorgung muss stets innerhalb des auf dem Produkt angegebenen Spannungsbereichs liegen.<\/li>\n\n\n\n<li>Die gelieferten Produkte m\u00fcssen in einer geeigneten Umgebung in Bezug auf Temperatur (35\u00b0C bis -20\u00b0C f\u00fcr Au\u00dfenprodukte und 25\u00b0C bis 5\u00b0C f\u00fcr Innenprodukte), Luftfeuchtigkeit (nicht \u00fcber 60%) und ausreichende Bel\u00fcftung installiert werden und d\u00fcrfen weder chemischen Verunreinigungen noch externen Einfl\u00fcssen wie Kalk oder anderen sch\u00e4dlichen oder obstruktiven Produkten sowie korrosiven, sauren, fettigen und\/oder gasf\u00f6rmigen Umgebungen ausgesetzt sein, sofern in den technischen Daten nichts anderes angegeben ist.<\/li>\n\n\n\n<li>Die Garantie gilt nach der Erstinstallation der Produkte und ist nicht anwendbar bei nachtr\u00e4glichen (Neu-)Installationen des gleichen Produkts.<\/li>\n\n\n\n<li>Es wurden keine \u00c4nderungen oder Reparaturen an den Produkten vorgenommen (au\u00dfer mit vorheriger schriftlicher Genehmigung von Marset).<\/li>\n\n\n\n<li>Das Produkt darf keinen mechanischen Belastungen ausgesetzt werden, die mit seinem vorgesehenen Zweck unvereinbar sind, oder Spannungen durch Vibrationen, die auf Installationen in Schiffen oder industriellen oder besonderen Umgebungen zur\u00fcckzuf\u00fchren sind.<\/li>\n\n\n\n<li>F\u00fcr Produkte, die f\u00fcr den Au\u00dfenbereich bestimmt sind, gilt die Garantie nur, wenn:\n<ul class=\"wp-block-list\">\n<li>die Produkte mindestens eine Stunde pro Tag eingeschaltet waren.<\/li>\n\n\n\n<li>die Produkte nicht fr\u00fcher als 30 Minuten nach Sonnenuntergang eingeschaltet und nach Sonnenaufgang ausgeschaltet werden.<\/li>\n\n\n\n<li>die Produkte mindestens viertelj\u00e4hrlich ordnungsgem\u00e4\u00df mit sauberem Wasser und einem nicht scheuernden Tuch gereinigt wurden. Abh\u00e4ngig vom Installationsort und den jeweiligen Wetterbedingungen m\u00fcssen die Produkte m\u00f6glicherweise h\u00e4ufiger gereinigt werden.<\/li>\n\n\n\n<li>die Beschichtung eine hohe Qualit\u00e4t in Bezug auf Korrosions-, Abrieb- und Abplatzbest\u00e4ndigkeit gew\u00e4hrleistet. Diese Produkte sind durch die Garantie abgedeckt, sofern M\u00e4ngel, die ihre strukturelle\/mechanische\/<br>elektrische Sicherheit beeintr\u00e4chtigen, auf einen Herstellungsfehler zur\u00fcckzuf\u00fchren sind.<\/li>\n\n\n\n<li>die Produkte nicht in Saunen, Dampfb\u00e4dern oder \u00e4hnlichen Orten installiert und\/oder verwendet wurden.<\/li>\n<\/ul>\n<\/li>\n\n\n\n<li>Die 5-Jahres-Garantie gilt nur, wenn LED-Produkte mit den entsprechenden, bei Marset erworbenen Netzteilen installiert werden. Der Kunde muss die von Marset gelieferten LED-Leuchten und die entsprechenden Netzteile verwenden, um den ordnungsgem\u00e4\u00dfen Betrieb des Produkts zu gew\u00e4hrleisten.<\/li>\n<\/ol>\n\n\n\n<p><strong>Ausschl\u00fcsse von dieser Garantie<\/strong><\/p>\n\n\n\n<ol class=\"wp-block-list\">\n<li>Arbeitskosten f\u00fcr den Ausbau und Wiedereinbau des Produkts, die Fehlerbehebung und\/oder den Austausch von Transformatoren, Netzteilen, Steuerungen oder Komponenten des Produkts sind nicht durch diese Garantie abgedeckt (es sei denn, Marset best\u00e4tigt vorab schriftlich, dass die Arbeitskosten \u00fcbernommen werden).<\/li>\n\n\n\n<li>Alle Nebenkosten, die durch die Reparatur des Mangels entstehen (z. B. Montage- und Demontagekosten, Transport der fehlerhaften Produkte sowie der reparierten\/neuen Produkte, Entsorgung, Reise- und Verpflegungskosten, Hebevorrichtungen und Ger\u00fcste), gehen zu Lasten des Kunden.<\/li>\n\n\n\n<li>Verschlei\u00dfteile wie z.B. Leuchtmittel (ausgenommen LEDs), Batterien, mechanische Teile sowie Softwarefehler oder Viren.<\/li>\n\n\n\n<li>Die 5-Jahres-Garantie deckt keine Farbtemperatur\u00e4nderungen w\u00e4hrend der Lebensdauer der Lichtquelle ab.<\/li>\n\n\n\n<li>Fehler oder Defekte durch unsachgem\u00e4\u00dfe Verwendung, falsche oder illegale Installation.<\/li>\n\n\n\n<li>Sch\u00e4den durch Stromschwankungen.<\/li>\n\n\n\n<li>Sch\u00e4den durch h\u00f6here Gewalt, wie \u00dcberschwemmungen, Feuer, Kriegshandlungen, Vandalismus etc. Sch\u00e4den durch Feuer, \u00dcberschwemmungen, Wind, Blitzeinschl\u00e4ge, Erdbeben, Witterungseinfl\u00fcsse oder andere Naturereignisse sind ebenfalls ausgeschlossen.<\/li>\n\n\n\n<li>Sch\u00e4den am Oberfl\u00e4chenbild durch ungeeignete Reinigungsmittel.<\/li>\n\n\n\n<li>Produkte, deren anf\u00e4nglicher Lichtstrom innerhalb eines Bereichs von \u00b110 % des Nennwerts liegt.<\/li>\n\n\n\n<li>Produkte mit einer Lichtstromdegradation von weniger als 0,6 % pro 1.000 Stunden.<\/li>\n\n\n\n<li>Geringf\u00fcgige Abweichungen von der angegebenen Qualit\u00e4t, die den Wert und die Funktionalit\u00e4t des Produkts nicht beeintr\u00e4chtigen.<\/li>\n\n\n\n<li>Diese Garantie deckt keine Kratzer am Produkt ab, die w\u00e4hrend der Nutzung durch den Kunden entstehen, oder normalen Verschlei\u00df; ebenso wenig Sch\u00e4den durch unsachgem\u00e4\u00dfe Handhabung durch den Installateur w\u00e4hrend der Installation.<\/li>\n\n\n\n<li>Kleine, herstellungsbedingte Unregelm\u00e4\u00dfigkeiten (z. B. bei mundgeblasenem Glas, Produkten aus Rotationsformtechnologie oder gepresstem Holz) sind Teil der Produktnatur und somit nicht durch die Garantie abgedeckt.<\/li>\n\n\n\n<li>Der nat\u00fcrliche Alterungsprozess von Kunststoffteilen wie Polycarbonat, ABS, Polyethylen, Propylen und PMMA sowie die Oberfl\u00e4chen- oder Erscheinungs\u00e4nderung von Produkten durch nat\u00fcrliche Einfl\u00fcsse (Vergilbung oder Verf\u00e4rbung).<\/li>\n\n\n\n<li>M\u00e4ngel an Au\u00dfenprodukten, die die strukturelle oder mechanische Sicherheit des Produkts nicht beeintr\u00e4chtigen und nicht auf Herstellungsfehler zur\u00fcckzuf\u00fchren sind.<\/li>\n\n\n\n<li>Produkte, die weniger als 10 Meilen von der K\u00fcste entfernt installiert werden, sind extrem korrosiven Bedingungen ausgesetzt. Trotz ordnungsgem\u00e4\u00dfer Wartung verschlei\u00dfen Produkte in diesen Umgebungen schneller. Bestimmte Korrosionen und\/oder Verschlei\u00dferscheinungen gelten als \u201enormaler Verschlei\u00df\u201c in diesen Bedingungen und sind daher nicht von dieser Garantie abgedeckt.<\/li>\n<\/ol>\n\n\n\n<p>Diese Garantie ist die einzige Garantie, die Marset dem Kunden f\u00fcr das Produkt gew\u00e4hrt. Sie schlie\u00dft ausdr\u00fccklich andere Garantieanspr\u00fcche aus, die dem Kunden gesetzlich zustehen k\u00f6nnten, und der Kunde verzichtet im gr\u00f6\u00dftm\u00f6glichen gesetzlich zul\u00e4ssigen Umfang darauf.<\/p>\n\n\n\n<p>Der Kunde kann gegen\u00fcber Marset keine Anspr\u00fcche geltend machen, die sich aus fehlerhaften Produkten ergeben. Insbesondere \u00fcbernimmt Marset keine Kosten f\u00fcr die Lagerung defekter Produkte oder sonstige Aufwendungen.<\/p>\n\n\n\n<p>Marset beh\u00e4lt sich das Recht vor, diese Garantie jederzeit zu \u00e4ndern. \u00c4nderungen gelten f\u00fcr Produkte, die nach Inkrafttreten der \u00c4nderung in Rechnung gestellt werden.<\/p>\n\n\n\n<p>Die hier enthaltenen Bedingungen unterliegen dem spanischen Recht und sind gem\u00e4\u00df diesem auszulegen. Alle Streitigkeiten werden den zust\u00e4ndigen spanischen Gerichten in Barcelona vorgelegt.<\/p>\n\n\n\n<p>G\u00fcltigkeitsdatum: 01.01.2025<\/p>\n","protected":false},"excerpt":{"rendered":"<p>Herunterladen PDF Marset Iluminaci\u00f3n SA (\u201eMarset\u201c) garantiert, dass die von uns hergestellten Produkte frei von Herstellungs- und\/oder Materialfehlern sind, sofern sie entsprechend ihrer vorgesehenen Bestimmung oder Anwendung verwendet werden.Marset garantiert unter den nachstehend aufgef\u00fchrten Bedingungen, dass das Produkt w\u00e4hrend der vereinbarten Garantiezeit von 5 Jahren frei von M\u00e4ngeln bleibt, wenn es ordnungsgem\u00e4\u00df genutzt und gewartet [&hellip;]<\/p>\n","protected":false},"author":10634,"featured_media":0,"parent":0,"menu_order":0,"comment_status":"closed","ping_status":"closed","template":"page.php","meta":{"_acf_changed":false,"_relevanssi_hide_post":"","_relevanssi_hide_content":"","_relevanssi_pin_for_all":"","_relevanssi_pin_keywords":"","_relevanssi_unpin_keywords":"","_relevanssi_related_keywords":"","_relevanssi_related_include_ids":"","_relevanssi_related_exclude_ids":"","_relevanssi_related_no_append":"","_relevanssi_related_not_related":"","_relevanssi_related_posts":"","_relevanssi_noindex_reason":"","footnotes":""},"class_list":["post-285339","page","type-page","status-publish","hentry"],"acf":[],"yoast_head":"<!-- This site is optimized with the Yoast SEO plugin v27.4 - https:\/\/yoast.com\/product\/yoast-seo-wordpress\/ -->\n<title>5-Jahres-Produktgarantie - Marset<\/title>\n<meta name=\"robots\" content=\"noindex, follow\" \/>\n<meta property=\"og:locale\" content=\"de_DE\" \/>\n<meta property=\"og:type\" content=\"article\" \/>\n<meta property=\"og:title\" content=\"5-Jahres-Produktgarantie - Marset\" \/>\n<meta property=\"og:description\" content=\"Herunterladen PDF Marset Iluminaci\u00f3n SA (\u201eMarset\u201c) garantiert, dass die von uns hergestellten Produkte frei von Herstellungs- und\/oder Materialfehlern sind, sofern sie entsprechend ihrer vorgesehenen Bestimmung oder Anwendung verwendet werden.Marset garantiert unter den nachstehend aufgef\u00fchrten Bedingungen, dass das Produkt w\u00e4hrend der vereinbarten Garantiezeit von 5 Jahren frei von M\u00e4ngeln bleibt, wenn es ordnungsgem\u00e4\u00df genutzt und gewartet [&hellip;]\" \/>\n<meta property=\"og:url\" content=\"https:\/\/www.marset.com\/de\/garantie\/\" \/>\n<meta property=\"og:site_name\" content=\"Marset\" \/>\n<meta property=\"article:modified_time\" content=\"2025-04-09T09:49:49+00:00\" \/>\n<meta name=\"twitter:label1\" content=\"Gesch\u00e4tzte Lesezeit\" \/>\n\t<meta name=\"twitter:data1\" content=\"5\u00a0Minuten\" \/>\n<!-- \/ Yoast SEO plugin. -->","yoast_head_json":{"title":"5-Jahres-Produktgarantie - Marset","robots":{"index":"noindex","follow":"follow"},"og_locale":"de_DE","og_type":"article","og_title":"5-Jahres-Produktgarantie - Marset","og_description":"Herunterladen PDF Marset Iluminaci\u00f3n SA (\u201eMarset\u201c) garantiert, dass die von uns hergestellten Produkte frei von Herstellungs- und\/oder Materialfehlern sind, sofern sie entsprechend ihrer vorgesehenen Bestimmung oder Anwendung verwendet werden.Marset garantiert unter den nachstehend aufgef\u00fchrten Bedingungen, dass das Produkt w\u00e4hrend der vereinbarten Garantiezeit von 5 Jahren frei von M\u00e4ngeln bleibt, wenn es ordnungsgem\u00e4\u00df genutzt und gewartet [&hellip;]","og_url":"https:\/\/www.marset.com\/de\/garantie\/","og_site_name":"Marset","article_modified_time":"2025-04-09T09:49:49+00:00","twitter_misc":{"Gesch\u00e4tzte Lesezeit":"5\u00a0Minuten"},"schema":{"@context":"https:\/\/schema.org","@graph":[{"@type":"WebPage","@id":"https:\/\/www.marset.com\/de\/garantie\/","url":"https:\/\/www.marset.com\/de\/garantie\/","name":"5-Jahres-Produktgarantie - Marset","isPartOf":{"@id":"https:\/\/www.marset.com\/de\/#website"},"datePublished":"2024-12-13T10:35:38+00:00","dateModified":"2025-04-09T09:49:49+00:00","breadcrumb":{"@id":"https:\/\/www.marset.com\/de\/garantie\/#breadcrumb"},"inLanguage":"de","potentialAction":[{"@type":"ReadAction","target":["https:\/\/www.marset.com\/de\/garantie\/"]}]},{"@type":"BreadcrumbList","@id":"https:\/\/www.marset.com\/de\/garantie\/#breadcrumb","itemListElement":[{"@type":"ListItem","position":1,"name":"Portada","item":"https:\/\/www.marset.com\/de\/"},{"@type":"ListItem","position":2,"name":"5-Jahres-Produktgarantie"}]},{"@type":"WebSite","@id":"https:\/\/www.marset.com\/de\/#website","url":"https:\/\/www.marset.com\/de\/","name":"Marset","description":"Lamps and Lighting Designers","potentialAction":[{"@type":"SearchAction","target":{"@type":"EntryPoint","urlTemplate":"https:\/\/www.marset.com\/de\/?s={search_term_string}"},"query-input":{"@type":"PropertyValueSpecification","valueRequired":true,"valueName":"search_term_string"}}],"inLanguage":"de"}]}},"_links":{"self":[{"href":"https:\/\/www.marset.com\/de\/wp-json\/wp\/v2\/pages\/285339","targetHints":{"allow":["GET"]}}],"collection":[{"href":"https:\/\/www.marset.com\/de\/wp-json\/wp\/v2\/pages"}],"about":[{"href":"https:\/\/www.marset.com\/de\/wp-json\/wp\/v2\/types\/page"}],"author":[{"embeddable":true,"href":"https:\/\/www.marset.com\/de\/wp-json\/wp\/v2\/users\/10634"}],"replies":[{"embeddable":true,"href":"https:\/\/www.marset.com\/de\/wp-json\/wp\/v2\/comments?post=285339"}],"version-history":[{"count":0,"href":"https:\/\/www.marset.com\/de\/wp-json\/wp\/v2\/pages\/285339\/revisions"}],"wp:attachment":[{"href":"https:\/\/www.marset.com\/de\/wp-json\/wp\/v2\/media?parent=285339"}],"curies":[{"name":"wp","href":"https:\/\/api.w.org\/{rel}","templated":true}]}}