{"id":215415,"date":"2023-10-24T12:01:08","date_gmt":"2023-10-24T10:01:08","guid":{"rendered":"https:\/\/www.marset.com\/?page_id=215415"},"modified":"2024-02-23T11:16:03","modified_gmt":"2024-02-23T10:16:03","slug":"qualitats-umweltpolitik","status":"publish","type":"page","link":"https:\/\/www.marset.com\/de\/qualitats-umweltpolitik\/","title":{"rendered":"Qualit\u00e4ts- und Umweltpolitik"},"content":{"rendered":"<div class=\"flex-1 overflow-hidden\">\n<div class=\"react-scroll-to-bottom--css-atkac-79elbk h-full\">\n<div class=\"react-scroll-to-bottom--css-atkac-1n7m0yu\">\n<div class=\"flex flex-col pb-9 text-sm\">\n<div class=\"w-full text-token-text-primary\" data-testid=\"conversation-turn-5\">\n<div class=\"px-4 py-2 justify-center text-base md:gap-6 m-auto\">\n<div class=\"flex flex-1 text-base mx-auto gap-3 md:px-5 lg:px-1 xl:px-5 md:max-w-3xl lg:max-w-[40rem] xl:max-w-[48rem] group final-completion\">\n<div class=\"relative flex w-full flex-col agent-turn\">\n<div class=\"flex-col gap-1 md:gap-3\">\n<div class=\"flex flex-grow flex-col max-w-full\">\n<div class=\"min-h-[20px] text-message flex flex-col items-start gap-3 whitespace-pre-wrap break-words [.text-message+&amp;]:mt-5 overflow-x-auto\" data-message-author-role=\"assistant\" data-message-id=\"6bfb7566-3046-4c0b-b4f4-a6dbe983d6b0\">\n<div class=\"markdown prose w-full break-words dark:prose-invert light\">\n<p>Marset Illuminaci\u00f3n S.A. reagiert auf die Marktnachfrage in Bezug auf Innovation im Design, technische Zuverl\u00e4ssigkeit und Service sowie die Einhaltung nationaler und internationaler Standards und \u00fcbernimmt gem\u00e4\u00df den Bestimmungen der UNE EN ISO 9001 und UNE EN ISO 14001 in der QUALIT\u00c4TS- und UMWELTPOLITIK folgende Verpflichtungen, indem sie die folgenden Leitlinien festlegt:<\/p>\n<ul>\n<li>F\u00f6rdern Sie QUALIT\u00c4TS- UND UMWELTMANAGEMENT jederzeit als eine partizipative Aufgabe in allen Ebenen des Unternehmens und in allen seinen Aktivit\u00e4ten.<\/li>\n<li>Streben Sie eine KONTINUIERLICHE VERBESSERUNG aller Operationen an, die vollst\u00e4ndig auf die Kundenzufriedenheit ausgerichtet ist, und tragen Sie zur Reduzierung des Umweltbelastung des Unternehmens bei.<\/li>\n<li>Minimieren Sie den Abfall entlang der WERTKETTE, indem Sie sowohl Korrekturma\u00dfnahmen als auch pr\u00e4ventive Ma\u00dfnahmen anwenden, um ein erneutes Auftreten zu verhindern.<\/li>\n<li>INFORMIEREN, BETEILIGEN und MOTIVIEREN Sie das Team von Marset, als wesentliche Grundlagen der Qualit\u00e4ts- und Umweltpolitik des Unternehmens.<\/li>\n<li>Erf\u00fcllen Sie die Anforderungen der geltenden Gesetze und Vorschriften.<\/li>\n<li>Stellen Sie sicher, dass alle MITARBEITER vollst\u00e4ndig mit den ZIELEN und der QUALIT\u00c4TS- und UMWELTPOLITIK vertraut sind, indem Sie Schulungs- und Schulungsaktivit\u00e4ten auf allen Ebenen durchf\u00fchren.<\/li>\n<\/ul>\n<p>Der Anwendungsbereich dieses Integrierten Managementsystems erstreckt sich auf alle Bereiche des Unternehmens und bildet einen allgemeinen Referenzpunkt f\u00fcr alle seine produktiven Aktivit\u00e4ten und speziell f\u00fcr:<\/p>\n<p>ENTWURF, VERMARKTUNG UND MONTAGE VON BELEUCHTUNGSK\u00d6RPERN<\/p>\n<p>Die Gesch\u00e4ftsleitung von Marset Iluminaci\u00f3n S.A. \u00fcbernimmt die Verpflichtung, die erforderlichen Mittel bereitzustellen, um die festgelegten Qualit\u00e4tsziele erfolgreich zu erreichen, und verpflichtet sich, alle interessierten Parteien, die an ihrer T\u00e4tigkeit beteiligt sind, durch Dialog zu motivieren und die Zusammenarbeit zur kontinuierlichen Verbesserung zu f\u00f6rdern. Diese Verpflichtung umfasst den Umweltschutz, die Verhinderung von Schadstoffemissionen und die nachhaltige Nutzung von Ressourcen.<\/p>\n<p>Die Gesch\u00e4ftsleitung delegiert die operative Autorit\u00e4t des Integrierten Managementsystems an ihren Manager, der die notwendige Unterst\u00fctzung durch die Bereitstellung von Ressourcen, Informationen und Vertretung zeitnah erhalten wird, um die angemessene Umsetzung, \u00dcberwachung und umfassende Verbesserung der operativen Aktivit\u00e4ten von Marset durchzuf\u00fchren.<\/p>\n<p style=\"text-align: right;\">Gesch\u00e4ftsf\u00fchrung<\/p>\n<p style=\"text-align: right;\">Marset<\/p>\n<p style=\"text-align: right;\">Datum: 04\/07\/2023<\/p>\n<\/div>\n<\/div>\n<\/div>\n<\/div>\n<\/div>\n<\/div>\n<\/div>\n<\/div>\n<\/div>\n<\/div>\n<\/div>\n<\/div>\n<div class=\"w-full pt-2 md:pt-0 dark:border-white\/20 md:border-transparent md:dark:border-transparent md:w-[calc(100%-.5rem)]\">\n<form class=\"stretch mx-2 flex flex-row gap-3 last:mb-2 md:mx-4 md:last:mb-6 lg:mx-auto lg:max-w-2xl xl:max-w-3xl\">\n<div class=\"relative flex h-full flex-1 flex-col\">\n<div class=\"flex w-full items-center\"><\/div>\n<\/div>\n<\/form>\n<\/div>\n","protected":false},"excerpt":{"rendered":"<p>Marset Illuminaci\u00f3n S.A. reagiert auf die Marktnachfrage in Bezug auf Innovation im Design, technische Zuverl\u00e4ssigkeit und Service sowie die Einhaltung nationaler und internationaler Standards und \u00fcbernimmt gem\u00e4\u00df den Bestimmungen der UNE EN ISO 9001 und UNE EN ISO 14001 in der QUALIT\u00c4TS- und UMWELTPOLITIK folgende Verpflichtungen, indem sie die folgenden Leitlinien festlegt: F\u00f6rdern Sie QUALIT\u00c4TS- [&hellip;]<\/p>\n","protected":false},"author":63918,"featured_media":0,"parent":0,"menu_order":0,"comment_status":"closed","ping_status":"closed","template":"legal.php","meta":{"_acf_changed":false,"_relevanssi_hide_post":"","_relevanssi_hide_content":"","_relevanssi_pin_for_all":"","_relevanssi_pin_keywords":"","_relevanssi_unpin_keywords":"","_relevanssi_related_keywords":"","_relevanssi_related_include_ids":"","_relevanssi_related_exclude_ids":"","_relevanssi_related_no_append":"","_relevanssi_related_not_related":"","_relevanssi_related_posts":"","_relevanssi_noindex_reason":"","footnotes":""},"class_list":["post-215415","page","type-page","status-publish","hentry"],"acf":[],"yoast_head":"<!-- This site is optimized with the Yoast SEO plugin v27.2 - https:\/\/yoast.com\/product\/yoast-seo-wordpress\/ -->\n<title>Qualit\u00e4ts- und Umweltpolitik - Marset<\/title>\n<meta name=\"robots\" content=\"noindex, follow\" \/>\n<meta property=\"og:locale\" content=\"de_DE\" \/>\n<meta property=\"og:type\" content=\"article\" \/>\n<meta property=\"og:title\" content=\"Qualit\u00e4ts- und Umweltpolitik - Marset\" \/>\n<meta property=\"og:description\" content=\"Marset Illuminaci\u00f3n S.A. reagiert auf die Marktnachfrage in Bezug auf Innovation im Design, technische Zuverl\u00e4ssigkeit und Service sowie die Einhaltung nationaler und internationaler Standards und \u00fcbernimmt gem\u00e4\u00df den Bestimmungen der UNE EN ISO 9001 und UNE EN ISO 14001 in der QUALIT\u00c4TS- und UMWELTPOLITIK folgende Verpflichtungen, indem sie die folgenden Leitlinien festlegt: F\u00f6rdern Sie QUALIT\u00c4TS- [&hellip;]\" \/>\n<meta property=\"og:url\" content=\"https:\/\/www.marset.com\/de\/qualitats-umweltpolitik\/\" \/>\n<meta property=\"og:site_name\" content=\"Marset\" \/>\n<meta property=\"article:modified_time\" content=\"2024-02-23T10:16:03+00:00\" \/>\n<meta name=\"twitter:label1\" content=\"Gesch\u00e4tzte Lesezeit\" \/>\n\t<meta name=\"twitter:data1\" content=\"10\u00a0Minuten\" \/>\n<!-- \/ Yoast SEO plugin. -->","yoast_head_json":{"title":"Qualit\u00e4ts- und Umweltpolitik - Marset","robots":{"index":"noindex","follow":"follow"},"og_locale":"de_DE","og_type":"article","og_title":"Qualit\u00e4ts- und Umweltpolitik - Marset","og_description":"Marset Illuminaci\u00f3n S.A. reagiert auf die Marktnachfrage in Bezug auf Innovation im Design, technische Zuverl\u00e4ssigkeit und Service sowie die Einhaltung nationaler und internationaler Standards und \u00fcbernimmt gem\u00e4\u00df den Bestimmungen der UNE EN ISO 9001 und UNE EN ISO 14001 in der QUALIT\u00c4TS- und UMWELTPOLITIK folgende Verpflichtungen, indem sie die folgenden Leitlinien festlegt: F\u00f6rdern Sie QUALIT\u00c4TS- [&hellip;]","og_url":"https:\/\/www.marset.com\/de\/qualitats-umweltpolitik\/","og_site_name":"Marset","article_modified_time":"2024-02-23T10:16:03+00:00","twitter_misc":{"Gesch\u00e4tzte Lesezeit":"10\u00a0Minuten"},"schema":{"@context":"https:\/\/schema.org","@graph":[{"@type":"WebPage","@id":"https:\/\/www.marset.com\/de\/qualitats-umweltpolitik\/","url":"https:\/\/www.marset.com\/de\/qualitats-umweltpolitik\/","name":"Qualit\u00e4ts- und Umweltpolitik - Marset","isPartOf":{"@id":"https:\/\/www.marset.com\/de\/#website"},"datePublished":"2023-10-24T10:01:08+00:00","dateModified":"2024-02-23T10:16:03+00:00","breadcrumb":{"@id":"https:\/\/www.marset.com\/de\/qualitats-umweltpolitik\/#breadcrumb"},"inLanguage":"de","potentialAction":[{"@type":"ReadAction","target":["https:\/\/www.marset.com\/de\/qualitats-umweltpolitik\/"]}]},{"@type":"BreadcrumbList","@id":"https:\/\/www.marset.com\/de\/qualitats-umweltpolitik\/#breadcrumb","itemListElement":[{"@type":"ListItem","position":1,"name":"Portada","item":"https:\/\/www.marset.com\/de\/"},{"@type":"ListItem","position":2,"name":"Qualit\u00e4ts- und Umweltpolitik"}]},{"@type":"WebSite","@id":"https:\/\/www.marset.com\/de\/#website","url":"https:\/\/www.marset.com\/de\/","name":"Marset","description":"Lamps and Lighting Designers","potentialAction":[{"@type":"SearchAction","target":{"@type":"EntryPoint","urlTemplate":"https:\/\/www.marset.com\/de\/?s={search_term_string}"},"query-input":{"@type":"PropertyValueSpecification","valueRequired":true,"valueName":"search_term_string"}}],"inLanguage":"de"}]}},"_links":{"self":[{"href":"https:\/\/www.marset.com\/de\/wp-json\/wp\/v2\/pages\/215415","targetHints":{"allow":["GET"]}}],"collection":[{"href":"https:\/\/www.marset.com\/de\/wp-json\/wp\/v2\/pages"}],"about":[{"href":"https:\/\/www.marset.com\/de\/wp-json\/wp\/v2\/types\/page"}],"author":[{"embeddable":true,"href":"https:\/\/www.marset.com\/de\/wp-json\/wp\/v2\/users\/63918"}],"replies":[{"embeddable":true,"href":"https:\/\/www.marset.com\/de\/wp-json\/wp\/v2\/comments?post=215415"}],"version-history":[{"count":0,"href":"https:\/\/www.marset.com\/de\/wp-json\/wp\/v2\/pages\/215415\/revisions"}],"wp:attachment":[{"href":"https:\/\/www.marset.com\/de\/wp-json\/wp\/v2\/media?parent=215415"}],"curies":[{"name":"wp","href":"https:\/\/api.w.org\/{rel}","templated":true}]}}