{"id":112783,"date":"2013-10-22T14:24:25","date_gmt":"2013-10-22T14:24:25","guid":{"rendered":"https:\/\/www.marset.com\/about-us\/"},"modified":"2024-08-05T12:53:32","modified_gmt":"2024-08-05T10:53:32","slug":"wir","status":"publish","type":"page","link":"https:\/\/www.marset.com\/de\/wir\/","title":{"rendered":"Wir"},"content":{"rendered":"<p>Wenn es darum geht, einen Raum zu beleuchten, gibt uns Licht die Freiheit, zu entscheiden, was wir hervorheben und was wir verbergen wollen. Es erm\u00f6glicht uns, mit Kontrasten zu spielen und einen \u00dcberraschungseffekt zu erzeugen.<\/p>\n<p>In jeder Umgebung werden Leuchten zur Verbindung zwischen Mensch und Raum, w\u00e4hrend sie Proportionen schaffen und f\u00fcr Vertrautheit und W\u00e4rme sorgen. Auf diese Weise verhilft uns Licht dazu, einen Ort zu unserem zu machen, damit wir uns darin wohlf\u00fchlen.<\/p>\n<p>Die Modelle unserer Kollektion bieten eine sanfte Beleuchtung, ohne zu blenden. Ihr Licht ber\u00fchrt uns und integriert sich gleichzeitig in die Umgebung, ob drinnen oder drau\u00dfen. Die Kollektion von Marset spricht die Sprache des Lichtes, um Sch\u00f6nheit zu vermitteln, Strukturen zu enth\u00fcllen, R\u00e4ume in Szene zu setzen und sie so wohnlicher zu machen.<\/p>\n<p class=\"p1\">\n","protected":false},"excerpt":{"rendered":"<p>Wenn es darum geht, einen Raum zu beleuchten, gibt uns Licht die Freiheit, zu entscheiden, was wir hervorheben und was wir verbergen wollen. Es erm\u00f6glicht uns, mit Kontrasten zu spielen und einen \u00dcberraschungseffekt zu erzeugen. In jeder Umgebung werden Leuchten zur Verbindung zwischen Mensch und Raum, w\u00e4hrend sie Proportionen schaffen und f\u00fcr Vertrautheit und W\u00e4rme [&hellip;]<\/p>\n","protected":false},"author":10634,"featured_media":0,"parent":0,"menu_order":0,"comment_status":"closed","ping_status":"closed","template":"nosotros.php","meta":{"_acf_changed":false,"_relevanssi_hide_post":"","_relevanssi_hide_content":"","_relevanssi_pin_for_all":"","_relevanssi_pin_keywords":"","_relevanssi_unpin_keywords":"","_relevanssi_related_keywords":"","_relevanssi_related_include_ids":"","_relevanssi_related_exclude_ids":"","_relevanssi_related_no_append":"","_relevanssi_related_not_related":"","_relevanssi_related_posts":"","_relevanssi_noindex_reason":"","footnotes":""},"class_list":["post-112783","page","type-page","status-publish","hentry"],"acf":[],"yoast_head":"<!-- This site is optimized with the Yoast SEO plugin v27.2 - https:\/\/yoast.com\/product\/yoast-seo-wordpress\/ -->\n<title>Wir - Marset<\/title>\n<meta name=\"robots\" content=\"noindex, follow\" \/>\n<meta property=\"og:locale\" content=\"de_DE\" \/>\n<meta property=\"og:type\" content=\"article\" \/>\n<meta property=\"og:title\" content=\"Wir - Marset\" \/>\n<meta property=\"og:description\" content=\"Wenn es darum geht, einen Raum zu beleuchten, gibt uns Licht die Freiheit, zu entscheiden, was wir hervorheben und was wir verbergen wollen. Es erm\u00f6glicht uns, mit Kontrasten zu spielen und einen \u00dcberraschungseffekt zu erzeugen. In jeder Umgebung werden Leuchten zur Verbindung zwischen Mensch und Raum, w\u00e4hrend sie Proportionen schaffen und f\u00fcr Vertrautheit und W\u00e4rme [&hellip;]\" \/>\n<meta property=\"og:url\" content=\"https:\/\/www.marset.com\/de\/wir\/\" \/>\n<meta property=\"og:site_name\" content=\"Marset\" \/>\n<meta property=\"article:modified_time\" content=\"2024-08-05T10:53:32+00:00\" \/>\n<meta name=\"twitter:label1\" content=\"Gesch\u00e4tzte Lesezeit\" \/>\n\t<meta name=\"twitter:data1\" content=\"1\u00a0Minute\" \/>\n<!-- \/ Yoast SEO plugin. -->","yoast_head_json":{"title":"Wir - Marset","robots":{"index":"noindex","follow":"follow"},"og_locale":"de_DE","og_type":"article","og_title":"Wir - Marset","og_description":"Wenn es darum geht, einen Raum zu beleuchten, gibt uns Licht die Freiheit, zu entscheiden, was wir hervorheben und was wir verbergen wollen. Es erm\u00f6glicht uns, mit Kontrasten zu spielen und einen \u00dcberraschungseffekt zu erzeugen. In jeder Umgebung werden Leuchten zur Verbindung zwischen Mensch und Raum, w\u00e4hrend sie Proportionen schaffen und f\u00fcr Vertrautheit und W\u00e4rme [&hellip;]","og_url":"https:\/\/www.marset.com\/de\/wir\/","og_site_name":"Marset","article_modified_time":"2024-08-05T10:53:32+00:00","twitter_misc":{"Gesch\u00e4tzte Lesezeit":"1\u00a0Minute"},"schema":{"@context":"https:\/\/schema.org","@graph":[{"@type":"WebPage","@id":"https:\/\/www.marset.com\/de\/wir\/","url":"https:\/\/www.marset.com\/de\/wir\/","name":"Wir - Marset","isPartOf":{"@id":"https:\/\/www.marset.com\/de\/#website"},"datePublished":"2013-10-22T14:24:25+00:00","dateModified":"2024-08-05T10:53:32+00:00","breadcrumb":{"@id":"https:\/\/www.marset.com\/de\/wir\/#breadcrumb"},"inLanguage":"de","potentialAction":[{"@type":"ReadAction","target":["https:\/\/www.marset.com\/de\/wir\/"]}]},{"@type":"BreadcrumbList","@id":"https:\/\/www.marset.com\/de\/wir\/#breadcrumb","itemListElement":[{"@type":"ListItem","position":1,"name":"Portada","item":"https:\/\/www.marset.com\/de\/"},{"@type":"ListItem","position":2,"name":"Wir"}]},{"@type":"WebSite","@id":"https:\/\/www.marset.com\/de\/#website","url":"https:\/\/www.marset.com\/de\/","name":"Marset","description":"Lamps and Lighting Designers","potentialAction":[{"@type":"SearchAction","target":{"@type":"EntryPoint","urlTemplate":"https:\/\/www.marset.com\/de\/?s={search_term_string}"},"query-input":{"@type":"PropertyValueSpecification","valueRequired":true,"valueName":"search_term_string"}}],"inLanguage":"de"}]}},"_links":{"self":[{"href":"https:\/\/www.marset.com\/de\/wp-json\/wp\/v2\/pages\/112783","targetHints":{"allow":["GET"]}}],"collection":[{"href":"https:\/\/www.marset.com\/de\/wp-json\/wp\/v2\/pages"}],"about":[{"href":"https:\/\/www.marset.com\/de\/wp-json\/wp\/v2\/types\/page"}],"author":[{"embeddable":true,"href":"https:\/\/www.marset.com\/de\/wp-json\/wp\/v2\/users\/10634"}],"replies":[{"embeddable":true,"href":"https:\/\/www.marset.com\/de\/wp-json\/wp\/v2\/comments?post=112783"}],"version-history":[{"count":0,"href":"https:\/\/www.marset.com\/de\/wp-json\/wp\/v2\/pages\/112783\/revisions"}],"wp:attachment":[{"href":"https:\/\/www.marset.com\/de\/wp-json\/wp\/v2\/media?parent=112783"}],"curies":[{"name":"wp","href":"https:\/\/api.w.org\/{rel}","templated":true}]}}