{"id":112779,"date":"2017-02-08T17:50:14","date_gmt":"2017-02-08T16:50:14","guid":{"rendered":"https:\/\/www.marset.com\/home\/"},"modified":"2026-04-13T09:16:05","modified_gmt":"2026-04-13T07:16:05","slug":"portada-2-2","status":"publish","type":"page","link":"https:\/\/www.marset.com\/de\/","title":{"rendered":"PORTADA"},"content":{"rendered":"","protected":false},"excerpt":{"rendered":"","protected":false},"author":10634,"featured_media":0,"parent":0,"menu_order":0,"comment_status":"closed","ping_status":"closed","template":"homepage-v2.php","meta":{"_acf_changed":true,"_relevanssi_hide_post":"","_relevanssi_hide_content":"","_relevanssi_pin_for_all":"","_relevanssi_pin_keywords":"","_relevanssi_unpin_keywords":"","_relevanssi_related_keywords":"","_relevanssi_related_include_ids":"","_relevanssi_related_exclude_ids":"","_relevanssi_related_no_append":"","_relevanssi_related_not_related":"","_relevanssi_related_posts":"","_relevanssi_noindex_reason":"","footnotes":""},"class_list":["post-112779","page","type-page","status-publish","hentry"],"acf":[],"yoast_head":"<!-- This site is optimized with the Yoast SEO plugin v27.4 - https:\/\/yoast.com\/product\/yoast-seo-wordpress\/ -->\n<title>Marset Lighting - Wir k\u00fcmmern uns um das Licht<\/title>\n<meta name=\"description\" content=\"Wir machen mehr als Lampen, wir k\u00fcmmern uns um Licht in seinen verschiedenen Nuancen und Effekten, um Atmosph\u00e4ren mit Charakter zu schaffen. Entdecken Sie Marset Lampen.\" \/>\n<meta name=\"robots\" content=\"index, follow, max-snippet:-1, max-image-preview:large, max-video-preview:-1\" \/>\n<link rel=\"canonical\" href=\"https:\/\/www.marset.com\/de\/\" \/>\n<meta property=\"og:locale\" content=\"de_DE\" \/>\n<meta property=\"og:type\" content=\"article\" \/>\n<meta property=\"og:title\" content=\"Marset Lighting - Wir k\u00fcmmern uns um das Licht\" \/>\n<meta property=\"og:description\" content=\"Wir machen mehr als Lampen, wir k\u00fcmmern uns um Licht in seinen verschiedenen Nuancen und Effekten, um Atmosph\u00e4ren mit Charakter zu schaffen. Entdecken Sie Marset Lampen.\" \/>\n<meta property=\"og:url\" content=\"https:\/\/www.marset.com\/de\/\" \/>\n<meta property=\"og:site_name\" content=\"Marset\" \/>\n<meta property=\"article:modified_time\" content=\"2026-04-13T07:16:05+00:00\" \/>\n<!-- \/ Yoast SEO plugin. -->","yoast_head_json":{"title":"Marset Lighting - Wir k\u00fcmmern uns um das Licht","description":"Wir machen mehr als Lampen, wir k\u00fcmmern uns um Licht in seinen verschiedenen Nuancen und Effekten, um Atmosph\u00e4ren mit Charakter zu schaffen. Entdecken Sie Marset Lampen.","robots":{"index":"index","follow":"follow","max-snippet":"max-snippet:-1","max-image-preview":"max-image-preview:large","max-video-preview":"max-video-preview:-1"},"canonical":"https:\/\/www.marset.com\/de\/","og_locale":"de_DE","og_type":"article","og_title":"Marset Lighting - Wir k\u00fcmmern uns um das Licht","og_description":"Wir machen mehr als Lampen, wir k\u00fcmmern uns um Licht in seinen verschiedenen Nuancen und Effekten, um Atmosph\u00e4ren mit Charakter zu schaffen. Entdecken Sie Marset Lampen.","og_url":"https:\/\/www.marset.com\/de\/","og_site_name":"Marset","article_modified_time":"2026-04-13T07:16:05+00:00","schema":{"@context":"https:\/\/schema.org","@graph":[{"@type":"WebPage","@id":"https:\/\/www.marset.com\/de\/","url":"https:\/\/www.marset.com\/de\/","name":"Marset Lighting - Wir k\u00fcmmern uns um das Licht","isPartOf":{"@id":"https:\/\/www.marset.com\/de\/#website"},"datePublished":"2017-02-08T16:50:14+00:00","dateModified":"2026-04-13T07:16:05+00:00","description":"Wir machen mehr als Lampen, wir k\u00fcmmern uns um Licht in seinen verschiedenen Nuancen und Effekten, um Atmosph\u00e4ren mit Charakter zu schaffen. Entdecken Sie Marset Lampen.","breadcrumb":{"@id":"https:\/\/www.marset.com\/de\/#breadcrumb"},"inLanguage":"de","potentialAction":[{"@type":"ReadAction","target":["https:\/\/www.marset.com\/de\/"]}]},{"@type":"BreadcrumbList","@id":"https:\/\/www.marset.com\/de\/#breadcrumb","itemListElement":[{"@type":"ListItem","position":1,"name":"Portada","item":"https:\/\/www.marset.com\/de\/"},{"@type":"ListItem","position":2,"name":"PORTADA"}]},{"@type":"WebSite","@id":"https:\/\/www.marset.com\/de\/#website","url":"https:\/\/www.marset.com\/de\/","name":"Marset","description":"Lamps and Lighting Designers","potentialAction":[{"@type":"SearchAction","target":{"@type":"EntryPoint","urlTemplate":"https:\/\/www.marset.com\/de\/?s={search_term_string}"},"query-input":{"@type":"PropertyValueSpecification","valueRequired":true,"valueName":"search_term_string"}}],"inLanguage":"de"}]}},"_links":{"self":[{"href":"https:\/\/www.marset.com\/de\/wp-json\/wp\/v2\/pages\/112779","targetHints":{"allow":["GET"]}}],"collection":[{"href":"https:\/\/www.marset.com\/de\/wp-json\/wp\/v2\/pages"}],"about":[{"href":"https:\/\/www.marset.com\/de\/wp-json\/wp\/v2\/types\/page"}],"author":[{"embeddable":true,"href":"https:\/\/www.marset.com\/de\/wp-json\/wp\/v2\/users\/10634"}],"replies":[{"embeddable":true,"href":"https:\/\/www.marset.com\/de\/wp-json\/wp\/v2\/comments?post=112779"}],"version-history":[{"count":0,"href":"https:\/\/www.marset.com\/de\/wp-json\/wp\/v2\/pages\/112779\/revisions"}],"wp:attachment":[{"href":"https:\/\/www.marset.com\/de\/wp-json\/wp\/v2\/media?parent=112779"}],"curies":[{"name":"wp","href":"https:\/\/api.w.org\/{rel}","templated":true}]}}