{"id":112762,"date":"2018-08-02T15:04:09","date_gmt":"2018-08-02T13:04:09","guid":{"rendered":"https:\/\/www.marset.com\/aviso-legal\/"},"modified":"2025-12-03T10:10:03","modified_gmt":"2025-12-03T09:10:03","slug":"cookie-richtlinie","status":"publish","type":"page","link":"https:\/\/www.marset.com\/de\/cookie-richtlinie\/","title":{"rendered":"\u00a0Rechtlicher Hinweis"},"content":{"rendered":"\n<p><strong>MARSET ILUMINACI\u00d3N, S.A<\/strong>., Inhaber der CIF (Steueridentifikationsnummer) A08462681, fungiert als Eigent\u00fcmer, Betreiber und Content Manager dieser Website. Das Unternehmen informiert die Nutzer, dass es die geltenden Datenschutzbestimmungen einh\u00e4lt, insbesondere die Verordnung (EU) 2016\/679 des Europ\u00e4ischen Parlaments und des Rates vom 27. April 2016 zum Schutz nat\u00fcrlicher Personen bei der Verarbeitung personenbezogener Daten, zum freien Datenverkehr und zur Aufhebung der Richtlinie 95\/46\/EG (Datenschutz-Grundverordnung) sowie das Gesetz \u00fcber die Gesellschaft f\u00fcr Informationsdienste und elektronischen Gesch\u00e4ftsverkehr, Gesetz 34\/2002, vom 11. Juli.<\/p>\n\n\n\n<hr class=\"wp-block-separator\"\/>\n\n\n\n<p>Name oder Firmenname<br>MARSET ILUMINACI\u00d3N, S.A.<\/p>\n\n\n\n<p>CIF (Steueridentifikationsnummer)<br>A08462681<\/p>\n\n\n\n<p>Anschrift<br>Ctra. de Rub\u00ed 284<\/p>\n\n\n\n<p>Stadt<br>Terrassa<\/p>\n\n\n\n<p>Postleitzahl<br>08228<\/p>\n\n\n\n<hr class=\"wp-block-separator\"\/>\n\n\n\n<p><strong>KONZEPT DES NUTZERS<\/strong><\/p>\n\n\n\n<p>Durch die Nutzung der Webseite (einschlie\u00dflich des privaten Bereichs)erh\u00e4lt man die Eigenschaft des Nutzers und die Nutzung impliziert die vollst\u00e4ndige und uneingeschr\u00e4nkte Annahme aller Bestimmungen, die in dem vorliegenden rechtlichen Hinweis und in den Datenschutzbestimmungen in der von MARSET ILUMINACI\u00d3N, S.A. zum Zeitpunkt des Zugriffs auf die Webseite ver\u00f6ffentlichten Fassung enthalten sind. Folglich muss der Nutzer diese rechtlichen Hinweise und die Datenschutzbestimmungen jedes Mal, wenn er die Website nutzen m\u00f6chte, sorgf\u00e4ltig lesen, da sie ge\u00e4ndert werden k\u00f6nnen.<\/p>\n\n\n\n<p><strong>INFORMATIONEN \u00dcBER LINKS<\/strong><\/p>\n\n\n\n<p>MARSET ILUMINACI\u00d3N, S.A. ist nicht verantwortlich f\u00fcr die nicht zu MARSET ILUMINACI\u00d3N, S.A. geh\u00f6renden Webseiten, auf die \u00fcber Links zugegriffen werden kann, oder f\u00fcr Inhalte, die von Dritten zur Verf\u00fcgung gestellt werden. Jegliche Nutzung eines Links oder Zugriffs auf eine nicht zu MARSET ILUMINACI\u00d3N, S.A. geh\u00f6rende Webseite erfolgt auf den ausschlie\u00dflichen Willen und das Risiko des Nutzers und MARSET ILUMINACI\u00d3N, S.A. empfiehlt oder garantiert keine Informationen, die \u00fcber einen nicht zu MARSET ILUMINACI\u00d3N, S.A. geh\u00f6renden Link erhalten wurden, noch ist sie verantwortlich f\u00fcr Verluste, Anspr\u00fcche oder Sch\u00e4den, die sich aus der Nutzung oder dem Missbrauch eines Links oder der \u00fcber ihn erhaltenen Informationen ergeben, einschlie\u00dflich anderer Links oder Webseiten, der Unterbrechung des Dienstes oder des Zugangs oder des Versuchs, einen Link zu nutzen oder zu missbrauchen, sowohl bei der Verbindung mit der Webseite von MARSET ILUMINACI\u00d3N, S.A. als auch beim Zugriff auf die Informationen anderer Webseiten von der Webseite von MARSET ILUMINACI\u00d3N, S.A.<\/p>\n\n\n\n<p><strong>LINKS ODER VERKN\u00dcPFUNGEN VON ANDEREN EXTERNEN WEBSITEN<\/strong><\/p>\n\n\n\n<p>Es ist ausdr\u00fccklich verboten, Links von Seiten einzurichten, die \u00c4u\u00dferungen oder Propaganda rassistischer, fremdenfeindlicher, pornographischer, terroristischer, gegen die Menschenrechte gerichteter oder sonstiger rechtswidriger Natur enthalten oder gegen die \u00f6ffentliche Ordnung und Moral versto\u00dfen. In keinem Fall darf impliziert oder erkl\u00e4rt werden, dass MARSET ILUMINACI\u00d3N, S.A. den Inhalt der Seite, zu der der Link f\u00fchrt, in irgendeiner Weise beeinflusst, bef\u00fcrwortet, f\u00f6rdert, daran teilnimmt oder \u00fcberwacht, oder gar, dass sie der Aufnahme zustimmt, es sei denn mit ausdr\u00fccklicher Genehmigung.<\/p>\n\n\n\n<p><strong>DATENSCHUTZBESTIMMUNGEN<\/strong><\/p>\n\n\n\n<p>MARSET ILUMINACI\u00d3N, S.A., Inhaber der CIF (Steueridentifikationsnummer) A08462681, fungiert als Eigent\u00fcmer, Betreiber und Content Manager dieser Website. Das Unternehmen informiert die Nutzer, dass es die geltenden Datenschutzbestimmungen einh\u00e4lt, insbesondere die Verordnung (EU) 2016\/679 des Europ\u00e4ischen Parlaments und des Rates vom 27. April 2016 zum Schutz nat\u00fcrlicher Personen bei der Verarbeitung personenbezogener Daten, zum freien Datenverkehr und zur Aufhebung der Richtlinie 95\/46\/EG (Datenschutz-Grundverordnung) sowie das Gesetz \u00fcber die Gesellschaft f\u00fcr Informationsdienste und elektronischen Gesch\u00e4ftsverkehr, Gesetz 34\/2002, vom 11. Juli. Kraft dieser Regelung wird dar\u00fcber informiert, dass die vom Nutzer \u00fcber die Webformulare (einschlie\u00dflich des privaten Bereichs) zur Verf\u00fcgung gestellten Daten in eine ordnungsgem\u00e4\u00df laut DSGVO geregelte Datenbehandlung aufgenommen und behandelt werden, f\u00fcr welche MARSET ILUMINACI\u00d3N, S.A. verantwortlich ist, mit dem Ziel, die zwischen den Parteien hergestellte und durch die Regelung gesch\u00fctzte Beziehung zu pflegen, insbesondere in Bezug auf die Pr\u00e4vention von Arbeitsrisiken und andere damit verbundene Gesetze. Die Daten sind vertraulich und ihre Verwendung entspricht den jeweils gesetzlich festgelegten Zwecken. Wenn Sie es w\u00fcnschen, k\u00f6nnen Sie auf diese Daten zugreifen, sie berichtigen, l\u00f6schen und sich ihrer Verarbeitung widersetzen, indem Sie an Ctra. de Rub\u00ed 284, 08228 &#8211; Terrassa, Barcelona schreiben. Weitere Informationen zu unseren Datenschutzrichtlinien finden Sie unter folgendem Link: Datenschutzrichtlinien.<\/p>\n\n\n\n<p><strong>INFORMATIONEN \u00dcBER DIE VERWENDUNG VON COOKIES<\/strong><\/p>\n\n\n\n<p>Diese Website kann Cookies verwenden. Der Zweck dieser Cookies ist es, den Service f\u00fcr Ihre Kunden und unsere Besucher zu verbessern. Wenn Sie mehr \u00fcber die Verwendung von Cookies durch MARSET ILUMINACI\u00d3N, S.A. erfahren m\u00f6chten, gehen Sie zu unserer Cookie-Richtlinie.<\/p>\n\n\n\n<p><strong>HAFTUNGSAUSSCHLUSS UND HAFTUNGSBESCHR\u00c4NKUNG<\/strong><\/p>\n\n\n\n<p>MARSET ILUMINACI\u00d3N, S.A. teilt mit, dass sie zu jeder Zeit die entsprechenden Sicherheitsma\u00dfnahmen ergreift, um den Nutzern der Webseite angemessene, sichere und aktualisierte Informationen und Dienstleistungen zu pr\u00e4sentieren; dennoch beh\u00e4lt sie sich das Recht vor, jene Aspekte zu korrigieren, die eventuell und zuf\u00e4llig Unrichtigkeiten, Ungenauigkeiten oder Fehler aufweisen. MARSET ILUMINACI\u00d3N, S.A. hat die in der Website enthaltenen Informationen und Materialien aus Quellen bezogen, die als zuverl\u00e4ssig gelten. Obwohl die entsprechenden Ma\u00dfnahmen ergriffen wurden, um die Richtigkeit der enthaltenen Informationen zu gew\u00e4hrleisten, kann nicht garantiert werden, dass sie exakt oder aktuell sind. Es wird auch darauf hingewiesen, dass die Inhalte dieser Website zwei Zwecke haben, einen informativen Zweck in Bezug auf Qualit\u00e4t, Standort, Dienstleistungen und Preise und einen Zweck zum Verkauf von Dienstleistungen, wie in diesem rechtlichen Hinweis und anderen Rechtstexten dieser Website vorgesehen.<\/p>\n\n\n\n<p><strong>HINWEISE ZU TECHNISCHEN ASPEKTEN<\/strong><\/p>\n\n\n\n<p>MARSET ILUMINACI\u00d3N, S.A. lehnt jegliche Verantwortung im Falle von Unterbrechungen oder Fehlfunktionen der im Internet angebotenen Dienste oder Inhalte ab, unabh\u00e4ngig von deren Ursache. Ebenso ist MARSET ILUMINACI\u00d3N, S.A. nicht verantwortlich f\u00fcr Abst\u00fcrze des Netzwerks, Informationsverluste als Folge dieser Abst\u00fcrze, vor\u00fcbergehende Unterbrechungen des Stroms oder jede andere Art von indirekten Sch\u00e4den, die den Benutzern durch Ursachen au\u00dferhalb der Kontrolle von MARSET ILUMINACI\u00d3N, S.A. entstehen k\u00f6nnen. MARSET ILUMINACION S.A. erkl\u00e4rt und garantiert nicht, dass die Dienste oder Inhalte ununterbrochen oder fehlerfrei sind, dass die M\u00e4ngel behoben werden oder dass der Dienst oder der Server, der der Firma zur Verf\u00fcgung steht, frei von Viren oder anderen sch\u00e4dlichen Komponenten sind, unbeschadet der Tatsache, dass MARSET ILUMINACI\u00d3N, S.A. sein Bestes tut, um diese Art von Vorf\u00e4llen zu vermeiden. F\u00fcr den Fall, dass der Nutzer bestimmte Entscheidungen trifft oder bestimmte Handlungen auf der Grundlage der auf einer der Websites enthaltenen Informationen durchf\u00fchrt, wird empfohlen, die erhaltenen Informationen mit anderen Quellen zu \u00fcberpr\u00fcfen.<\/p>\n\n\n\n<p><strong>GEWERBLICHES UND GEISTIGES EIGENTUM<\/strong><\/p>\n\n\n\n<p>Die von MARSET ILUMINACI\u00d3N, S.A. zur Verf\u00fcgung gestellten Inhalte sowie die Inhalte, die \u00fcber ihre Webseiten in das Netz eingespeist werden, stellen ein Werk im Sinne der Gesetzgebung zum geistigen Eigentum dar und sind daher durch die einschl\u00e4gigen Gesetze und internationalen Konventionen gesch\u00fctzt. Jegliche Form der Vervielf\u00e4ltigung, Verbreitung, \u00f6ffentlichen Mitteilung, Umwandlung, Zurverf\u00fcgungstellung und allgemein jede andere Handlung der \u00f6ffentlichen Verwertung, die sich sowohl auf die Webseiten als auch auf deren Inhalte und Informationen bezieht, ist ohne die ausdr\u00fcckliche und vorherige schriftliche Zustimmung von MARSET ILUMINACI\u00d3N, S.A. verboten. Folglich unterliegen alle Inhalte, die auf den verschiedenen Websites gezeigt werden, insbesondere Designs, Texte, Grafiken, Logos, Icons, Schaltfl\u00e4chen, Software, Handelsnamen, Marken, Industriezeichnungen oder andere Zeichen, die f\u00fcr den industriellen und kommerziellen Gebrauch geeignet sind, den geistigen und gewerblichen Eigentumsrechten von MARSET ILUMINACI\u00d3N, S.A. oder von dritten Eigent\u00fcmern derselben, die ihre Aufnahme in die verschiedenen Websites ordnungsgem\u00e4\u00df genehmigt haben. Die Inhalte, Bilder, Formulare, Meinungen, Verzeichnisse und andere Formen, die Teil der Webseiten sind, sowie die Software, die f\u00fcr den Betrieb und die Visualisierung derselben notwendig ist, stellen ebenfalls ein Werk im Sinne des Urheberrechts dar und sind daher durch die anwendbaren internationalen Konventionen und nationalen Gesetzgebungen im Bereich des geistigen Eigentums gesch\u00fctzt. Die Nichteinhaltung des Vorstehenden bedeutet die Begehung schwerwiegender rechtswidriger Handlungen und deren zivil- und strafrechtliche Ahndung. Es ist untersagt, dass die Nutzer der Dienste oder Inhalte ohne vorherige schriftliche Genehmigung von MARSET ILUMINACI\u00d3N, S.A. die Inhalte, Bilder, Formulare, Verzeichnisse und andere Formen, die Teil der Webseiten sind, direkt oder indirekt, in ihrer Gesamtheit oder teilweise, kommerziell nutzen oder verwerten. Insbesondere und ohne ersch\u00f6pfenden Charakter sind die Handlungen der Vervielf\u00e4ltigung, des Vertriebs, der Ausstellung, der \u00dcbertragung, der Weitergabe, der Emission in jeglicher Form, der Speicherung auf physischen oder digitalen Medien (z.B. Disketten oder Festplatten von Computern), der Digitalisierung oder des Verf\u00fcgbarmachens von Datenbanken, die nicht zu den von MARSET ILUMINACI\u00d3N, S.A. autorisierten geh\u00f6ren, verboten, sowie die \u00dcbersetzung, Anpassung, Anordnung oder sonstige Umwandlung solcher Meinungen, Bilder, Formulare, Verzeichnisse und sonstiger Formen, die den Nutzern \u00fcber die Dienste oder Inhalte zur Verf\u00fcgung gestellt werden, sofern diese Handlungen der geltenden Gesetzgebung zum Schutz des geistigen, industriellen oder bildlichen Eigentums unterliegen. <\/p>\n\n\n\n<p>MARSET ILUMINACI\u00d3N, S.A. steht es frei, den Zugang zu den Webseiten und den darin angebotenen Produkten und\/oder Dienstleistungen zu beschr\u00e4nken, sowie die konsequente Ver\u00f6ffentlichung von Meinungen, Beobachtungen, Bildern oder Kommentaren, die die Benutzer ihr per elektronischer Post schicken k\u00f6nnen. In diesem Sinne kann MARSET ILUMINACI\u00d3N, S.A., wenn sie dies f\u00fcr angebracht h\u00e4lt, ohne die alleinige und ausschlie\u00dfliche Verantwortung der Benutzer zu besch\u00e4digen, die notwendigen Filter einrichten, um zu vermeiden, dass \u00fcber seine Webseiten Inhalte oder Meinungen in das Netz eingespeist werden, die als rassistisch, fremdenfeindlich, diskriminierend, pornografisch, verleumderisch angesehen werden oder die in irgendeiner Weise die Gewalt oder die Verbreitung von eindeutig illegalen oder sch\u00e4dlichen Inhalten f\u00f6rdern. F\u00fcr jene Benutzer, die per E-Mail Anregungen, Beobachtungen, Meinungen oder Kommentare an die Webseiten von MARSET ILUMINACI\u00d3N, S.A. senden, sofern sie nicht auf eine bestimmte und unmissverst\u00e4ndliche Weise das Gegenteil ausdr\u00fccken, in den F\u00e4llen, in denen dies durch die Art der Dienstleistungen oder Inhalte m\u00f6glich ist, wird davon ausgegangen, dass sie MARSET ILUMINACI\u00d3N, S.A. zur Vervielf\u00e4ltigung, Verbreitung, Ausstellung, \u00dcbertragung, Weiter\u00fcbertragung, Sendung in jeglichem Format, Speicherung auf physischen oder digitalen Medien (z.B. Disketten oder Festplatten von Computern), Digitalisierung, Zurverf\u00fcgungstellung aus Datenbanken, die MARSET ILUMINACI\u00d3N, S.A. geh\u00f6ren, \u00dcbersetzung, Anpassung, Anordnung oder jegliche andere Transformation solcher Beobachtungen, Meinungen oder Kommentare, f\u00fcr die gesamte gesetzlich vorgesehene Zeit des Urheberrechtsschutzes, erm\u00e4chtigen. Ebenso wird davon ausgegangen, dass diese Genehmigung kostenlos erteilt wird und dass die Nutzer durch die blo\u00dfe Tatsache des Versendens solcher Beobachtungen, Meinungen oder Kommentare per E-Mail jeden Verg\u00fctungsanspruch von MARSET ILUMINACI\u00d3N, S.A. ablehnen.<\/p>\n\n\n\n<p>In \u00dcbereinstimmung mit dem vorhergehenden Absatz ist MARSET ILUMINACI\u00d3N, S.A. auch berechtigt, diese Beobachtungen, Meinungen oder Kommentare anzupassen oder zu \u00e4ndern, um sie an die Bed\u00fcrfnisse des redaktionellen Formats der Webseiten anzupassen, ohne dass dies als irgendeine Art von Besch\u00e4digung der Urheberpers\u00f6nlichkeitsrechte verstanden werden kann, die die Nutzer \u00fcber sie besitzen k\u00f6nnten. Verboten sind alle technischen, digitalen oder technologischen Mittel, durch die ein Dritter direkt oder indirekt, mit oder ohne Gewinn, von allen und jedem der Inhalte, Formulare, Indizes und anderen Formen, die Teil der Webseiten sind, oder von den Bem\u00fchungen von MARSET ILUMINACI\u00d3N, S.A. f\u00fcr deren Betrieb profitieren kann. Insbesondere ist es untersagt, ohne vorherige, ausdr\u00fcckliche und schriftliche Zustimmung des KUNDEN Links, Frames oder \u00e4hnliche Verkn\u00fcpfungen zu den Webseiten von MARSET ILUMINACI\u00d3N, S.A. herzustellen. Jegliche \u00dcbertretung des in diesem Punkt Festgelegten wird als Verletzung der legitimen Rechte des geistigen Eigentums von MARSET ILUMINACI\u00d3N, S.A. an den Webseiten und allen Inhalten derselben betrachtet. <\/p>\n\n\n\n<p>MARSET ILUMINACI\u00d3N, S.A. \u00fcbernimmt keine Verantwortung f\u00fcr etwaige Folgen, die sich aus den oben genannten Verhaltensweisen und Handlungen ergeben, ebenso wenig wie f\u00fcr die Inhalte, Dienstleistungen, Produkte usw. Dritter, die direkt oder \u00fcber Banner, Links, Hyperlinks, Framing oder \u00e4hnliche Verkn\u00fcpfungen von den Webseiten von MARSET ILUMINACI\u00d3N, S.A. aus aufgerufen werden k\u00f6nnen. Jegliche technischen, digitalen oder technologischen Mittel, durch die ein Dritter direkt oder indirekt, mit oder ohne Gewinn, von jedem einzelnen der Inhalte, Formulare, Verzeichnisse und anderen Formen, die Teil der Webseiten sind, oder von dem Aufwand, der von MARSET ILUMINACI\u00d3N, S.A. f\u00fcr deren Betrieb betrieben wird, profitieren kann, sind verboten. Insbesondere ist es untersagt, ohne vorherige, ausdr\u00fcckliche und schriftliche Zustimmung von MARSET ILUMINACI\u00d3N, S.A. einen Link, Hyperlink, Framing oder \u00e4hnliche Verkn\u00fcpfungen zu den Webseiten von MARSET ILUMINACI\u00d3N, S.A. herzustellen. Jegliche \u00dcbertretung des in diesem Punkt Festgelegten wird als Verletzung der legitimen Rechte des geistigen Eigentums DES KUNDEN an den Webseiten und allen Inhalten derselben betrachtet. <\/p>\n\n\n\n<p>MARSET ILUMINACI\u00d3N, S.A. \u00fcbernimmt keine Verantwortung f\u00fcr Folgen, die sich aus den oben genannten Verhaltensweisen und Handlungen ergeben, ebenso wenig wie f\u00fcr die Inhalte, Dienstleistungen, Produkte usw. Dritter, die direkt oder \u00fcber Banner, Links, Frames oder \u00e4hnliche Verkn\u00fcpfungen von den Webseiten von MARSET ILUMINACI\u00d3N, S.A. aus aufgerufen werden k\u00f6nnen.<\/p>\n","protected":false},"excerpt":{"rendered":"<p>MARSET ILUMINACI\u00d3N, S.A., Inhaber der CIF (Steueridentifikationsnummer) A08462681, fungiert als Eigent\u00fcmer, Betreiber und Content Manager dieser Website. Das Unternehmen informiert die Nutzer, dass es die geltenden Datenschutzbestimmungen einh\u00e4lt, insbesondere die Verordnung (EU) 2016\/679 des Europ\u00e4ischen Parlaments und des Rates vom 27. April 2016 zum Schutz nat\u00fcrlicher Personen bei der Verarbeitung personenbezogener Daten, zum freien Datenverkehr [&hellip;]<\/p>\n","protected":false},"author":10634,"featured_media":0,"parent":0,"menu_order":0,"comment_status":"closed","ping_status":"closed","template":"page.php","meta":{"_acf_changed":false,"_relevanssi_hide_post":"","_relevanssi_hide_content":"","_relevanssi_pin_for_all":"","_relevanssi_pin_keywords":"","_relevanssi_unpin_keywords":"","_relevanssi_related_keywords":"","_relevanssi_related_include_ids":"","_relevanssi_related_exclude_ids":"","_relevanssi_related_no_append":"","_relevanssi_related_not_related":"","_relevanssi_related_posts":"","_relevanssi_noindex_reason":"","footnotes":""},"class_list":["post-112762","page","type-page","status-publish","hentry"],"acf":[],"yoast_head":"<!-- This site is optimized with the Yoast SEO plugin v27.4 - https:\/\/yoast.com\/product\/yoast-seo-wordpress\/ -->\n<title>\u00a0Rechtlicher Hinweis - Marset<\/title>\n<meta name=\"robots\" content=\"noindex, follow\" \/>\n<meta property=\"og:locale\" content=\"de_DE\" \/>\n<meta property=\"og:type\" content=\"article\" \/>\n<meta property=\"og:title\" content=\"\u00a0Rechtlicher Hinweis - Marset\" \/>\n<meta property=\"og:description\" content=\"MARSET ILUMINACI\u00d3N, S.A., Inhaber der CIF (Steueridentifikationsnummer) A08462681, fungiert als Eigent\u00fcmer, Betreiber und Content Manager dieser Website. Das Unternehmen informiert die Nutzer, dass es die geltenden Datenschutzbestimmungen einh\u00e4lt, insbesondere die Verordnung (EU) 2016\/679 des Europ\u00e4ischen Parlaments und des Rates vom 27. April 2016 zum Schutz nat\u00fcrlicher Personen bei der Verarbeitung personenbezogener Daten, zum freien Datenverkehr [&hellip;]\" \/>\n<meta property=\"og:url\" content=\"https:\/\/www.marset.com\/de\/cookie-richtlinie\/\" \/>\n<meta property=\"og:site_name\" content=\"Marset\" \/>\n<meta property=\"article:modified_time\" content=\"2025-12-03T09:10:03+00:00\" \/>\n<meta name=\"twitter:label1\" content=\"Gesch\u00e4tzte Lesezeit\" \/>\n\t<meta name=\"twitter:data1\" content=\"9\u00a0Minuten\" \/>\n<!-- \/ Yoast SEO plugin. -->","yoast_head_json":{"title":"\u00a0Rechtlicher Hinweis - Marset","robots":{"index":"noindex","follow":"follow"},"og_locale":"de_DE","og_type":"article","og_title":"\u00a0Rechtlicher Hinweis - Marset","og_description":"MARSET ILUMINACI\u00d3N, S.A., Inhaber der CIF (Steueridentifikationsnummer) A08462681, fungiert als Eigent\u00fcmer, Betreiber und Content Manager dieser Website. Das Unternehmen informiert die Nutzer, dass es die geltenden Datenschutzbestimmungen einh\u00e4lt, insbesondere die Verordnung (EU) 2016\/679 des Europ\u00e4ischen Parlaments und des Rates vom 27. April 2016 zum Schutz nat\u00fcrlicher Personen bei der Verarbeitung personenbezogener Daten, zum freien Datenverkehr [&hellip;]","og_url":"https:\/\/www.marset.com\/de\/cookie-richtlinie\/","og_site_name":"Marset","article_modified_time":"2025-12-03T09:10:03+00:00","twitter_misc":{"Gesch\u00e4tzte Lesezeit":"9\u00a0Minuten"},"schema":{"@context":"https:\/\/schema.org","@graph":[{"@type":"WebPage","@id":"https:\/\/www.marset.com\/de\/cookie-richtlinie\/","url":"https:\/\/www.marset.com\/de\/cookie-richtlinie\/","name":"\u00a0Rechtlicher Hinweis - Marset","isPartOf":{"@id":"https:\/\/www.marset.com\/de\/#website"},"datePublished":"2018-08-02T13:04:09+00:00","dateModified":"2025-12-03T09:10:03+00:00","breadcrumb":{"@id":"https:\/\/www.marset.com\/de\/cookie-richtlinie\/#breadcrumb"},"inLanguage":"de","potentialAction":[{"@type":"ReadAction","target":["https:\/\/www.marset.com\/de\/cookie-richtlinie\/"]}]},{"@type":"BreadcrumbList","@id":"https:\/\/www.marset.com\/de\/cookie-richtlinie\/#breadcrumb","itemListElement":[{"@type":"ListItem","position":1,"name":"Portada","item":"https:\/\/www.marset.com\/de\/"},{"@type":"ListItem","position":2,"name":"\u00a0Rechtlicher Hinweis"}]},{"@type":"WebSite","@id":"https:\/\/www.marset.com\/de\/#website","url":"https:\/\/www.marset.com\/de\/","name":"Marset","description":"Lamps and Lighting Designers","potentialAction":[{"@type":"SearchAction","target":{"@type":"EntryPoint","urlTemplate":"https:\/\/www.marset.com\/de\/?s={search_term_string}"},"query-input":{"@type":"PropertyValueSpecification","valueRequired":true,"valueName":"search_term_string"}}],"inLanguage":"de"}]}},"_links":{"self":[{"href":"https:\/\/www.marset.com\/de\/wp-json\/wp\/v2\/pages\/112762","targetHints":{"allow":["GET"]}}],"collection":[{"href":"https:\/\/www.marset.com\/de\/wp-json\/wp\/v2\/pages"}],"about":[{"href":"https:\/\/www.marset.com\/de\/wp-json\/wp\/v2\/types\/page"}],"author":[{"embeddable":true,"href":"https:\/\/www.marset.com\/de\/wp-json\/wp\/v2\/users\/10634"}],"replies":[{"embeddable":true,"href":"https:\/\/www.marset.com\/de\/wp-json\/wp\/v2\/comments?post=112762"}],"version-history":[{"count":0,"href":"https:\/\/www.marset.com\/de\/wp-json\/wp\/v2\/pages\/112762\/revisions"}],"wp:attachment":[{"href":"https:\/\/www.marset.com\/de\/wp-json\/wp\/v2\/media?parent=112762"}],"curies":[{"name":"wp","href":"https:\/\/api.w.org\/{rel}","templated":true}]}}