{"id":112756,"date":"2019-01-29T18:10:00","date_gmt":"2019-01-29T17:10:00","guid":{"rendered":"https:\/\/www.marset.com\/being-a-part-of-marset\/"},"modified":"2021-07-20T18:48:00","modified_gmt":"2021-07-20T16:48:00","slug":"being-a-part-of-marset","status":"publish","type":"page","link":"https:\/\/www.marset.com\/de\/wir\/arbeiten-sie-mit-uns\/being-a-part-of-marset\/","title":{"rendered":"Formular"},"content":{"rendered":"\n<div class=\"wpcf7 no-js\" id=\"wpcf7-f115056-o1\" lang=\"es-ES\" dir=\"ltr\" data-wpcf7-id=\"115056\">\n<div class=\"screen-reader-response\"><p role=\"status\" aria-live=\"polite\" aria-atomic=\"true\"><\/p> <ul><\/ul><\/div>\n<form action=\"\/de\/wp-json\/wp\/v2\/pages\/112756#wpcf7-f115056-o1\" method=\"post\" class=\"wpcf7-form init 8bc44e126058 cmatic-disconn cmatic-aud-9 cmatic-mapd0-0 cmatic-v0978 cmatic-sent-0 cmatic-total-0\" aria-label=\"Formulario de contacto\" enctype=\"multipart\/form-data\" novalidate=\"novalidate\" data-status=\"init\">\n<fieldset class=\"hidden-fields-container\"><input type=\"hidden\" name=\"_wpcf7\" value=\"115056\" \/><input type=\"hidden\" name=\"_wpcf7_version\" value=\"6.1.5\" \/><input type=\"hidden\" name=\"_wpcf7_locale\" value=\"es_ES\" \/><input type=\"hidden\" name=\"_wpcf7_unit_tag\" value=\"wpcf7-f115056-o1\" \/><input type=\"hidden\" name=\"_wpcf7_container_post\" value=\"0\" \/><input type=\"hidden\" name=\"_wpcf7_posted_data_hash\" value=\"\" \/><input type=\"hidden\" name=\"_wpcf7cf_hidden_group_fields\" value=\"[]\" \/><input type=\"hidden\" name=\"_wpcf7cf_hidden_groups\" value=\"[]\" \/><input type=\"hidden\" name=\"_wpcf7cf_visible_groups\" value=\"[]\" \/><input type=\"hidden\" name=\"_wpcf7cf_repeaters\" value=\"[]\" \/><input type=\"hidden\" name=\"_wpcf7cf_steps\" value=\"{}\" \/><input type=\"hidden\" name=\"_wpcf7cf_options\" value=\"{&quot;form_id&quot;:115056,&quot;conditions&quot;:[],&quot;settings&quot;:{&quot;animation&quot;:&quot;yes&quot;,&quot;animation_intime&quot;:200,&quot;animation_outtime&quot;:200,&quot;conditions_ui&quot;:&quot;normal&quot;,&quot;notice_dismissed&quot;:false,&quot;notice_dismissed_update-cf7-5.6&quot;:true,&quot;notice_dismissed_update-cf7-5.6.3&quot;:true,&quot;notice_dismissed_rollback-cf7-5.8&quot;:true,&quot;notice_dismissed_rollback-cf7-5.8.6&quot;:true,&quot;notice_dismissed_update-cf7-5.9.2&quot;:true,&quot;notice_dismissed_update-cf7-5.9.3&quot;:true,&quot;notice_dismissed_update-cf7-5.9.4&quot;:true,&quot;notice_dismissed_update-cf7-5.9.5&quot;:true,&quot;notice_dismissed_update-cf7-5.9.6&quot;:true,&quot;notice_dismissed_update-cf7-5.9.8&quot;:true,&quot;notice_dismissed_update-cf7-6.0&quot;:true,&quot;notice_dismissed_update-cf7-6.0.3&quot;:true,&quot;notice_dismissed_update-cf7-6.0.4&quot;:true,&quot;notice_dismissed_update-cf7-6.0.5&quot;:true,&quot;notice_dismissed_update-cf7-6.0.6&quot;:true,&quot;notice_dismissed_rollback-cf7-6.1.1&quot;:true,&quot;notice_dismissed_rollback-cf7-6.1.2&quot;:true}}\" \/><input type=\"hidden\" name=\"_wpcf7dtx_version\" value=\"5.0.5\" \/><input type=\"hidden\" name=\"_wpcf7_recaptcha_response\" value=\"\" \/>\n<\/fieldset>\n<p>Um sich zu registrieren, f\u00fcllen Sie bitte dieses Formular aus.\n<\/p>\n<p><label><span class=\"wpcf7-form-control-wrap\" data-name=\"your-name\"><input size=\"40\" maxlength=\"400\" class=\"wpcf7-form-control wpcf7-text wpcf7-validates-as-required\" autocomplete=\"off\" aria-required=\"true\" aria-invalid=\"false\" placeholder=\"Vorname*\" value=\"\" type=\"text\" name=\"your-name\" \/><\/span> <\/label><br \/>\n<label><span class=\"wpcf7-form-control-wrap\" data-name=\"your-email\"><input size=\"40\" maxlength=\"400\" class=\"wpcf7-form-control wpcf7-email wpcf7-validates-as-required wpcf7-text wpcf7-validates-as-email\" autocomplete=\"off\" aria-required=\"true\" aria-invalid=\"false\" placeholder=\"E-Mail-Adresse*\" value=\"\" type=\"email\" name=\"your-email\" \/><\/span> <\/label>\n<\/p>\n<p><label><span class=\"wpcf7-form-control-wrap\" data-name=\"textarea-mensaje\"><textarea cols=\"40\" rows=\"10\" maxlength=\"2000\" class=\"wpcf7-form-control wpcf7-textarea\" aria-invalid=\"false\" placeholder=\"M\u00f6chten Sie uns mehr \u00fcber sich erz\u00e4hlen?\" name=\"textarea-mensaje\"><\/textarea><\/span> <\/label>\n<\/p>\n<p><label> Lebenslauf (CV)<br \/>\n<span class=\"wpcf7-form-control-wrap\" data-name=\"file-cv\"><input size=\"40\" class=\"wpcf7-form-control wpcf7-file wpcf7-validates-as-required file-upload\" id=\"file-upload\" accept=\".pdf\" aria-required=\"true\" aria-invalid=\"false\" type=\"file\" name=\"file-cv\" \/><\/span><span id=\"filename\">CV (maximal 1MB, .pdf-Datei) *<\/span><\/label>\n<\/p>\n<p><label class=\"acceptance\"><span class=\"wpcf7-form-control-wrap\" data-name=\"checkbox-politica\"><span class=\"wpcf7-form-control wpcf7-checkbox wpcf7-validates-as-required wpcf7-exclusive-checkbox\"><span class=\"wpcf7-list-item first last\"><input type=\"checkbox\" name=\"checkbox-politica\" value=\"Ich akzeptiere die\" \/><span class=\"wpcf7-list-item-label\">Ich akzeptiere die<\/span><\/span><\/span><\/span> <a href=\"https:\/\/www.marset.com\/de\/datenschutzbestimmungen\/\" tagret=\"_blank\">Datenschutzbestimmungen*<\/a><\/label>\n<\/p>\n<p><input class=\"wpcf7-form-control wpcf7-submit has-spinner sumbit_formar_parte\" type=\"submit\" value=\"Senden\" \/>\n<\/p>\n<p><small>*Ihre Daten werden von MARSET ILUMINACI\u00d3N, S.A. verarbeitet, um sie in das Auswahlverfahren unseres Unternehmens aufzunehmen. Die bereitgestellten personenbezogenen Daten werden nur so lange gespeichert, als dass sie als aktuell gelten. Die rechtliche Grundlage f\u00fcr die Verarbeitung Ihrer personenbezogenen Daten besteht aus Ihrem Einverst\u00e4ndnis. Die Daten werden nicht an Dritte weitergegeben. Sie sind dazu berechtigt, Ihr Recht auf Auskunft, Berichtigung, L\u00f6schung, Einschr\u00e4nkung, \u00dcbertragbarkeit und Widerspruch auszu\u00fcben und ggf. Ihr Einverst\u00e4ndnis zu widerrufen. Au\u00dferdem haben Sie das Recht darauf, nicht einer ausschlie\u00dflich auf einer automatisierten Verarbeitung beruhenden Entscheidung unterworfen werden. Weitere Informationen: <a href=\"https:\/\/www.marset.com\/de\/datenschutzbestimmungen\/\" tagret=\"_blank\">datenschutzbestimmungen<\/a><\/small>.\n<\/p><div class=\"wpcf7-response-output\" aria-hidden=\"true\"><\/div>\n<\/form>\n<\/div>\n\n","protected":false},"excerpt":{"rendered":"","protected":false},"author":10634,"featured_media":0,"parent":112757,"menu_order":0,"comment_status":"closed","ping_status":"closed","template":"formar-parte.php","meta":{"_acf_changed":false,"_relevanssi_hide_post":"","_relevanssi_hide_content":"","_relevanssi_pin_for_all":"","_relevanssi_pin_keywords":"","_relevanssi_unpin_keywords":"","_relevanssi_related_keywords":"","_relevanssi_related_include_ids":"","_relevanssi_related_exclude_ids":"","_relevanssi_related_no_append":"","_relevanssi_related_not_related":"","_relevanssi_related_posts":"","_relevanssi_noindex_reason":"","footnotes":""},"class_list":["post-112756","page","type-page","status-publish","hentry"],"acf":[],"yoast_head":"<!-- This site is optimized with the Yoast SEO plugin v27.2 - https:\/\/yoast.com\/product\/yoast-seo-wordpress\/ -->\n<title>Formular - Marset<\/title>\n<meta name=\"robots\" content=\"noindex, follow\" \/>\n<meta property=\"og:locale\" content=\"de_DE\" \/>\n<meta property=\"og:type\" content=\"article\" \/>\n<meta property=\"og:title\" content=\"Formular - Marset\" \/>\n<meta property=\"og:url\" content=\"https:\/\/www.marset.com\/de\/wir\/arbeiten-sie-mit-uns\/being-a-part-of-marset\/\" \/>\n<meta property=\"og:site_name\" content=\"Marset\" \/>\n<meta property=\"article:modified_time\" content=\"2021-07-20T16:48:00+00:00\" \/>\n<meta name=\"twitter:label1\" content=\"Gesch\u00e4tzte Lesezeit\" \/>\n\t<meta name=\"twitter:data1\" content=\"1\u00a0Minute\" \/>\n<!-- \/ Yoast SEO plugin. -->","yoast_head_json":{"title":"Formular - Marset","robots":{"index":"noindex","follow":"follow"},"og_locale":"de_DE","og_type":"article","og_title":"Formular - Marset","og_url":"https:\/\/www.marset.com\/de\/wir\/arbeiten-sie-mit-uns\/being-a-part-of-marset\/","og_site_name":"Marset","article_modified_time":"2021-07-20T16:48:00+00:00","twitter_misc":{"Gesch\u00e4tzte Lesezeit":"1\u00a0Minute"},"schema":{"@context":"https:\/\/schema.org","@graph":[{"@type":"WebPage","@id":"https:\/\/www.marset.com\/de\/wir\/arbeiten-sie-mit-uns\/being-a-part-of-marset\/","url":"https:\/\/www.marset.com\/de\/wir\/arbeiten-sie-mit-uns\/being-a-part-of-marset\/","name":"Formular - Marset","isPartOf":{"@id":"https:\/\/www.marset.com\/de\/#website"},"datePublished":"2019-01-29T17:10:00+00:00","dateModified":"2021-07-20T16:48:00+00:00","breadcrumb":{"@id":"https:\/\/www.marset.com\/de\/wir\/arbeiten-sie-mit-uns\/being-a-part-of-marset\/#breadcrumb"},"inLanguage":"de","potentialAction":[{"@type":"ReadAction","target":["https:\/\/www.marset.com\/de\/wir\/arbeiten-sie-mit-uns\/being-a-part-of-marset\/"]}]},{"@type":"BreadcrumbList","@id":"https:\/\/www.marset.com\/de\/wir\/arbeiten-sie-mit-uns\/being-a-part-of-marset\/#breadcrumb","itemListElement":[{"@type":"ListItem","position":1,"name":"Portada","item":"https:\/\/www.marset.com\/de\/"},{"@type":"ListItem","position":2,"name":"Wir","item":"https:\/\/www.marset.com\/de\/wir\/"},{"@type":"ListItem","position":3,"name":"Arbeiten Sie mit uns","item":"https:\/\/www.marset.com\/de\/wir\/arbeiten-sie-mit-uns\/"},{"@type":"ListItem","position":4,"name":"Formular"}]},{"@type":"WebSite","@id":"https:\/\/www.marset.com\/de\/#website","url":"https:\/\/www.marset.com\/de\/","name":"Marset","description":"Lamps and Lighting Designers","potentialAction":[{"@type":"SearchAction","target":{"@type":"EntryPoint","urlTemplate":"https:\/\/www.marset.com\/de\/?s={search_term_string}"},"query-input":{"@type":"PropertyValueSpecification","valueRequired":true,"valueName":"search_term_string"}}],"inLanguage":"de"}]}},"_links":{"self":[{"href":"https:\/\/www.marset.com\/de\/wp-json\/wp\/v2\/pages\/112756","targetHints":{"allow":["GET"]}}],"collection":[{"href":"https:\/\/www.marset.com\/de\/wp-json\/wp\/v2\/pages"}],"about":[{"href":"https:\/\/www.marset.com\/de\/wp-json\/wp\/v2\/types\/page"}],"author":[{"embeddable":true,"href":"https:\/\/www.marset.com\/de\/wp-json\/wp\/v2\/users\/10634"}],"replies":[{"embeddable":true,"href":"https:\/\/www.marset.com\/de\/wp-json\/wp\/v2\/comments?post=112756"}],"version-history":[{"count":0,"href":"https:\/\/www.marset.com\/de\/wp-json\/wp\/v2\/pages\/112756\/revisions"}],"up":[{"embeddable":true,"href":"https:\/\/www.marset.com\/de\/wp-json\/wp\/v2\/pages\/112757"}],"wp:attachment":[{"href":"https:\/\/www.marset.com\/de\/wp-json\/wp\/v2\/media?parent=112756"}],"curies":[{"name":"wp","href":"https:\/\/api.w.org\/{rel}","templated":true}]}}